{"id":10,"date":"2022-09-02T00:00:00","date_gmt":"2022-09-02T03:00:00","guid":{"rendered":"http:\/\/192.168.1.8\/mg\/evr\/dynamic\/?page_id=10"},"modified":"2022-09-02T14:28:48","modified_gmt":"2022-09-02T17:28:48","slug":"bem-vindos","status":"publish","type":"page","link":"https:\/\/eventos.abcm.org.br\/cobef2021\/bem-vindos\/","title":{"rendered":"Bem vindos"},"content":{"rendered":"<p>O Congresso Brasileiro de Engenharia de Fabrica\u00e7\u00e3o (COBEF) \u00e9 um evento promovido pela Associa\u00e7\u00e3o Brasileira de Engenharia e Ci\u00eancias Mec\u00e2nicas (ABCM). O COBEF \u00e9 um congresso bienal e em 2021, entre os dias 24 a 26 de maio, estar\u00e1 na sua d\u00e9cima primeira edi\u00e7\u00e3o.<\/p>\n<p>Tradicionalmente, o COBEF \u00e9 realizado em sess\u00f5es presenciais, organizadas na forma de apresenta\u00e7\u00f5es orais, p\u00f4steres, debates e visitas t\u00e9cnicas. Nessas sess\u00f5es s\u00e3o apresentados trabalhos que contemplam <a href=\"https:\/\/eventos.abcm.org.br\/cobef2021\/areas-tematicas\/\">diversos temas<\/a> pertinentes aos processos de fabrica\u00e7\u00e3o mec\u00e2nica<br \/>\ne suas \u00e1reas afins. Desde sua primeira edi\u00e7\u00e3o realizada em Curitiba, no ano de 2001, o COBEF tem contado com a participa\u00e7\u00e3o de v\u00e1rios pesquisadores oriundos de universidades e centros de pesquisa nacionais e estrangeiros, bem como de profissionais da ind\u00fastria nacional.<\/p>\n<p>Entretanto, devido \u00e0 pandemia provocada pelo v\u00edrus Sar-CoV-2, nesta sua 11\u00aa edi\u00e7\u00e3o, o COBEF ser\u00e1 realizado, pela primeira vez, de forma totalmente remota, por meio de sess\u00f5es virtuais. Embora seja uma novidade para todos, a <a href=\"https:\/\/eventos.abcm.org.br\/cobef2021\/sobre\/comite-organizacional\/\">Comiss\u00e3o Organizadora<\/a> acredita que esse novo formato de realiza\u00e7\u00e3o \u00e9, de longe, o melhor modo de se realizar com toda a seguran\u00e7a poss\u00edvel este evento, que se constitui no mais importante Congresso da \u00c1rea de Fabrica\u00e7\u00e3o no Brasil, na atual conjuntura da pandemia, buscando-se garantir a qualidade e a import\u00e2ncia que este Congresso tem consolidado ao longo de todas as suas <a href=\"https:\/\/eventos.abcm.org.br\/cobef2021\/historico\/\">edi\u00e7\u00f5es<\/a>.<\/p>\n<p>Neste evento, o COBEF presta uma justa homenagem ao Dr. Wisley Falco Sales, Professor da Universidade Federal de Uberl\u00e2ndia que, infelizmente, nos deixou nesse ano de 2020. Al\u00e9m de dedicarmos uma <a href=\"https:\/\/eventos.abcm.org.br\/cobef2021\/prof-wisley\/\">p\u00e1gina<\/a> deste website \u00e0 mem\u00f3ria do Professor Wisley, a Comiss\u00e3o<br \/>\nOrganizadora ir\u00e1 conceder aos tr\u00eas melhores trabalhos apresentados o <a href=\"https:\/\/eventos.abcm.org.br\/cobef2021\/premiacao\/\">Pr\u00eamio<\/a> Wisley Falco Sales.<\/p>\n<p>Desta feita, a cidade de Curitiba ser\u00e1 a sede virtual desta 11\u00aa edi\u00e7\u00e3o e o Congresso ser\u00e1 organizado pelos Departamentos de Engenharia Mec\u00e2nica da Universidade Federal do Paran\u00e1 (UFPR), da Universidade Tecnol\u00f3gica Federal do Paran\u00e1 (UTFPR) e da Pontif\u00edcia Universidade Cat\u00f3lica do Paran\u00e1 (PUCPR).<\/p>\n<p>Apesar de n\u00e3o ser poss\u00edvel recepcion\u00e1-los e abra\u00e7\u00e1-los pessoalmente, tal como fizemos na primeira edi\u00e7\u00e3o deste Congresso, a Comiss\u00e3o Organizadora do 11 o COBEF deseja a todos os participantes um excelente, rico em conhecimentos e proveitoso evento, enviando um caloroso abra\u00e7o virtual a todos os participantes.<\/p>\n","protected":false},"excerpt":{"rendered":"<p>O Congresso Brasileiro de Engenharia de Fabrica\u00e7\u00e3o (COBEF) \u00e9 um evento promovido pela Associa\u00e7\u00e3o Brasileira de Engenharia e Ci\u00eancias Mec\u00e2nicas (ABCM). O COBEF \u00e9 um congresso bienal e em 2021, entre os dias 24 a 26 de maio, estar\u00e1 na sua d\u00e9cima primeira edi\u00e7\u00e3o. Tradicionalmente, o COBEF \u00e9 realizado em sess\u00f5es presenciais, organizadas na forma [&hellip;]<\/p>\n","protected":false},"author":1,"featured_media":0,"parent":0,"menu_order":0,"comment_status":"closed","ping_status":"closed","template":"","meta":{"footnotes":""},"class_list":["post-10","page","type-page","status-publish","hentry"],"_links":{"self":[{"href":"https:\/\/eventos.abcm.org.br\/cobef2021\/wp-json\/wp\/v2\/pages\/10","targetHints":{"allow":["GET"]}}],"collection":[{"href":"https:\/\/eventos.abcm.org.br\/cobef2021\/wp-json\/wp\/v2\/pages"}],"about":[{"href":"https:\/\/eventos.abcm.org.br\/cobef2021\/wp-json\/wp\/v2\/types\/page"}],"author":[{"embeddable":true,"href":"https:\/\/eventos.abcm.org.br\/cobef2021\/wp-json\/wp\/v2\/users\/1"}],"replies":[{"embeddable":true,"href":"https:\/\/eventos.abcm.org.br\/cobef2021\/wp-json\/wp\/v2\/comments?post=10"}],"version-history":[{"count":81,"href":"https:\/\/eventos.abcm.org.br\/cobef2021\/wp-json\/wp\/v2\/pages\/10\/revisions"}],"predecessor-version":[{"id":2052,"href":"https:\/\/eventos.abcm.org.br\/cobef2021\/wp-json\/wp\/v2\/pages\/10\/revisions\/2052"}],"wp:attachment":[{"href":"https:\/\/eventos.abcm.org.br\/cobef2021\/wp-json\/wp\/v2\/media?parent=10"}],"curies":[{"name":"wp","href":"https:\/\/api.w.org\/{rel}","templated":true}]}}