{"id":1385,"date":"2022-03-07T00:00:00","date_gmt":"2022-03-07T03:00:00","guid":{"rendered":"https:\/\/eventos.abcm.org.br\/encit2020\/?page_id=1385"},"modified":"2022-03-07T18:29:39","modified_gmt":"2022-03-07T21:29:39","slug":"envio-de-apresentacao","status":"publish","type":"page","link":"https:\/\/eventos.abcm.org.br\/cobef2021\/envio-de-apresentacao\/","title":{"rendered":"Envio de Apresenta\u00e7\u00e3o"},"content":{"rendered":"<p><strong>Leia at\u00e9 o final<\/strong><\/p>\n<p>No COBEF deste ano todas as apresenta\u00e7\u00f5es devem ser preparadas com anteced\u00eancia, por interm\u00e9dio de um software apropriado e, deste modo, enviadas previamente para a adequada organiza\u00e7\u00e3o do cronograma de exposi\u00e7\u00e3o dos trabalhos e palestras no congresso de 2021.<\/p>\n<p>O software recomendado \u00e9 a plataforma ZOOM, haja vista que o autor pode gravar a apresenta\u00e7\u00e3o, gerar o arquivo com o v\u00eddeo produzido e, por fim, fazer o upload do arquivo no YouTube para a oportuna disponibiliza\u00e7\u00e3o.<\/p>\n<p>Em rela\u00e7\u00e3o \u00e0 APRESENTA\u00c7\u00c3O, deve-se utilizar o arquivo padr\u00e3o dispon\u00edvel no link abaixo para a gera\u00e7\u00e3o do conte\u00fado, levando em considera\u00e7\u00e3o o <strong>tempo m\u00e1ximo de 15min<\/strong> para a exposi\u00e7\u00e3o do trabalho.<br \/>\nLink: <a href=\"https:\/\/www.dropbox.com\/s\/77dzxweo3g8f0vg\/Template%20COBEF%20PPT.pptx?dl=0\" target=\"_blank\" rel=\"noopener\">Padr\u00e3o pptx<\/a><\/p>\n<p class=\"western\" lang=\"en-US\" align=\"justify\"><span lang=\"pt-BR\">Em rela\u00e7\u00e3o \u00e0 GRAVA\u00c7\u00c3O DA APRESENTA\u00c7\u00c3O, a seguir um v\u00eddeo com a instru\u00e7\u00e3o b\u00e1sica para a produ\u00e7\u00e3o do arquivo no limite de tempo de 15min.<br \/>\n<\/span><span lang=\"pt-BR\">Link: <a href=\"https:\/\/www.dropbox.com\/s\/2ms4jnk0s8xyjbj\/zoom.mp4?dl=0\" target=\"_blank\" rel=\"noopener\">Instru\u00e7\u00e3o para Grava\u00e7\u00e3o da Apresenta\u00e7\u00e3o<\/a><\/span><\/p>\n<p><iframe loading=\"lazy\" src=\"https:\/\/player.vimeo.com\/video\/539789010?badge=0&amp;autopause=0&amp;player_id=0&amp;app_id=58479\" width=\"1152\" height=\"720\" frameborder=\"0\" allow=\"autoplay; fullscreen; picture-in-picture\" allowfullscreen title=\"Instru&amp;ccedil;&amp;otilde;es para envio de apresenta&amp;ccedil;&amp;atilde;o COBEF 2021\"><\/iframe><\/p>\n<p class=\"western\" lang=\"en-US\" align=\"justify\"><span lang=\"pt-BR\">Em rela\u00e7\u00e3o ao FUNDO DE TELA, no link abaixo voc\u00ea encontra o arquivo para usar no ZOOM.<br \/>\n<\/span><span lang=\"pt-BR\">Link: <a href=\"https:\/\/www.dropbox.com\/sh\/gl19vsk20hqch9y\/AADpEhy_3ARj4jm9ncBM2pS1a?dl=0\" target=\"_blank\" rel=\"noopener\">Fundo de Tela<\/a><\/span><\/p>\n<p class=\"western\" lang=\"en-US\" align=\"justify\"><span lang=\"pt-BR\"><b>IMPORTANTE<\/b><\/span><span lang=\"pt-BR\">. Atribua ao arquivo de v\u00eddeo gerado o nome com o c\u00f3digo do seu trabalho, exemplo, COBEF2021-<\/span><span lang=\"pt-BR\"><b>0015<\/b><\/span><span lang=\"pt-BR\">, ou seja, os quatro n\u00fameros finais identificam o espec\u00edfico artigo que foi aceito. <\/span><span lang=\"pt-BR\"><b>Aten\u00e7\u00e3o nesse quesito!<\/b><\/span><\/p>\n<p class=\"western\" lang=\"en-US\" align=\"justify\"><span lang=\"pt-BR\">Cada trabalho tem uma janela de tempo de 20min programada para a apresenta\u00e7\u00e3o e discuss\u00e3o, isto \u00e9, ser\u00e1 passada a grava\u00e7\u00e3o e, na sequ\u00eancia, como tempo complementar, ser\u00e1 mediado o debate entre o autor e os participantes at\u00e9 o esgotamento da janela de tempo total de 20min. <\/span><span lang=\"pt-BR\"><b>Aten\u00e7\u00e3o, o autor deve estar conectado no dia e hor\u00e1rio da sua apresenta\u00e7\u00e3o!<\/b><\/span><\/p>\n<p class=\"western\" lang=\"en-US\" align=\"justify\"><span lang=\"pt-BR\">No dia do congresso cada sess\u00e3o ser\u00e1 gravada e, posteriormente, disponibilizada de maneira apropriada para todos os participantes. Assim sendo, uma vez aceita a forma de apresenta\u00e7\u00e3o do trabalho, subentende-se, <\/span><span lang=\"pt-BR\"><b>expressamente<\/b><\/span><span lang=\"pt-BR\">, que o <\/span><span lang=\"pt-BR\"><b>autor concorda com a grava\u00e7\u00e3o de sua apresenta\u00e7\u00e3o no dia do evento<\/b><\/span><span lang=\"pt-BR\"> e, por consequ\u00eancia, a divulga\u00e7\u00e3o.<\/span><\/p>\n<p class=\"western\" lang=\"en-US\" align=\"justify\"><span lang=\"pt-BR\">Com o v\u00eddeo da sua apresenta\u00e7\u00e3o pronto, voc\u00ea deve fazer o upload no YouTube na modalidade <\/span><span lang=\"pt-BR\"><b>N\u00e3o Listado<\/b><\/span><span lang=\"pt-BR\">, cujo procedimento \u00e9:<\/span><\/p>\n<ol>\n<li>\n<p lang=\"en-US\" align=\"justify\"><span lang=\"pt-BR\">Fa\u00e7a login no YouTube<\/span><\/p>\n<\/li>\n<li>\n<p lang=\"en-US\" align=\"justify\"><span lang=\"pt-BR\">Clique sobre sua \u201cfoto\/perfil\u201d ap\u00f3s logado, canto superior direito, e entre no YouTube Studio<\/span><\/p>\n<\/li>\n<li>\n<p lang=\"en-US\" align=\"justify\"><span lang=\"pt-BR\">No canto superior direito aparece o \u00edcone de \u201cEnviar v\u00eddeos\u201d, clique nele para fazer o upload do v\u00eddeo que deseja depositar<\/span><\/p>\n<\/li>\n<li>\n<p lang=\"en-US\" align=\"justify\"><span lang=\"pt-BR\">Selecione o arquivo clicando no bot\u00e3o \u201cSELECIONAR ARQUIVOS\u201d<\/span><\/p>\n<\/li>\n<li>\n<p lang=\"en-US\" align=\"justify\"><span lang=\"pt-BR\">No campo T\u00edtulo, assegure que o nome do arquivo est\u00e1 de acordo com o c\u00f3digo de seu trabalho, COBEF2021-XXXX<\/span><\/p>\n<\/li>\n<li>\n<p lang=\"en-US\" align=\"justify\"><span lang=\"pt-BR\">Clique em; \u201cN\u00e3o, n\u00e3o \u00e9 conte\u00fado para crian\u00e7as\u201d<\/span><\/p>\n<\/li>\n<li>\n<p lang=\"en-US\" align=\"justify\"><span lang=\"pt-BR\">Copie o \u201cLink do v\u00eddeo\u201d, logo abaixo da janela que aparece o v\u00eddeo processado<\/span><\/p>\n<\/li>\n<li>\n<p lang=\"en-US\" align=\"justify\"><span lang=\"pt-BR\">Clique em \u201cPR\u00d3XIMO\u201d at\u00e9 chegar na tela referente \u00e0 \u201cVisibilidade\u201d<\/span><\/p>\n<\/li>\n<li>\n<p lang=\"en-US\" align=\"justify\"><span lang=\"pt-BR\">Selecione a op\u00e7\u00e3o \u201cN\u00e3o listado\u201d<\/span><\/p>\n<\/li>\n<li>\n<p lang=\"en-US\" align=\"justify\"><span lang=\"pt-BR\">Salvar<\/span><\/p>\n<\/li>\n<\/ol>\n<p class=\"western\" lang=\"en-US\" align=\"justify\"><span lang=\"pt-BR\">Com o link copiado, teste para verificar se o v\u00eddeo est\u00e1 rodando corretamente. Sendo que durante o teste \u00e9 poss\u00edvel perceber no canto inferior esquerdo do v\u00eddeo, logo abaixo do t\u00edtulo, a op\u00e7\u00e3o selecionada de \u201cN\u00e3o listado\u201d.<\/span><\/p>\n<p class=\"western\" lang=\"en-US\" align=\"justify\"><span lang=\"pt-BR\">Ap\u00f3s o upload do v\u00eddeo no YouTube, o autor dever\u00e1 acessar o sistema ABCM e, no menu esquerdo, clicar em \u201cMy Submissions\u201d. Acessar o \u201cFinal Paper\u201d e clicar em \u201cView final paper \/ edit YouTube link\u201d. Na figura abaixo voc\u00ea pode verificar o bot\u00e3o, o mesmo est\u00e1 destacado pelo ret\u00e2ngulo vermelho.<\/span><\/p>\n<p lang=\"en-US\" align=\"justify\"><img loading=\"lazy\" decoding=\"async\" class=\"aligncenter wp-image-1854 size-full\" src=\"http:\/\/eventos.abcm.org.br\/cobef2021\/content\/uploads\/2021\/04\/WhatsApp-Image-2021-04-20-at-19.07.59.jpeg\" alt=\"\" width=\"1280\" height=\"679\" srcset=\"https:\/\/eventos.abcm.org.br\/cobef2021\/content\/uploads\/2021\/04\/WhatsApp-Image-2021-04-20-at-19.07.59.jpeg 1280w, https:\/\/eventos.abcm.org.br\/cobef2021\/content\/uploads\/2021\/04\/WhatsApp-Image-2021-04-20-at-19.07.59-505x268.jpeg 505w, https:\/\/eventos.abcm.org.br\/cobef2021\/content\/uploads\/2021\/04\/WhatsApp-Image-2021-04-20-at-19.07.59-1024x543.jpeg 1024w, https:\/\/eventos.abcm.org.br\/cobef2021\/content\/uploads\/2021\/04\/WhatsApp-Image-2021-04-20-at-19.07.59-768x407.jpeg 768w, https:\/\/eventos.abcm.org.br\/cobef2021\/content\/uploads\/2021\/04\/WhatsApp-Image-2021-04-20-at-19.07.59-1200x637.jpeg 1200w, https:\/\/eventos.abcm.org.br\/cobef2021\/content\/uploads\/2021\/04\/WhatsApp-Image-2021-04-20-at-19.07.59-200x106.jpeg 200w\" sizes=\"auto, (max-width: 1280px) 100vw, 1280px\" \/><\/p>\n<p class=\"western\" lang=\"en-US\" align=\"justify\"><span lang=\"pt-BR\">Vai abrir uma nova tela, conforme imagem a seguir e, \u00e9 nessa tela, que o autor poder\u00e1 inserir o Link do YouTube referente \u00e0 apresenta\u00e7\u00e3o do trabalho. Circunscrito pelo ret\u00e2ngulo vermelho pode-se observar o campo \u201cVisual presentation link\u201d, onde deve-se colar o Link do YouTube referente \u00e0 apresenta\u00e7\u00e3o do trabalho.<\/span><\/p>\n<p><img loading=\"lazy\" decoding=\"async\" src=\"http:\/\/eventos.abcm.org.br\/cobef2021\/content\/uploads\/2021\/05\/tela.jpg\" alt=\"\" width=\"1280\" height=\"683\" class=\"aligncenter size-full wp-image-1897\" srcset=\"https:\/\/eventos.abcm.org.br\/cobef2021\/content\/uploads\/2021\/05\/tela.jpg 1280w, https:\/\/eventos.abcm.org.br\/cobef2021\/content\/uploads\/2021\/05\/tela-505x269.jpg 505w, https:\/\/eventos.abcm.org.br\/cobef2021\/content\/uploads\/2021\/05\/tela-1024x546.jpg 1024w, https:\/\/eventos.abcm.org.br\/cobef2021\/content\/uploads\/2021\/05\/tela-768x410.jpg 768w, https:\/\/eventos.abcm.org.br\/cobef2021\/content\/uploads\/2021\/05\/tela-1200x640.jpg 1200w, https:\/\/eventos.abcm.org.br\/cobef2021\/content\/uploads\/2021\/05\/tela-200x107.jpg 200w\" sizes=\"auto, (max-width: 1280px) 100vw, 1280px\" \/><\/p>\n<p class=\"western\" lang=\"en-US\" align=\"justify\"><span lang=\"pt-BR\">Por fim, clique em \u201cUpdate Final Paper\u201d para salvar a inser\u00e7\u00e3o do Link.<\/span><\/p>\n<p class=\"western\" lang=\"en-US\" align=\"justify\"><span lang=\"pt-BR\"><b>Os autores t\u00eam at\u00e9 o dia 23 de Abril para submeter o trabalho final e at\u00e9 o dia 9 de Maio para incluir o Link do YouTube.<\/b><\/span><\/p>\n<p class=\"western\" lang=\"en-US\" align=\"justify\"><span lang=\"pt-BR\">Dica Importante:<\/span><\/p>\n<p class=\"western\" lang=\"en-US\" align=\"justify\"><span lang=\"pt-BR\"><b>Como gravar aulas no ZOOM?<\/b><\/span><\/p>\n<p class=\"western\" lang=\"en-US\" align=\"justify\"><span lang=\"pt-BR\">Utilize o Power Point do seu trabalho no modo apresenta\u00e7\u00e3o e apenas uma tela de computador para facilitar o uso da plataforma. Al\u00e9m disso, fa\u00e7a um teste r\u00e1pido antes de finalizar a grava\u00e7\u00e3o para assegurar que o som e a imagem estejam funcionando corretamente. No v\u00eddeo abaixo voc\u00ea tem a instru\u00e7\u00e3o do procedimento para grava\u00e7\u00e3o da apresenta\u00e7\u00e3o pelo Zoom.<\/span><\/p>\n<p><iframe loading=\"lazy\" title=\"Como gravar Aulas, Reuni\u00f5es e V\u00eddeos Utilizando o ZOOM\" width=\"660\" height=\"371\" src=\"https:\/\/www.youtube.com\/embed\/a-NEeLfTLBU?feature=oembed\" frameborder=\"0\" allow=\"accelerometer; autoplay; clipboard-write; encrypted-media; gyroscope; picture-in-picture; web-share\" referrerpolicy=\"strict-origin-when-cross-origin\" allowfullscreen><\/iframe><\/p>\n","protected":false},"excerpt":{"rendered":"<p>Leia at\u00e9 o final No COBEF deste ano todas as apresenta\u00e7\u00f5es devem ser preparadas com anteced\u00eancia, por interm\u00e9dio de um software apropriado e, deste modo, enviadas previamente para a adequada organiza\u00e7\u00e3o do cronograma de exposi\u00e7\u00e3o dos trabalhos e palestras no congresso de 2021. O software recomendado \u00e9 a plataforma ZOOM, haja vista que o autor [&hellip;]<\/p>\n","protected":false},"author":1,"featured_media":0,"parent":0,"menu_order":1,"comment_status":"closed","ping_status":"closed","template":"","meta":{"footnotes":""},"class_list":["post-1385","page","type-page","status-publish","hentry"],"_links":{"self":[{"href":"https:\/\/eventos.abcm.org.br\/cobef2021\/wp-json\/wp\/v2\/pages\/1385","targetHints":{"allow":["GET"]}}],"collection":[{"href":"https:\/\/eventos.abcm.org.br\/cobef2021\/wp-json\/wp\/v2\/pages"}],"about":[{"href":"https:\/\/eventos.abcm.org.br\/cobef2021\/wp-json\/wp\/v2\/types\/page"}],"author":[{"embeddable":true,"href":"https:\/\/eventos.abcm.org.br\/cobef2021\/wp-json\/wp\/v2\/users\/1"}],"replies":[{"embeddable":true,"href":"https:\/\/eventos.abcm.org.br\/cobef2021\/wp-json\/wp\/v2\/comments?post=1385"}],"version-history":[{"count":24,"href":"https:\/\/eventos.abcm.org.br\/cobef2021\/wp-json\/wp\/v2\/pages\/1385\/revisions"}],"predecessor-version":[{"id":1898,"href":"https:\/\/eventos.abcm.org.br\/cobef2021\/wp-json\/wp\/v2\/pages\/1385\/revisions\/1898"}],"wp:attachment":[{"href":"https:\/\/eventos.abcm.org.br\/cobef2021\/wp-json\/wp\/v2\/media?parent=1385"}],"curies":[{"name":"wp","href":"https:\/\/api.w.org\/{rel}","templated":true}]}}