{"id":1387,"date":"2022-03-07T00:00:00","date_gmt":"2022-03-07T03:00:00","guid":{"rendered":"https:\/\/eventos.abcm.org.br\/encit2020\/?page_id=1387"},"modified":"2022-03-07T18:31:44","modified_gmt":"2022-03-07T21:31:44","slug":"templates","status":"publish","type":"page","link":"https:\/\/eventos.abcm.org.br\/cobef2021\/templates\/","title":{"rendered":"Templates"},"content":{"rendered":"<ol>\n<li>A submiss\u00e3o dos artigos e as inscri\u00e7\u00f5es s\u00e3o realizadas na <a href=\"http:\/\/sistema.abcm.org.br\" target=\"_blank\" rel=\"noopener noreferrer\">Plataforma ABCM<\/a>;<\/li>\n<li>Para a publica\u00e7\u00e3o de artigos nos anais do COBEF 2021: o artigo deve ter sido aprovado; sua vers\u00e3o final deve ter sido submetida na plataforma ABCM; pelo menos um dos autores dever\u00e1 pagar a taxa de inscri\u00e7\u00e3o; o artigo deve ter sido apresentado no evento;<\/li>\n<li>Cada inscri\u00e7\u00e3o tem direito a:<br \/>\n3.1 Publicar at\u00e9 dois artigos nos Anais do Congresso. Demais publica\u00e7\u00f5es ser\u00e3o cobradas com taxa adicional, conforme tabela abaixo;<br \/>\n3.2 Participar de todas as palestras e apresenta\u00e7\u00f5es dos trabalhos cient\u00edficos;<br \/>\n3.3 Receber o programa e demais materiais a serem distribu\u00eddos aos participantes.<\/li>\n<li>Inscritos como \u2018Estudante de Gradua\u00e7\u00e3o\u2019 ou \u2018Estudante de P\u00f3s-Gradua\u00e7\u00e3o\u2019 dever\u00e3o fazer upload do comprovante de matr\u00edcula no momento da inscri\u00e7\u00e3o. A n\u00e3o comprova\u00e7\u00e3o implicar\u00e1 na n\u00e3o confirma\u00e7\u00e3o da inscri\u00e7\u00e3o com o desconto de estudante.<\/li>\n<\/ol>\n<p>&nbsp;<\/p>\n<h3>Submiss\u00e3o do artigo<\/h3>\n<p>Todos os trabalhos ser\u00e3o de apresenta\u00e7\u00e3o oral, sendo a defini\u00e7\u00e3o do dia e hor\u00e1rio de apresenta\u00e7\u00e3o realizada em fun\u00e7\u00e3o do cronograma do congresso. Os autores ser\u00e3o informados com anteced\u00eancia.<br \/>\nCom o objetivo de se aumentar a efici\u00eancia do processo de avalia\u00e7\u00e3o dos trabalhos, reduzindo-se os prazos e aumentando-se a qualidade, o COBEF 2021 receber\u00e1 apenas artigos de no m\u00e1ximo 8 p\u00e1ginas, que devem incluir t\u00edtulo, afilia\u00e7\u00e3o, resumo, palavras-chave, introdu\u00e7\u00e3o, materiais e m\u00e9todos, resultados e discuss\u00e3o, conclus\u00f5es e refer\u00eancias.<br \/>\nS\u00e3o esperados artigos que contribuam para o estado da arte na \u00e1rea. Os melhores trabalhos de cada \u00e1rea tem\u00e1tica, escolhidos por comiss\u00e3o ad hoc, ser\u00e3o premiados com certificado oficial do evento.<br \/>\nClique para abrir o\u00a0Template<\/p>\n<p><a href=\"http:\/\/eventos.abcm.org.br\/cobef2021\/content\/uploads\/2020\/10\/Template-COBEF2021-Portugues.docx\">Template-COBEF2021-Portugues<\/a><br \/>\n<a href=\"http:\/\/eventos.abcm.org.br\/cobef2021\/content\/uploads\/2020\/10\/Template-COBEF2021-English.doc\">Template-COBEF2021-English<\/a><\/p>\n<p>&nbsp;<\/p>\n<p>&nbsp;<\/p>\n<h1>11th Brazilian Congress on Manufacturing Engineering<\/h1>\n<p>&nbsp;<\/p>\n<ol>\n<li>Registrations will be done through the ABCM Platform.<\/li>\n<li>To have your paper published in the Annals of COBEF 2021: the paper must be approved; its final version must be submitted through the ABCM Platform; at least one of the authors must pay the registration fee; and the paper must be presented in the event.<\/li>\n<li>Each registration allows to:<br \/>\n3.1 Publish up to two papers in the Annals of the Congress. Additional papers will be charged, according to the table below.<br \/>\n3.2 Attend all lectures and scientific sessions.<br \/>\n3.3 Receive the program book and other materials to be distributed to the participants.<\/li>\n<li>Registrants as \u2018Graduate Student\u2019 or \u2018Graduate Student\u2019 must upload proof of enrollment at the time of registration. Failure to prove will result in non- confirmation of enrollment with the student discount. Then, the full value of registration fee will have to be paid.<\/li>\n<\/ol>\n<h3><\/h3>\n<h3><\/h3>\n<h3>Paper submission<\/h3>\n<p>All papers will be presented orally, and the day and time of presentation will be defined according to the congress schedule. Authors will be informed in<br \/>\nadvance.<br \/>\nWith the goal of increasing the efficiency of the peer review process, the COBEF 2021 will only receive papers with up to 8 pages, which should contain<br \/>\ntitle, affiliation, abstract, keywords, introduction, material and methods, results and discussion, conclusions and references. Contributions to the state of the art<br \/>\nare expected.<br \/>\nThe best works from each thematic area, chosen by an ad hoc commission, will be awarded an official event certificate.<\/p>\n<p>&nbsp;<\/p>\n<p><a href=\"http:\/\/eventos.abcm.org.br\/cobef2021\/content\/uploads\/2020\/10\/Template-COBEF2021-English.doc\">Template-COBEF2021-English<\/a><\/p>\n","protected":false},"excerpt":{"rendered":"<p>A submiss\u00e3o dos artigos e as inscri\u00e7\u00f5es s\u00e3o realizadas na Plataforma ABCM; Para a publica\u00e7\u00e3o de artigos nos anais do COBEF 2021: o artigo deve ter sido aprovado; sua vers\u00e3o final deve ter sido submetida na plataforma ABCM; pelo menos um dos autores dever\u00e1 pagar a taxa de inscri\u00e7\u00e3o; o artigo deve ter sido apresentado [&hellip;]<\/p>\n","protected":false},"author":1,"featured_media":0,"parent":0,"menu_order":2,"comment_status":"closed","ping_status":"closed","template":"","meta":{"footnotes":""},"class_list":["post-1387","page","type-page","status-publish","hentry"],"_links":{"self":[{"href":"https:\/\/eventos.abcm.org.br\/cobef2021\/wp-json\/wp\/v2\/pages\/1387","targetHints":{"allow":["GET"]}}],"collection":[{"href":"https:\/\/eventos.abcm.org.br\/cobef2021\/wp-json\/wp\/v2\/pages"}],"about":[{"href":"https:\/\/eventos.abcm.org.br\/cobef2021\/wp-json\/wp\/v2\/types\/page"}],"author":[{"embeddable":true,"href":"https:\/\/eventos.abcm.org.br\/cobef2021\/wp-json\/wp\/v2\/users\/1"}],"replies":[{"embeddable":true,"href":"https:\/\/eventos.abcm.org.br\/cobef2021\/wp-json\/wp\/v2\/comments?post=1387"}],"version-history":[{"count":16,"href":"https:\/\/eventos.abcm.org.br\/cobef2021\/wp-json\/wp\/v2\/pages\/1387\/revisions"}],"predecessor-version":[{"id":1800,"href":"https:\/\/eventos.abcm.org.br\/cobef2021\/wp-json\/wp\/v2\/pages\/1387\/revisions\/1800"}],"wp:attachment":[{"href":"https:\/\/eventos.abcm.org.br\/cobef2021\/wp-json\/wp\/v2\/media?parent=1387"}],"curies":[{"name":"wp","href":"https:\/\/api.w.org\/{rel}","templated":true}]}}