{"id":1685,"date":"2022-03-07T00:00:00","date_gmt":"2022-03-07T03:00:00","guid":{"rendered":"https:\/\/eventos.abcm.org.br\/cobef2021\/?page_id=1685"},"modified":"2022-08-15T18:51:02","modified_gmt":"2022-08-15T21:51:02","slug":"areas-tematicas","status":"publish","type":"page","link":"https:\/\/eventos.abcm.org.br\/cobef2021\/areas-tematicas\/","title":{"rendered":"\u00c1reas Tem\u00e1ticas"},"content":{"rendered":"<p style=\"font-weight: 400;\">&#8211; Manufatura Aditiva (Additive Manufacturing)<\/p>\n<p style=\"font-weight: 400;\">&#8211; Usinagem <span lang=\"EN-US\">(Processes with Material Removal<\/span><span lang=\"EN-US\">)<\/span><\/p>\n<p style=\"font-weight: 400;\">&#8211; Conforma\u00e7\u00e3o, Fundi\u00e7\u00e3o e Metalurgia do P\u00f3 (Metallurgical Processes)<\/p>\n<p style=\"font-weight: 400;\">&#8211; Soldagem (Union and Assembly Processes)<\/p>\n<p style=\"font-weight: 400;\">&#8211; Processamento de Materiais N\u00e3o-Met\u00e1licos (Materials Characterization and Processing)<\/p>\n<p style=\"font-weight: 400;\">&#8211; Engenharia de Superf\u00edcies \u00a0e Tribologia (Tribology)<\/p>\n<p style=\"font-weight: 400;\">&#8211; Ind\u00fastria 4.0 (Computer Vision, Control Systems, Robotics, Sensors &amp; Actuators)<\/p>\n<p style=\"font-weight: 400;\">&#8211; Metrologia e Instrumenta\u00e7\u00e3o <span lang=\"EN-US\">(Metrology<\/span><span lang=\"EN-US\">)<\/span><\/p>\n<p style=\"font-weight: 400;\">&#8211; Manufatura Sustent\u00e1vel, Manufatura Virtual, Projeto para Manufatura (Product Engineering)<\/p>\n<p style=\"font-weight: 400;\">&#8211; Planejamento, Controle e Monitoramento de Processos (Project and Management)<\/p>\n","protected":false},"excerpt":{"rendered":"<p>&#8211; Manufatura Aditiva (Additive Manufacturing) &#8211; Usinagem (Processes with Material Removal) &#8211; Conforma\u00e7\u00e3o, Fundi\u00e7\u00e3o e Metalurgia do P\u00f3 (Metallurgical Processes) &#8211; Soldagem (Union and Assembly Processes) &#8211; Processamento de Materiais N\u00e3o-Met\u00e1licos (Materials Characterization and Processing) &#8211; Engenharia de Superf\u00edcies \u00a0e Tribologia (Tribology) &#8211; Ind\u00fastria 4.0 (Computer Vision, Control Systems, Robotics, Sensors &amp; Actuators) &#8211; Metrologia [&hellip;]<\/p>\n","protected":false},"author":1,"featured_media":0,"parent":0,"menu_order":0,"comment_status":"closed","ping_status":"closed","template":"","meta":{"footnotes":""},"class_list":["post-1685","page","type-page","status-publish","hentry"],"_links":{"self":[{"href":"https:\/\/eventos.abcm.org.br\/cobef2021\/wp-json\/wp\/v2\/pages\/1685","targetHints":{"allow":["GET"]}}],"collection":[{"href":"https:\/\/eventos.abcm.org.br\/cobef2021\/wp-json\/wp\/v2\/pages"}],"about":[{"href":"https:\/\/eventos.abcm.org.br\/cobef2021\/wp-json\/wp\/v2\/types\/page"}],"author":[{"embeddable":true,"href":"https:\/\/eventos.abcm.org.br\/cobef2021\/wp-json\/wp\/v2\/users\/1"}],"replies":[{"embeddable":true,"href":"https:\/\/eventos.abcm.org.br\/cobef2021\/wp-json\/wp\/v2\/comments?post=1685"}],"version-history":[{"count":12,"href":"https:\/\/eventos.abcm.org.br\/cobef2021\/wp-json\/wp\/v2\/pages\/1685\/revisions"}],"predecessor-version":[{"id":2050,"href":"https:\/\/eventos.abcm.org.br\/cobef2021\/wp-json\/wp\/v2\/pages\/1685\/revisions\/2050"}],"wp:attachment":[{"href":"https:\/\/eventos.abcm.org.br\/cobef2021\/wp-json\/wp\/v2\/media?parent=1685"}],"curies":[{"name":"wp","href":"https:\/\/api.w.org\/{rel}","templated":true}]}}