{"id":1869,"date":"2022-03-07T00:00:00","date_gmt":"2022-03-07T03:00:00","guid":{"rendered":"https:\/\/eventos.abcm.org.br\/cobef2021\/?page_id=1869"},"modified":"2022-08-15T18:55:45","modified_gmt":"2022-08-15T21:55:45","slug":"prof-wisley-falco-sales","status":"publish","type":"page","link":"https:\/\/eventos.abcm.org.br\/cobef2021\/prof-wisley-falco-sales\/","title":{"rendered":"Prof. Wisley Falco Sales"},"content":{"rendered":"<p><img loading=\"lazy\" decoding=\"async\" src=\"http:\/\/eventos.abcm.org.br\/cobef2021\/content\/uploads\/2021\/04\/wisley.jpg\" alt=\"\" width=\"379\" height=\"376\" class=\"aligncenter size-full wp-image-1870\" srcset=\"https:\/\/eventos.abcm.org.br\/cobef2021\/content\/uploads\/2021\/04\/wisley.jpg 379w, https:\/\/eventos.abcm.org.br\/cobef2021\/content\/uploads\/2021\/04\/wisley-342x339.jpg 342w, https:\/\/eventos.abcm.org.br\/cobef2021\/content\/uploads\/2021\/04\/wisley-150x150.jpg 150w, https:\/\/eventos.abcm.org.br\/cobef2021\/content\/uploads\/2021\/04\/wisley-111x110.jpg 111w\" sizes=\"auto, (max-width: 379px) 100vw, 379px\" \/><\/p>\n<p>O professor Wisley Falco Sales nasceu no Tri\u00e2ngulo Mineiro, na cidade de Centralina\/MG, perto da divisa com o Estado de Goi\u00e1s, no dia 12 de janeiro de 1965.<\/p>\n<p>Filho de fam\u00edlia pobre, com pai caminhoneiro e m\u00e3e \u201cdona de casa\u201d, veio ainda na adolesc\u00eancia para Uberl\u00e2ndia e tinha o sonho de ser engenheiro. Lutou muito para estudar em meio a dificuldades econ\u00f4micas, conseguindo uma bolsa para fazer pr\u00e9-vestibular e finalmente ingressar no curso de engenharia mec\u00e2nica. <\/p>\n<p>Em 1983 Wisley iniciou o curso de Bacharelado em Engenharia Mec\u00e2nica da Universidade Federal de Uberl\u00e2ndia \u2013 UFU, concluindo-o em apenas 4,5 anos, em 1987. Durante o curso estagiou na Petrobr\u00e1s, Terminal Mar\u00edtimo Almirante Barroso, em S\u00e3o Sebasti\u00e3o\/SP.<\/p>\n<p>Logo ap\u00f3s a formatura neste curso, em 1988, ele ingressou na CCO \u2013 Construtora Centro Oeste, onde trabalhou na \u00e1rea de manuten\u00e7\u00e3o at\u00e9 o ano de 1991. Concomitante ao trabalho na CCO, em 1988 fundou sua pr\u00f3pria empresa de usinagem e manuten\u00e7\u00e3o, denominada de MECATEC \u2013 Mec\u00e2nica T\u00e9cnica Ltda. <\/p>\n<p>Em 1993, ap\u00f3s fechar a empresa, ele ingressou no curso de mestrado em Engenharia Mec\u00e2nica da UFU, na \u00e1rea de Fabrica\u00e7\u00e3o\/Usinagem, concluindo-o em 1995. Neste curso, Wisley desenvolveu um projeto de pesquisa interessante, em parceria com a Fiat Autom\u00f3veis S.A., proposto pelo ent\u00e3o colaborador da empresa, o Engenheiro Ant\u00f4nio Maria de Souza Jr, em tema relacionado ao controle de cavacos. Nesta pesquisa o Prof. Wisley estudou o comportamento do raio de curvatura natural de cavacos de a\u00e7os comum ao carbono e a\u00e7o baixa liga, sob diversas condi\u00e7\u00f5es de corte e geometria de ferramenta. P\u00f4de assim, contribuir para solucionar um problema corriqueiro na empresa, durante a fabrica\u00e7\u00e3o de eixos com estes materiais. Interessante o fato de que anos mais tarde, em 2001, o Engenheiro Ant\u00f4nio Maria de Souza Jr virou Mestre em Engenharia Mec\u00e2nica pela PUCMG, na \u00e1rea de Fabrica\u00e7\u00e3o\/Usinagem, sob a orienta\u00e7\u00e3o do Prof. Wisley.<\/p>\n<p>Desde o in\u00edcio do mestrado, Wisley tinha firmes prop\u00f3sitos de seguir a carreira acad\u00eamica, projetando na sequ\u00eancia, sua titula\u00e7\u00e3o no curso de doutorado. Em 1996, portanto, ele ingressou neste curso, concluindo-o em 1999, na mesma \u00e1rea de Fabrica\u00e7\u00e3o\/Usinagem. Este curso ele concluiu com absoluto sucesso, onde estudou a capacidade lubri-refrigerante de v\u00e1rios fluidos de corte, contribuindo com o desenvolvimento de t\u00e9cnicas que s\u00e3o empregadas atualmente nos diferentes laborat\u00f3rios de pesquisa em usinagem para quantificar as capacidades lubrificantes e refrigerantes dos fluidos de corte. <\/p>\n<p>Com a defesa do doutorado, come\u00e7ava ent\u00e3o a vitoriosa carreira acad\u00eamica do Prof. Wisley. Ele foi sempre competente, idealista, desafiador e sonhador. Por esta raz\u00e3o n\u00e3o costumava fixar-se em uma \u00fanica institui\u00e7\u00e3o. Sua mais longeva perman\u00eancia em uma institui\u00e7\u00e3o foi exatamente a primeira em que ingressou, em 1999, na Pontif\u00edcia Universidade Cat\u00f3lica de MG, PUC Minas, na cidade de Belo Horizonte, onde atuou como docente da Gradua\u00e7\u00e3o e P\u00f3s-gradua\u00e7\u00e3o em Engenharia Mec\u00e2nica at\u00e9 2008. De 2002 a 2003 atuou como docente concomitantemente tamb\u00e9m no Centro Universit\u00e1rio Belo Horizonte, UNI-BH. Na PUC Minas, al\u00e9m de docente, exerceu tamb\u00e9m fun\u00e7\u00e3o de formador de RH e orientou 17 mestrados, a maioria em projetos em parceria com a Fiat Autom\u00f3veis S.A.<\/p>\n<p>Depois de sair da PUC Minas, Wisley trocou Belo Horizonte pelo Sul da Bahia, e foi morar na cidade de Teixeira de Freitas, onde atuou em algumas institui\u00e7\u00f5es de ensino nas redondezas.  De 2008 a 2009 foi docente da Faculdade Aracruz \u2013 FAACZ, na cidade de Aracruz\/ES. Ingressou na Universidade Estadual Santa Cruz \u2013 UESC em Ilh\u00e9us\/BA, em 2009, atuando como docente at\u00e9 2011.<\/p>\n<p>Resolveu voltar para a Regi\u00e3o Sudeste, desta vez indo lecionar na FATEC, Unidade de Catanduva\/SP, onde atuou durante o ano de 2011. Sua \u00faltima institui\u00e7\u00e3o particular foi a FIRB &#8211; Faculdades Integradas Rui Barbosa, em Andradina\/SP, onde atuou como docente de 2011 a 2014. Sua capacidade de lideran\u00e7a e experi\u00eancia acad\u00eamica lhe permitiu atuar como chefe de departamento ou coordenador de curso nestas diferentes institui\u00e7\u00f5es. Foi ainda respons\u00e1vel por criar e implantar diversos cursos de gradua\u00e7\u00e3o nestas institui\u00e7\u00f5es. <\/p>\n<p>Entre 2012 e 2014 atuou como Presidente da Amazonas, Sistema de Ensino, Ltda, em um projeto de implanta\u00e7\u00e3o de quatro cursos de engenharia (Petr\u00f3leo e g\u00e1s, Civil, El\u00e9trica e Produ\u00e7\u00e3o) em Maputo, Mo\u00e7ambique, atividade nobre, interessante e gratificante.<\/p>\n<p>Finalmente, em 2014 Wisley retorna para Uberl\u00e2ndia, desta vez para ingressar como docente na Universidade Federal de Uberl\u00e2ndia \u2013 UFU, institui\u00e7\u00e3o que lhe proporcionou sua forma\u00e7\u00e3o de terceiro grau, at\u00e9 o mais alto n\u00edvel, o doutorado. Nesta institui\u00e7\u00e3o Wisley voltou a fazer o que mais gostava dentro da carreira acad\u00eamica, formar pessoas. Foram in\u00fameras orienta\u00e7\u00f5es de TCC, trabalhos de Inicia\u00e7\u00e3o Cient\u00edfica, mas n\u00e3o teve tempo suficiente para formar muitos mestres e doutores. Foram apenas um mestrado e um doutorado conclu\u00eddos orientados pelo Prof. Wisley na UFU. Orientou tamb\u00e9m, quatro p\u00f3s-doutorados.  <\/p>\n<p>Durante sua vida acad\u00eamica, desenvolveu tr\u00eas p\u00f3s-doutorados. O primeiro na UFMG, logo depois de concluir o doutorado, de 1999 a 2000. O segundo em London South Bank University, Londres\/Inglaterra, com o Professor Emmanuel O. Ezugwu, de 2004 a 2005, em usinagem de superligas; e o terceiro mais recente, de 2015 a 2016, na Universidade de Kentucky, com o Professor I. S. Jawahir, na \u00e1rea de manufatura sustent\u00e1vel. <\/p>\n<p>Esta experi\u00eancia em Kentucky lhe estimulou criar um grupo de pesquisa em Manufatura Sustent\u00e1vel, \u00e1rea de extrema import\u00e2ncia e que precisa ser incentivada e exercida por todos os grupos de pesquisa do nosso pa\u00eds.<\/p>\n<p>Em toda carreira acad\u00eamica, Wisley publicou um livro, 4 cap\u00edtulos de livros, 90 artigos em peri\u00f3dicos e mais de 100 artigos em anais de eventos cient\u00edficos. A base Scopus, no final de abril\/2021 registrava 1.237 cita\u00e7\u00f5es de 55 documentos, e um \u00edndice \u201ch\u201d de 20.<\/p>\n<p>O compromisso de formar recursos humanos o fez concluir o trabalho de orienta\u00e7\u00e3o de 63 TCCs, 38 trabalhos de Inicia\u00e7\u00e3o Cient\u00edfica, 18 mestrados, 1 doutorado e 5 p\u00f3s-doutorados. Vitimado pela COVID19 em junho de 2020, n\u00e3o pode concluir os trabalhos que vinha orientando de um mestrado, tr\u00eas doutorados, cinco TCCs e dois trabalhos de IC. No seu \u00fanico doutorado conclu\u00eddo como orientador na UFU, a defesa ocorreu remotamente em 5 de junho, momento em que ele informou para a banca ter contra\u00eddo o v\u00edrus do COVID19. O v\u00edrus lhe foi cruel, com interna\u00e7\u00e3o em uma UTI de hospital no dia 11, segundo relato de m\u00e9dicos, com 80% do pulm\u00e3o comprometido, e impiedosamente vindo a \u00f3bito no dia 15 de junho. Imensa perda para a comunidade de manufatura do nosso pa\u00eds.<\/p>\n<p>Esse era o Wisley. Al\u00e9m de competente no que fazia profissionalmente, era alegre, amigo, sincero, amava a vida e muito brincalh\u00e3o. Algumas brincadeiras lhe custaram conflitos com alguns colegas, que n\u00e3o compreenderam seu esp\u00edrito gozador e sua alma fraterna. Mas seu legado \u00e9 irretoc\u00e1vel e a comunidade da fabrica\u00e7\u00e3o rende esta singela homenagem \u00e0 mem\u00f3ria deste eterno e vislumbrante companheiro. V\u00e1rias de suas virtudes precisam ser emuladas e servem de est\u00edmulos para todos n\u00f3s, principalmente para os jovens pesquisadores.<\/p>\n<p>No dia 15 de junho de 2020, o Brasil registrava, em n\u00fameros oficiais, 44.118 \u00f3bitos pela COVID19, sendo 627 s\u00f3 neste dia, e Wisley entre elas, tristemente contribuindo para as estat\u00edsticas. No final de abril de 2021, mais precisamente, no dia 26, dia em que a reda\u00e7\u00e3o desta homenagem est\u00e1 sendo finalizada, o Wikip\u00e9dia registra um total de 391 mil mortes pela COVID19 no Brasil. N\u00f3s da organiza\u00e7\u00e3o do 11\u00ba COBEF rendemos nossas homenagens de condol\u00eancias a todos os familiares e amigos do Prof. Wilsey, mas tamb\u00e9m aos familiares e amigos de todos esses brasileiros que tiveram suas vidas ceifadas pelo Corona v\u00edrus. <\/p>\n<p>Os n\u00fameros de \u00f3bitos colocam o Brasil atr\u00e1s apenas dos EUA e da \u00cdndia, no mundo. A posi\u00e7\u00e3o desses pa\u00edses, n\u00e3o por acaso, aponta para as desastrosas pol\u00edticas de combate \u00e0 epidemia. <\/p>\n<p>Para registrar e finalizar esta homenagem, Wisley foi casado por tr\u00eas vezes, com Sandra Ferreira do Amaral, Valdirene Rodrigues e Gislaine Asti, deixando tr\u00eas filhos Lucas, Tiago e Breno. Voc\u00eas tiveram o privil\u00e9gio de conviver, ensinar e aprender com essa pessoa muita peculiar.<\/p>\n<p>Descanse em paz meu amigo&#8230;<\/p>\n<p>Descansem em paz todas as v\u00edtimas da COVID19&#8230;<\/p>\n","protected":false},"excerpt":{"rendered":"<p>O professor Wisley Falco Sales nasceu no Tri\u00e2ngulo Mineiro, na cidade de Centralina\/MG, perto da divisa com o Estado de Goi\u00e1s, no dia 12 de janeiro de 1965. Filho de fam\u00edlia pobre, com pai caminhoneiro e m\u00e3e \u201cdona de casa\u201d, veio ainda na adolesc\u00eancia para Uberl\u00e2ndia e tinha o sonho de ser engenheiro. Lutou muito [&hellip;]<\/p>\n","protected":false},"author":1,"featured_media":0,"parent":0,"menu_order":0,"comment_status":"closed","ping_status":"closed","template":"","meta":{"footnotes":""},"class_list":["post-1869","page","type-page","status-publish","hentry"],"_links":{"self":[{"href":"https:\/\/eventos.abcm.org.br\/cobef2021\/wp-json\/wp\/v2\/pages\/1869","targetHints":{"allow":["GET"]}}],"collection":[{"href":"https:\/\/eventos.abcm.org.br\/cobef2021\/wp-json\/wp\/v2\/pages"}],"about":[{"href":"https:\/\/eventos.abcm.org.br\/cobef2021\/wp-json\/wp\/v2\/types\/page"}],"author":[{"embeddable":true,"href":"https:\/\/eventos.abcm.org.br\/cobef2021\/wp-json\/wp\/v2\/users\/1"}],"replies":[{"embeddable":true,"href":"https:\/\/eventos.abcm.org.br\/cobef2021\/wp-json\/wp\/v2\/comments?post=1869"}],"version-history":[{"count":12,"href":"https:\/\/eventos.abcm.org.br\/cobef2021\/wp-json\/wp\/v2\/pages\/1869\/revisions"}],"predecessor-version":[{"id":2063,"href":"https:\/\/eventos.abcm.org.br\/cobef2021\/wp-json\/wp\/v2\/pages\/1869\/revisions\/2063"}],"wp:attachment":[{"href":"https:\/\/eventos.abcm.org.br\/cobef2021\/wp-json\/wp\/v2\/media?parent=1869"}],"curies":[{"name":"wp","href":"https:\/\/api.w.org\/{rel}","templated":true}]}}