{"id":1927,"date":"2022-03-07T00:00:00","date_gmt":"2022-03-07T03:00:00","guid":{"rendered":"https:\/\/eventos.abcm.org.br\/cobef2021\/?page_id=1927"},"modified":"2022-08-15T18:51:18","modified_gmt":"2022-08-15T21:51:18","slug":"artigos-premiados","status":"publish","type":"page","link":"https:\/\/eventos.abcm.org.br\/cobef2021\/artigos-premiados\/","title":{"rendered":"Artigos Premiados"},"content":{"rendered":"<p><!--<strong>COBEF 2021 \u2013 Best Article Award<\/strong>-->O comit\u00ea organizador do 11\u00ba Congresso Brasileiro de Engenharia de Fabrica\u00e7\u00e3o \u2013 COBEF 2021,  tem a honra de apresentar os tr\u00eas melhores artigos cient\u00edficos apresentados durante o evento, em ordem alfab\u00e9tica pelo t\u00edtulo:<\/p>\n<p><strong>CARACTERIZA\u00c7\u00c3O E AN\u00c1LISE DA SOLDAGEM PLASMA COM ALIMENTA\u00c7\u00c3O DIN\u00c2MICA DE ARAME<\/strong><br \/>\nAlisson Fernandes da Rosa<br \/>\nVictor Igor Berbare Lemos<br \/>\nFelipe Batista<br \/>\nRegis Henrique Gon\u00e7alves E. Silva<br \/>\nUniversidade Federal de Santa Catarina &#8211; UFSC<\/p>\n<p><strong>DLP ADDITIVE MANUFACTURING OF CERAMICS: PHOTOSENSITIVE PARAMETERS, THERMAL ANALYSIS, POST-PROCESSING, AND PARTS CHARACTERIZATION<\/strong><br \/>\nItalo Leite de Camargo<br \/>\nRog\u00e9rio Erbereli<br \/>\nJo\u00e3o Fiore Parreira Lovo<br \/>\nCarlos Alberto Fortulan<br \/>\nInstitute of Education, Science and Technology of S\u00e3o Paulo &#8211; IFSP<br \/>\nDepartment of Mechanical Engineering &#8211; EESC\/USP<\/p>\n<p><strong>MONITORAMENTO DOS ERROS T\u00c9RMICOS DE UM CENTRO DE USINAGEM UTILIZANDO TECNOLOGIA \u201cLORA\u201d<\/strong><br \/>\n\u00c9d Claudio Bordinassi<br \/>\nClementi Adalto de Farias<br \/>\nMarcelo Ot\u00e1vio dos Santos<br \/>\nVanessa Seriacopi<br \/>\nInstituto Mau\u00e1 de Tecnologia<\/p>\n<p>Parab\u00e9ns aos autores pela dedica\u00e7\u00e3o e qualidade do trabalho. Desejamos muito sucesso nas pesquisas, s\u00e3o artigos como o estes que fazem a diferen\u00e7a na ci\u00eancia!<\/p>\n","protected":false},"excerpt":{"rendered":"<p>O comit\u00ea organizador do 11\u00ba Congresso Brasileiro de Engenharia de Fabrica\u00e7\u00e3o \u2013 COBEF 2021, tem a honra de apresentar os tr\u00eas melhores artigos cient\u00edficos apresentados durante o evento, em ordem alfab\u00e9tica pelo t\u00edtulo: CARACTERIZA\u00c7\u00c3O E AN\u00c1LISE DA SOLDAGEM PLASMA COM ALIMENTA\u00c7\u00c3O DIN\u00c2MICA DE ARAME Alisson Fernandes da Rosa Victor Igor Berbare Lemos Felipe Batista Regis [&hellip;]<\/p>\n","protected":false},"author":1,"featured_media":0,"parent":0,"menu_order":0,"comment_status":"closed","ping_status":"closed","template":"","meta":{"footnotes":""},"class_list":["post-1927","page","type-page","status-publish","hentry"],"_links":{"self":[{"href":"https:\/\/eventos.abcm.org.br\/cobef2021\/wp-json\/wp\/v2\/pages\/1927","targetHints":{"allow":["GET"]}}],"collection":[{"href":"https:\/\/eventos.abcm.org.br\/cobef2021\/wp-json\/wp\/v2\/pages"}],"about":[{"href":"https:\/\/eventos.abcm.org.br\/cobef2021\/wp-json\/wp\/v2\/types\/page"}],"author":[{"embeddable":true,"href":"https:\/\/eventos.abcm.org.br\/cobef2021\/wp-json\/wp\/v2\/users\/1"}],"replies":[{"embeddable":true,"href":"https:\/\/eventos.abcm.org.br\/cobef2021\/wp-json\/wp\/v2\/comments?post=1927"}],"version-history":[{"count":12,"href":"https:\/\/eventos.abcm.org.br\/cobef2021\/wp-json\/wp\/v2\/pages\/1927\/revisions"}],"predecessor-version":[{"id":2051,"href":"https:\/\/eventos.abcm.org.br\/cobef2021\/wp-json\/wp\/v2\/pages\/1927\/revisions\/2051"}],"wp:attachment":[{"href":"https:\/\/eventos.abcm.org.br\/cobef2021\/wp-json\/wp\/v2\/media?parent=1927"}],"curies":[{"name":"wp","href":"https:\/\/api.w.org\/{rel}","templated":true}]}}