{"id":2152,"date":"2022-08-01T15:52:22","date_gmt":"2022-08-01T18:52:22","guid":{"rendered":"https:\/\/eventos.abcm.org.br\/cobef2023\/en\/?page_id=2152"},"modified":"2022-08-31T13:21:44","modified_gmt":"2022-08-31T16:21:44","slug":"unb","status":"publish","type":"page","link":"https:\/\/eventos.abcm.org.br\/cobef2023\/en\/venue\/unb\/","title":{"rendered":"University of Bras\u00edlia (UnB)"},"content":{"rendered":"<p>The University of Bras\u00edlia (UnB) was founded on April 21, 1962, two years after the inauguration of Bras\u00edlia. By the time, the university offered 14 graduation nuclei: Mathematics, Physics, Chemistry, Geoscience, Biology, Human Sciences, Language and Literature, Architecture and Urbanism, Engineering, Education, Law\/Economics\/Business\/Diplomacy, Agricultural Sciences and Medical Sciences. The main objective of implementing the university at the time was to develop Bras\u00edlia as a cultural center of Brazil, promoting the assistance of public authorities centered in the city. <\/p>\n<p>Currently, UnB has four campuses in the Federal District. The first one is the Darcy Ribeiro campus, located in the Plano Piloto, and the campuses of Ceil\u00e2ndia, Gama and Planaltina, satellite cities of Bras\u00edlia. The current structure has a built-up area of more than 600,000 m\u00b2 on all campuses, which have a total area of 4.5 million m\u00b2, with 12 institutes, 14 faculties, 53 departments and 16 research centers. According to UnB&#8217;s yearbook, during the year of 2020, the university counts more than 49,000 students registered in 130 active undergraduate courses, 134 master&#8217;s courses and 87 PhD courses.<\/p>\n<p>The result of the dream and work of educators such as Darcy Ribeiro and An\u00edsio Teixeira, UnB has been, since 1962, the year of its creation, one of the main national academic references. The cultural diversity present in its four campuses is one of its outstanding characteristics. Plurality, combined with the permanent search for innovative solutions, drives scientific production and the daily life of the institution.<figure id=\"attachment_2200\" aria-describedby=\"caption-attachment-2200\" style=\"width: 1024px\" class=\"wp-caption aligncenter\"><img loading=\"lazy\" decoding=\"async\" src=\"http:\/\/eventos.abcm.org.br\/cobef2023\/en\/content\/uploads\/2022\/08\/campus-unb.jpg\" alt=\"\" width=\"1024\" height=\"530\" class=\"size-full wp-image-2200\" srcset=\"https:\/\/eventos.abcm.org.br\/cobef2023\/en\/content\/uploads\/2022\/08\/campus-unb.jpg 1024w, https:\/\/eventos.abcm.org.br\/cobef2023\/en\/content\/uploads\/2022\/08\/campus-unb-505x261.jpg 505w, https:\/\/eventos.abcm.org.br\/cobef2023\/en\/content\/uploads\/2022\/08\/campus-unb-768x398.jpg 768w, https:\/\/eventos.abcm.org.br\/cobef2023\/en\/content\/uploads\/2022\/08\/campus-unb-200x104.jpg 200w\" sizes=\"auto, (max-width: 1024px) 100vw, 1024px\" \/><figcaption id=\"caption-attachment-2200\" class=\"wp-caption-text\">Darcy Ribeiro Campus &#8211; University of Bras\u00edlia<\/figcaption><\/figure><\/p>\n<p>Source: <a href=\"https:\/\/pt.wikipedia.org\/wiki\/Campus_UnB_Darcy_Ribeiro#\/media\/Ficheiro:Campus_Darcy_Ribeiro_(31398447555).jpg\" target=\"_blank\" rel=\"noopener\">Campus Darcy Ribeiro (31398447555) &#8211; Campus UnB Darcy Ribeiro \u2013 Wikip\u00e9dia, a enciclop\u00e9dia livre (wikipedia.org)<\/a><\/p>\n<p>References:<br \/>\n<a href=\"https:\/\/dpo.unb.br\/images\/phocadownload\/documentosdegestao\/relatoriogestao\/ate1979\/PDE_UnB_Plano_Orientador_UnB_1962.pdf\" target=\"_blank\" rel=\"noopener\">PDE_UnB_Plano_Orientador_UnB_1962.pdf<\/a><br \/>\n<a href=\"https:\/\/anuario2021.netlify.app\/geral.html#ingressantes-pelos-processos-de-sele%C3%A7%C3%A3o-da-unb-2020\" target=\"_blank\" rel=\"noopener\">Cap\u00edtulo 2 Dados gerais | ANU\u00c1RIO ESTAT\u00cdSTICO 2021 ano-base 2020 (anuario2021.netlify.app)<\/a><\/p>\n<p><iframe src=\"https:\/\/www.google.com\/maps\/embed?pb=!1m18!1m12!1m3!1d3839.7702723921007!2d-47.87500518576721!3d-15.763287526388588!2m3!1f0!2f0!3f0!3m2!1i1024!2i768!4f13.1!3m3!1m2!1s0x935a3bb7149f0079%3A0x8c463c412a473b19!2sFaculdade%20de%20Tecnologia%20-%20Departamento%20de%20Engenharia%20Mec%C3%A2nica%20-%20UnB!5e0!3m2!1spt-BR!2sbr!4v1649436870309!5m2!1spt-BR!2sbr\" width=\"100%\" height=\"450\" style=\"border:0;\" allowfullscreen=\"\" loading=\"lazy\" referrerpolicy=\"no-referrer-when-downgrade\"><\/iframe><\/p>\n","protected":false},"excerpt":{"rendered":"<p>The University of Bras\u00edlia (UnB) was founded on April 21, 1962, two years after the inauguration of Bras\u00edlia. By the time, the university offered 14 graduation nuclei: Mathematics, Physics, Chemistry, Geoscience, Biology, Human Sciences, Language and Literature, Architecture and Urbanism, Engineering, Education, Law\/Economics\/Business\/Diplomacy, Agricultural Sciences and Medical Sciences. The main objective of implementing the university [&hellip;]<\/p>\n","protected":false},"author":1,"featured_media":0,"parent":2148,"menu_order":0,"comment_status":"closed","ping_status":"closed","template":"","meta":{"footnotes":""},"class_list":["post-2152","page","type-page","status-publish","hentry"],"_links":{"self":[{"href":"https:\/\/eventos.abcm.org.br\/cobef2023\/en\/wp-json\/wp\/v2\/pages\/2152","targetHints":{"allow":["GET"]}}],"collection":[{"href":"https:\/\/eventos.abcm.org.br\/cobef2023\/en\/wp-json\/wp\/v2\/pages"}],"about":[{"href":"https:\/\/eventos.abcm.org.br\/cobef2023\/en\/wp-json\/wp\/v2\/types\/page"}],"author":[{"embeddable":true,"href":"https:\/\/eventos.abcm.org.br\/cobef2023\/en\/wp-json\/wp\/v2\/users\/1"}],"replies":[{"embeddable":true,"href":"https:\/\/eventos.abcm.org.br\/cobef2023\/en\/wp-json\/wp\/v2\/comments?post=2152"}],"version-history":[{"count":3,"href":"https:\/\/eventos.abcm.org.br\/cobef2023\/en\/wp-json\/wp\/v2\/pages\/2152\/revisions"}],"predecessor-version":[{"id":2201,"href":"https:\/\/eventos.abcm.org.br\/cobef2023\/en\/wp-json\/wp\/v2\/pages\/2152\/revisions\/2201"}],"up":[{"embeddable":true,"href":"https:\/\/eventos.abcm.org.br\/cobef2023\/en\/wp-json\/wp\/v2\/pages\/2148"}],"wp:attachment":[{"href":"https:\/\/eventos.abcm.org.br\/cobef2023\/en\/wp-json\/wp\/v2\/media?parent=2152"}],"curies":[{"name":"wp","href":"https:\/\/api.w.org\/{rel}","templated":true}]}}