{"id":2079,"date":"2022-02-09T15:10:41","date_gmt":"2022-02-09T18:10:41","guid":{"rendered":"https:\/\/eventos.abcm.org.br\/cobef2023\/?page_id=2079"},"modified":"2022-04-08T11:26:50","modified_gmt":"2022-04-08T14:26:50","slug":"historico","status":"publish","type":"page","link":"https:\/\/eventos.abcm.org.br\/cobef2023\/sobre\/historico\/","title":{"rendered":"Hist\u00f3rico"},"content":{"rendered":"<p>Em novembro de 1999, um grupo de pesquisadores e professores universit\u00e1rios abra\u00e7aram a ideia de se criar um congresso voltado para a \u00e1rea de fabrica\u00e7\u00e3o, ponderando que sua primeira edi\u00e7\u00e3o deveria acontecer no Estado do Paran\u00e1, aproveitando-se o momento da implanta\u00e7\u00e3o do polo automobil\u00edstico no referido estado. Essa proposta foi concretizada durante a realiza\u00e7\u00e3o do XV Congresso Brasileiro de Engenharia Mec\u00e2nica (COBEM), em novembro de 1999, realizado na cidade de \u00c1guas de Lind\u00f3ia \u2013 SP. O apoio formal da diretoria da Associa\u00e7\u00e3o Brasileira de Engenharia e Ci\u00eancias Mec\u00e2nicas (ABCM) e a cria\u00e7\u00e3o de um Comit\u00ea Nacional de Engenharia de Fabrica\u00e7\u00e3o no seio dessa associa\u00e7\u00e3o constitu\u00edram fatores fundamentais para a organiza\u00e7\u00e3o do primeiro congresso.<\/p>\n<p>Ap\u00f3s reuni\u00e3o realizada em fevereiro de 2000, na Universidade Federal do Paran\u00e1 (UFPR), da qual participaram os professores \u00c1lisson Rocha Machado (UFU), Sin\u00e9sio Domingues Franco (UFU), Jos\u00e9 Divo Bressan (UDESC), Rolf Bertrand Schroeter (UFSC), Marcelo Teixeira dos Santos (SOCIESC), Paulo C\u00e9sar Okimoto (UFPR), Dalberto Dias da Costa (UFPR), Walter Casas (UFPR), Ana Sofia D\u2019Oliveira (UFPR), Paulo Victor Marcondes (UFPR), Ramon Cortes Paredes (UFPR),<br \/>\nSilvio Francisco Brunatto (UFPR), Nixon Malveira (UFPR), Ossimar Maranho (UTFPR), Walter Luis Mikos (UTFPR), Milton Luiz Polli (UTFPR), Paulo Andr\u00e9 Beltr\u00e3o (UTFPR), Ricardo Torres (PUCPR), Gilmar Ferreira Batalha (USP), S\u00e9rgio Tonini Button (UNICAMP) e Alexandre Mendes Abr\u00e3o (UFMG), foi enviada \u00e0 ABCM uma proposta de cria\u00e7\u00e3o do Comit\u00ea Nacional de Fabrica\u00e7\u00e3o. Este comit\u00ea foi composto pelos seguintes professores eleitos: \u00c1lisson Rocha Machado, Jos\u00e9 Divo Bressan, Paulo C\u00e9sar Okimoto, S\u00e9rgio Tonini Button, Gilmar Ferreira Batalha, Marcelo Teixeira dos Santos, Walter Lindolfo Weingaertner e Theophilo Moura Maciel.<\/p>\n<p>A primeira a\u00e7\u00e3o do Comit\u00ea de Fabrica\u00e7\u00e3o foi propor \u00e0 ABCM a realiza\u00e7\u00e3o do 1\u00ba Congresso Brasileiro de Engenharia de Fabrica\u00e7\u00e3o (COBEF), na cidade de Curitiba, em abril de 2001. Desde ent\u00e3o, o COBEF j\u00e1 se consagrou como o evento mais importante da Engenharia de Fabrica\u00e7\u00e3o no Brasil, tendo suas edi\u00e7\u00f5es posteriores sido realizadas a cada dois anos em diferentes localidades do pa\u00eds: Uberl\u00e2ndia (2003), Joinville (2005), \u00c1guas de S\u00e3o Pedro (2007), Belo Horizonte (2009), Caxias do Sul (2011), Itatiaia (2013), Salvador (2015), Joinville (2017),  S\u00e3o Carlos (2019) e Curitiba (2021). A sua 12\u00aa edi\u00e7\u00e3o, em 2023, ser\u00e1 sediada em Bras\u00edlia, no Distrito Federal. Nesta nova edi\u00e7\u00e3o, o congresso ser\u00e1 hibrido (parte presencial e parte remota) e ser\u00e1 organizado pelo Departamento de Engenharia Mec\u00e2nica da Universidade de Bras\u00edlia (UnB).<\/p>\n","protected":false},"excerpt":{"rendered":"<p>Em novembro de 1999, um grupo de pesquisadores e professores universit\u00e1rios abra\u00e7aram a ideia de se criar um congresso voltado para a \u00e1rea de fabrica\u00e7\u00e3o, ponderando que sua primeira edi\u00e7\u00e3o deveria acontecer no Estado do Paran\u00e1, aproveitando-se o momento da implanta\u00e7\u00e3o do polo automobil\u00edstico no referido estado. Essa proposta foi concretizada durante a realiza\u00e7\u00e3o do [&hellip;]<\/p>\n","protected":false},"author":1,"featured_media":0,"parent":8,"menu_order":0,"comment_status":"closed","ping_status":"closed","template":"","meta":{"footnotes":""},"class_list":["post-2079","page","type-page","status-publish","hentry"],"_links":{"self":[{"href":"https:\/\/eventos.abcm.org.br\/cobef2023\/wp-json\/wp\/v2\/pages\/2079","targetHints":{"allow":["GET"]}}],"collection":[{"href":"https:\/\/eventos.abcm.org.br\/cobef2023\/wp-json\/wp\/v2\/pages"}],"about":[{"href":"https:\/\/eventos.abcm.org.br\/cobef2023\/wp-json\/wp\/v2\/types\/page"}],"author":[{"embeddable":true,"href":"https:\/\/eventos.abcm.org.br\/cobef2023\/wp-json\/wp\/v2\/users\/1"}],"replies":[{"embeddable":true,"href":"https:\/\/eventos.abcm.org.br\/cobef2023\/wp-json\/wp\/v2\/comments?post=2079"}],"version-history":[{"count":2,"href":"https:\/\/eventos.abcm.org.br\/cobef2023\/wp-json\/wp\/v2\/pages\/2079\/revisions"}],"predecessor-version":[{"id":2120,"href":"https:\/\/eventos.abcm.org.br\/cobef2023\/wp-json\/wp\/v2\/pages\/2079\/revisions\/2120"}],"up":[{"embeddable":true,"href":"https:\/\/eventos.abcm.org.br\/cobef2023\/wp-json\/wp\/v2\/pages\/8"}],"wp:attachment":[{"href":"https:\/\/eventos.abcm.org.br\/cobef2023\/wp-json\/wp\/v2\/media?parent=2079"}],"curies":[{"name":"wp","href":"https:\/\/api.w.org\/{rel}","templated":true}]}}