{"id":2161,"date":"2022-04-08T13:42:04","date_gmt":"2022-04-08T16:42:04","guid":{"rendered":"https:\/\/eventos.abcm.org.br\/cobef2023\/?page_id=2161"},"modified":"2022-08-15T19:08:28","modified_gmt":"2022-08-15T22:08:28","slug":"instrucoes-para-submissao","status":"publish","type":"page","link":"https:\/\/eventos.abcm.org.br\/cobef2023\/submissoes\/instrucoes-para-submissao\/","title":{"rendered":"Instru\u00e7\u00f5es para submiss\u00e3o"},"content":{"rendered":"<p><span style=\"font-weight: 400;\">O objetivo destas instru\u00e7\u00f5es \u00e9 fornecer diretrizes para a submiss\u00e3o de\u00a0<\/span><b>abstract<\/b><span style=\"font-weight: 400;\">,\u00a0trabalho completo (<\/span><b>draft paper)<\/b><span style=\"font-weight: 400;\">\u00a0e\u00a0<\/span><b>final paper<\/b><span style=\"font-weight: 400;\">\u00a0para publica\u00e7\u00e3o nos anais do congresso.<\/span><\/p>\n<p><span style=\"font-weight: 400;\">Para a submiss\u00e3o, o autor e os coautores, devem estar cadastrados no sistema de gest\u00e3o (<\/span><a href=\"https:\/\/www.sistema.abcm.org.br\/users\/login\" target=\"_blank\" rel=\"noopener\"><span style=\"font-weight: 400;\">sistema.abcm.org.br\/users\/login<\/span><\/a><span style=\"font-weight: 400;\">). A submiss\u00e3o requer o preenchimento do formul\u00e1rio que se encontra na op\u00e7\u00e3o \u201cSubmiss\u00f5es\u201d da \u00e1rea\u00a0<\/span><b>AUTOR<\/b><span style=\"font-weight: 400;\">.<\/span><\/p>\n<p><span style=\"font-weight: 400;\">Tamb\u00e9m dever\u00e1 ser selecionado, no sistema de gest\u00e3o, a \u00e1rea que melhor se adequa ao seu trabalho de pesquisa, as \u00e1reas s\u00e3o listadas na aba \u201cSobre: <\/span><span style=\"font-weight: 400;\">\u00c1reas Tem\u00e1ticas<\/span><span style=\"font-weight: 400;\"> \u201d.<\/span><\/p>\n<p><span style=\"font-weight: 400;\">Os\u00a0<\/span><b>abstracts<\/b><span style=\"font-weight: 400;\">\u00a0e\u00a0<\/span><b>artigos<\/b><span style=\"font-weight: 400;\">\u00a0devem ser submetidos atrav\u00e9s do sistema de gerenciamento de confer\u00eancias ABCM. N\u00e3o ser\u00e3o aceitos trabalhos enviados por outros canais.<\/span><\/p>\n<p><b>A l\u00edngua oficial do congresso \u00e9 o portugu\u00eas<\/b><span style=\"font-weight: 400;\">.\u00a0<\/span><b>Contudo, ser\u00e3o aceitos manuscritos em ingl\u00eas<\/b><span style=\"font-weight: 400;\">; mas, se o trabalho n\u00e3o for escrito em ingl\u00eas, o autor dever\u00e1 incluir o t\u00edtulo, os nomes dos autores e afilia\u00e7\u00f5es, o resumo e as palavras-chave, traduzidos para o ingl\u00eas, ap\u00f3s a lista de refer\u00eancias, no fim do artigo, conforme o template.<\/span><\/p>\n<p>&nbsp;<\/p>\n<h3><b>ABSTRACT<\/b><\/h3>\n<p><span style=\"font-weight: 400;\">O\u00a0<\/span><b>abstract<\/b><span style=\"font-weight: 400;\">\u00a0ser\u00e1 revisado para verificar a ader\u00eancia da contribui\u00e7\u00e3o ao congresso, e a adequa\u00e7\u00e3o da \u00e1rea que foi selecionada pelos autores.\u00a0 O\u00a0<\/span><b>abstract<\/b><span style=\"font-weight: 400;\">\u00a0deve descrever os objetivos, contexto e relev\u00e2ncia da pesquisa, a metodologia adotada, os resultados obtidos\/esperados e as conclus\u00f5es preliminares do estudo. N\u00e3o deve conter f\u00f3rmulas nem refer\u00eancias. Todos os coautores devem estar listados, incluindo suas institui\u00e7\u00f5es e endere\u00e7os de e-mail (de prefer\u00eancia institucional).\u00a0 N\u00e3o h\u00e1 <\/span><i><span style=\"font-weight: 400;\">template<\/span><\/i><span style=\"font-weight: 400;\"> espec\u00edfico para o <\/span><b>abstract<\/b><span style=\"font-weight: 400;\">, mas deve possuir de 300 a 400 palavras.<\/span><\/p>\n<p><b>Data final para submiss\u00e3o do abstract<\/b> &#8211; <b>15\/07\/2022<\/b><\/p>\n<p>&nbsp;<\/p>\n<h3><b>TRABALHO COMPLETO (<\/b><b><i>Draft Paper<\/i><\/b><b>)<\/b><\/h3>\n<p><span style=\"font-weight: 400;\">Ap\u00f3s o recebimento da aprova\u00e7\u00e3o do abstract, os autores devem submeter o <\/span><b>trabalho completo, que estar\u00e1 identificado no sistema ABCM como \u201cdraft paper\u201d. <\/b><span style=\"font-weight: 400;\">Nesta etapa,\u00a0o artigo deve apresentar claramente os objetivos e o escopo da pesquisa, com uma revis\u00e3o completa da literatura para demonstrar as contribui\u00e7\u00f5es originais para o estado da arte, bem como toda a metodologia,\u00a0 resultados e discuss\u00f5es e conclus\u00f5es.<\/span><\/p>\n<p><span style=\"font-weight: 400;\">Complementando, o COBEF 2023 receber\u00e1 artigos de no m\u00ednimo 6 e no m\u00e1ximo 10 p\u00e1ginas, que devem incluir t\u00edtulo, afilia\u00e7\u00e3o, resumo, palavras-chave, introdu\u00e7\u00e3o, materiais e m\u00e9todos, resultados e discuss\u00e3o, conclus\u00f5es e refer\u00eancias. Ser\u00e3o aceitos artigos de revis\u00e3o de literatura com n\u00famero de p\u00e1ginas entre 10 e 12 p\u00e1ginas. A vers\u00e3o final do artigo dever\u00e1 ser submetida em formato PDF e n\u00e3o dever\u00e1 exceder 2,0 MB. A quantidade m\u00e1xima de autores por artigo \u00e9 de 6 autores.<\/span><\/p>\n<p><span style=\"font-weight: 400;\">S\u00e3o esperados artigos que contribuam para o estado da arte na \u00e1rea.\u00a0<\/span><\/p>\n<p><span style=\"font-weight: 400;\">O manuscrito do documento deve ser preparado em estrita observ\u00e2ncia a um dos modelos do congresso (<\/span><i><span style=\"font-weight: 400;\">templates<\/span><\/i><span style=\"font-weight: 400;\">) disponibilizado no formato <\/span><a href=\"http:\/\/eventos.abcm.org.br\/cobef2023\/content\/uploads\/2022\/08\/Template-COBEF2023-Pt.docx\"><span style=\"font-weight: 400;\">MS Word<\/span><\/a><span style=\"font-weight: 400;\">. Dispon\u00edveis na aba \u201cSubmiss\u00e3o de Trabalhos: templates\u201d.<\/span><\/p>\n<p><span style=\"font-weight: 400;\">O\u00a0trabalho completo (identificado no sistema ABCM como <\/span><b>draft paper)<\/b><span style=\"font-weight: 400;\">\u00a0ser\u00e1 revisado por avaliadores ad hoc selecionados dentro da \u00e1rea e sub\u00e1rea associada \u00e0 contribui\u00e7\u00e3o. O processo de revis\u00e3o ser\u00e1 coordenado pelao Comit\u00ea Cient\u00edfico do COBEF 2023, dispon\u00edvel na aba \u201cSobre: comit\u00eas\u201d, resultando em uma das tr\u00eas decis\u00f5es poss\u00edveis: \u201caceito\u201d, \u201caceito com\u00a0corre\u00e7\u00f5es\u201d ou \u201crejeitado\u201d.\u00a0<\/span><\/p>\n<p><b>Data final para submiss\u00e3o do Trabalho Completo (<\/b><b><i>draft paper<\/i><\/b><b>)<\/b> <b>15\/11\/2022<\/b><\/p>\n<p>&nbsp;<\/p>\n<h3><b>FINAL PAPER<\/b><\/h3>\n<p><span style=\"font-weight: 400;\">Caso o artigo seja <\/span><b>\u201caceito&#8221; ou &#8220;aceito com corre\u00e7\u00f5es\u201d <\/b>o<span style=\"font-weight: 400;\">s autores devem responder \u00e0s solicita\u00e7\u00f5es e recomenda\u00e7\u00f5es dos revisores, implementando-as conforme solicitado, ou contestando-as com justificativas plaus\u00edveis.\u00a0<\/span><\/p>\n<p><span style=\"font-weight: 400;\">Os autores dever\u00e3o, ent\u00e3o, enviar o artigo final, que ser\u00e1 novamente revisado pelo Comit\u00ea Cient\u00edfico. A decis\u00e3o final ser\u00e1 \u201caceito\u201d ou \u201crejeitado\u201d.<\/span><\/p>\n<p><span style=\"font-weight: 400;\">O trabalho final somente ser\u00e1 \u201caceito\u201d se for elaborado com estrita observ\u00e2ncia do\u00a0<\/span><i><span style=\"font-weight: 400;\">template<\/span><\/i><span style=\"font-weight: 400;\">\u00a0do congresso disponibilizado nos formatos\u00a0<\/span><a href=\"http:\/\/eventos.abcm.org.br\/cobef2023\/content\/uploads\/2022\/08\/Template-COBEF2023-Pt.docx\"><span style=\"font-weight: 400;\">MS Word<\/span><\/a><span style=\"font-weight: 400;\">. E o arquivo dever\u00e1 atender ao tamanho m\u00e1ximo de\u00a02,0 MB.<\/span><\/p>\n<p><span style=\"font-weight: 400;\">Observa\u00e7\u00e3o: ao realizar o\u00a0<\/span><i><span style=\"font-weight: 400;\">upload<\/span><\/i><span style=\"font-weight: 400;\">\u00a0do arquivo final, os autores devem preencher todas as informa\u00e7\u00f5es corretamente, pois ser\u00e3o estas as informa\u00e7\u00f5es que aparecer\u00e3o posteriormente nos\u00a0<\/span><i><span style=\"font-weight: 400;\">proceedings<\/span><\/i><span style=\"font-weight: 400;\">\u00a0do evento e\u00a0<\/span><b>DOI<\/b><span style=\"font-weight: 400;\">. Estas informa\u00e7\u00f5es s\u00e3o de inteira responsabilidade de cada autor,\u00a0<\/span><b>n\u00e3o podendo ser alteradas posteriormente.<\/b><\/p>\n<p><span style=\"font-weight: 400;\">Os trabalhos ser\u00e3o divididos em apresenta\u00e7\u00e3o oral ou poster, sendo a defini\u00e7\u00e3o do dia e hor\u00e1rio de apresenta\u00e7\u00e3o realizada em fun\u00e7\u00e3o do cronograma do congresso. Os autores ser\u00e3o informados com anteced\u00eancia.<\/span><\/p>\n<p><b>Os melhores trabalhos de cada \u00e1rea tem\u00e1tica, escolhidos por comiss\u00e3o <\/b><b><i>ad hoc<\/i><\/b><b>, ser\u00e3o premiados com certificado oficial do evento.<\/b><\/p>\n<p><b>Data final para submiss\u00e3o do <\/b><b><i>Final Paper<\/i><\/b> &#8211; <b>15\/03\/2023<\/b><\/p>\n<p>&nbsp;<\/p>\n<h3><b>Informa\u00e7\u00f5es importantes<\/b><\/h3>\n<p><span style=\"font-weight: 400;\">O trabalho de pesquisa relatado n\u00e3o deve ter sido publicado anteriormente em confer\u00eancias ou peri\u00f3dicos.\u00a0<\/span><\/p>\n<p><span style=\"font-weight: 400;\">Todos os coautores devem possuir cadastro no sistema da ABCM, se declararem cientes da submiss\u00e3o e compartilharem a responsabilidade pelo seu conte\u00fado.\u00a0<\/span><\/p>\n<p><span style=\"font-weight: 400;\">Para o envio de trabalho cient\u00edfico n\u00e3o h\u00e1 obrigatoriedade de pagamento de inscri\u00e7\u00e3o, podendo este ser efetuado ap\u00f3s o aceite do trabalho.<\/span><\/p>\n<p><span style=\"font-weight: 400;\">Para ser publicado nos anais, cada trabalho dever\u00e1 ter ao menos uma taxa de inscri\u00e7\u00e3o associada e ser apresentado no congresso.<\/span><\/p>\n<p><span style=\"font-weight: 400;\">Apenas trabalhos apresentados (oral ou p\u00f4ster) durante o congresso ser\u00e3o publicados nos anais de evento.<\/span><\/p>\n","protected":false},"excerpt":{"rendered":"<p>O objetivo destas instru\u00e7\u00f5es \u00e9 fornecer diretrizes para a submiss\u00e3o de\u00a0abstract,\u00a0trabalho completo (draft paper)\u00a0e\u00a0final paper\u00a0para publica\u00e7\u00e3o nos anais do congresso. Para a submiss\u00e3o, o autor e os coautores, devem estar cadastrados no sistema de gest\u00e3o (sistema.abcm.org.br\/users\/login). A submiss\u00e3o requer o preenchimento do formul\u00e1rio que se encontra na op\u00e7\u00e3o \u201cSubmiss\u00f5es\u201d da \u00e1rea\u00a0AUTOR. Tamb\u00e9m dever\u00e1 ser selecionado, [&hellip;]<\/p>\n","protected":false},"author":1,"featured_media":0,"parent":2037,"menu_order":0,"comment_status":"closed","ping_status":"closed","template":"","meta":{"footnotes":""},"class_list":["post-2161","page","type-page","status-publish","hentry"],"_links":{"self":[{"href":"https:\/\/eventos.abcm.org.br\/cobef2023\/wp-json\/wp\/v2\/pages\/2161","targetHints":{"allow":["GET"]}}],"collection":[{"href":"https:\/\/eventos.abcm.org.br\/cobef2023\/wp-json\/wp\/v2\/pages"}],"about":[{"href":"https:\/\/eventos.abcm.org.br\/cobef2023\/wp-json\/wp\/v2\/types\/page"}],"author":[{"embeddable":true,"href":"https:\/\/eventos.abcm.org.br\/cobef2023\/wp-json\/wp\/v2\/users\/1"}],"replies":[{"embeddable":true,"href":"https:\/\/eventos.abcm.org.br\/cobef2023\/wp-json\/wp\/v2\/comments?post=2161"}],"version-history":[{"count":8,"href":"https:\/\/eventos.abcm.org.br\/cobef2023\/wp-json\/wp\/v2\/pages\/2161\/revisions"}],"predecessor-version":[{"id":2247,"href":"https:\/\/eventos.abcm.org.br\/cobef2023\/wp-json\/wp\/v2\/pages\/2161\/revisions\/2247"}],"up":[{"embeddable":true,"href":"https:\/\/eventos.abcm.org.br\/cobef2023\/wp-json\/wp\/v2\/pages\/2037"}],"wp:attachment":[{"href":"https:\/\/eventos.abcm.org.br\/cobef2023\/wp-json\/wp\/v2\/media?parent=2161"}],"curies":[{"name":"wp","href":"https:\/\/api.w.org\/{rel}","templated":true}]}}