{"id":643,"date":"2018-10-30T11:46:20","date_gmt":"2018-10-30T13:46:20","guid":{"rendered":"http:\/\/eventos.abcm.org.br\/cobem2019\/?page_id=643"},"modified":"2018-10-30T11:57:53","modified_gmt":"2018-10-30T13:57:53","slug":"about-uberlandia","status":"publish","type":"page","link":"https:\/\/eventos.abcm.org.br\/cobem2019\/venue\/about-uberlandia\/","title":{"rendered":"About Uberl\u00e2ndia"},"content":{"rendered":"<p>Uberl\u00e2ndia is located in the western part of the state of Minas Gerais,<br \/>\nin the region called Tri\u00e2ngulo Mineiro, one of the richest agricultural<br \/>\nregions of Brazil, between the Parana\u00edba and Grande rivers. With a<br \/>\npopulation of 654,681 inhabitants, according to 2014 estimates, the city<br \/>\nis the second largest in the state second only to Belo Horizonte<br \/>\n(2,491,109).<\/p>\n<p>It is connected to major cities by the following federal highways:<br \/>\nBR-050, BR-365, BR-455, BR-452, and BR-497. Uberl\u00e2ndia is about 580 km<br \/>\naway from S\u00e3o Paulo, connected by a modern and safe double trace highway<br \/>\n(BR-050). The capital of the state of Minas Gerais, Belo Horizonte, is<br \/>\n560 km away and Bras\u00edlia, the capital of the country, lies just 440 km<br \/>\nto the north.<\/p>\n<p>Due to its centrality and good transport links, Uberl\u00e2ndia has been<br \/>\nchosen as a distribution point for the Free Economic Zone of Manaus, the<br \/>\nfirst ever such distribution point.<\/p>\n<p>The city of Uberl\u00e2ndia has many touristic attractions, in its<br \/>\narchitectural value and cultural and natural values. Some of the main<br \/>\nattractions of the city:<\/p>\n<p>&#8211; Municipal Market of Uberl\u00e2ndia: It is located at the city center. It<br \/>\nwas established in 1923, but only had its construction started in 1944.<br \/>\nIt is situated in Oleg\u00e1rio Maciel street, and offers diverse typical<br \/>\nproducts from the state of Minas Gerais.<\/p>\n<p>&#8211; Municipal Museum of Uberl\u00e2ndia: It is located at the city center, on<br \/>\nthe Clarimundo Carneiro Square. The same building had been used as City<br \/>\nHall. It has been reformed and today is a place where many cultural<br \/>\nprojects take place.<\/p>\n<p>&#8211; Sabi\u00e1 Park: It is a park\/zoo, located on the East Zone of the city. It<br \/>\nis a green complex made up of a zoo with dozens of animals in captivity;<br \/>\nseven lakes that come together to form one big lagoon; an aquarium that<br \/>\nhas 36 tanks and 36 different fish species; a running track of 5.100<br \/>\nmeters; and much more.<\/p>\n<p>&#8211; Rondon Pacheco Avenue: It is considered to be the \u201cgastronomic<br \/>\ncorridor\u201d of Uberl\u00e2ndia. Around it is where the nightlife in Uberl\u00e2ndia<br \/>\ncan be found, having many bars, restaurants, cacha\u00e7arias, pizzerias,<br \/>\ncafes, ice cream parlors and sweet shops. There are more than 60<br \/>\nestablishments across the avenue. Furthermore, the avenue also has many<br \/>\nhotels, convenience stores, gas stations, supermarkets and hypermarkets.<br \/>\nThe avenue cuts the city from east to west.<\/p>\n","protected":false},"excerpt":{"rendered":"<p>Uberl\u00e2ndia is located in the western part of the state of Minas Gerais, in the region called Tri\u00e2ngulo Mineiro, one of the richest agricultural regions of Brazil, between the Parana\u00edba and Grande rivers. With a population of 654,681 inhabitants, according to 2014 estimates, the city is the second largest in the state second only to [&hellip;]<\/p>\n","protected":false},"author":1,"featured_media":0,"parent":641,"menu_order":0,"comment_status":"closed","ping_status":"closed","template":"","meta":{"_acf_changed":false,"footnotes":""},"class_list":["post-643","page","type-page","status-publish","hentry"],"acf":[],"_links":{"self":[{"href":"https:\/\/eventos.abcm.org.br\/cobem2019\/wp-json\/wp\/v2\/pages\/643","targetHints":{"allow":["GET"]}}],"collection":[{"href":"https:\/\/eventos.abcm.org.br\/cobem2019\/wp-json\/wp\/v2\/pages"}],"about":[{"href":"https:\/\/eventos.abcm.org.br\/cobem2019\/wp-json\/wp\/v2\/types\/page"}],"author":[{"embeddable":true,"href":"https:\/\/eventos.abcm.org.br\/cobem2019\/wp-json\/wp\/v2\/users\/1"}],"replies":[{"embeddable":true,"href":"https:\/\/eventos.abcm.org.br\/cobem2019\/wp-json\/wp\/v2\/comments?post=643"}],"version-history":[{"count":2,"href":"https:\/\/eventos.abcm.org.br\/cobem2019\/wp-json\/wp\/v2\/pages\/643\/revisions"}],"predecessor-version":[{"id":657,"href":"https:\/\/eventos.abcm.org.br\/cobem2019\/wp-json\/wp\/v2\/pages\/643\/revisions\/657"}],"up":[{"embeddable":true,"href":"https:\/\/eventos.abcm.org.br\/cobem2019\/wp-json\/wp\/v2\/pages\/641"}],"wp:attachment":[{"href":"https:\/\/eventos.abcm.org.br\/cobem2019\/wp-json\/wp\/v2\/media?parent=643"}],"curies":[{"name":"wp","href":"https:\/\/api.w.org\/{rel}","templated":true}]}}