{"id":2025,"date":"2021-02-03T14:23:03","date_gmt":"2021-02-03T16:23:03","guid":{"rendered":"https:\/\/eventos.abcm.org.br\/cobem2021\/?page_id=2025"},"modified":"2021-02-05T11:59:46","modified_gmt":"2021-02-05T13:59:46","slug":"congress-venue","status":"publish","type":"page","link":"https:\/\/eventos.abcm.org.br\/cobem2021\/informations\/congress-venue\/","title":{"rendered":"Congress venue"},"content":{"rendered":"<h3>Centrosul &#8211; Centro de Conven\u00e7\u00f5es de Florian\u00f3polis<\/h3>\n<p>Av. Gustavo Richard, 850 &#8211; Centro<br \/>\nFlorian\u00f3polis, SC, Brazil, SC 88010-290<br \/>\n0800 11 6001<br \/>\n<a href=\"https:\/\/www.centrosul.net\/\" target=\"_blank\" rel=\"noopener\">https:\/\/www.centrosul.net\/<\/a><br \/>\n<a href=\"https:\/\/www.facebook.com\/centrosulflorianopolis\/\" target=\"_blank\" rel=\"noopener\">https:\/\/www.facebook.com\/centrosulflorianopolis\/<\/a><\/p>\n<p><iframe loading=\"lazy\" style=\"border: 0; display: block !important;\" tabindex=\"0\" src=\"https:\/\/www.google.com\/maps\/embed?pb=!1m14!1m8!1m3!1d14696.712976981044!2d-43.3777264!3d-22.9436618!3m2!1i1024!2i768!4f13.1!3m3!1m2!1s0x9527382f6ea54bd7%3A0xe6fdbcd2ab78040f!2sCentrosul%20-%20Av.%20Gov.%20Gustavo%20Richard%2C%20850%20-%20Centro%2C%20Florian%C3%B3polis%20-%20SC%2C%2088010-290!5e0!3m2!1spt-BR!2sbr!4v1612447751819!5m2!1spt-BR!2sbr\" width=\"100%\" height=\"500\" frameborder=\"0\" allowfullscreen=\"allowfullscreen\" aria-hidden=\"false\"><\/iframe><\/p>\n","protected":false},"excerpt":{"rendered":"<p>Centrosul &#8211; Centro de Conven\u00e7\u00f5es de Florian\u00f3polis Av. Gustavo Richard, 850 &#8211; Centro Florian\u00f3polis, SC, Brazil, SC 88010-290 0800 11 6001 https:\/\/www.centrosul.net\/ https:\/\/www.facebook.com\/centrosulflorianopolis\/<\/p>\n","protected":false},"author":1,"featured_media":0,"parent":1968,"menu_order":0,"comment_status":"closed","ping_status":"closed","template":"","meta":{"footnotes":""},"class_list":["post-2025","page","type-page","status-publish","hentry"],"_links":{"self":[{"href":"https:\/\/eventos.abcm.org.br\/cobem2021\/wp-json\/wp\/v2\/pages\/2025","targetHints":{"allow":["GET"]}}],"collection":[{"href":"https:\/\/eventos.abcm.org.br\/cobem2021\/wp-json\/wp\/v2\/pages"}],"about":[{"href":"https:\/\/eventos.abcm.org.br\/cobem2021\/wp-json\/wp\/v2\/types\/page"}],"author":[{"embeddable":true,"href":"https:\/\/eventos.abcm.org.br\/cobem2021\/wp-json\/wp\/v2\/users\/1"}],"replies":[{"embeddable":true,"href":"https:\/\/eventos.abcm.org.br\/cobem2021\/wp-json\/wp\/v2\/comments?post=2025"}],"version-history":[{"count":26,"href":"https:\/\/eventos.abcm.org.br\/cobem2021\/wp-json\/wp\/v2\/pages\/2025\/revisions"}],"predecessor-version":[{"id":2070,"href":"https:\/\/eventos.abcm.org.br\/cobem2021\/wp-json\/wp\/v2\/pages\/2025\/revisions\/2070"}],"up":[{"embeddable":true,"href":"https:\/\/eventos.abcm.org.br\/cobem2021\/wp-json\/wp\/v2\/pages\/1968"}],"wp:attachment":[{"href":"https:\/\/eventos.abcm.org.br\/cobem2021\/wp-json\/wp\/v2\/media?parent=2025"}],"curies":[{"name":"wp","href":"https:\/\/api.w.org\/{rel}","templated":true}]}}