{"id":2665,"date":"2023-03-29T12:02:26","date_gmt":"2023-03-29T15:02:26","guid":{"rendered":"https:\/\/eventos.abcm.org.br\/cobem2023\/?page_id=2665"},"modified":"2023-03-29T12:02:26","modified_gmt":"2023-03-29T15:02:26","slug":"copyright","status":"publish","type":"page","link":"https:\/\/eventos.abcm.org.br\/cobem2023\/policy\/copyright\/","title":{"rendered":"Copyright"},"content":{"rendered":"<p>Upon submission, the authors must agree with:<\/p>\n<p>All copyrights in and to the manuscript submitted, in all forms and media, are assigned to the <em>Associa\u00e7\u00e3o Brasileira de Engenharia e Ci\u00eancias Mec\u00e2nicas<\/em> \u2013\u00a0 ABCM effective if and when it is accepted for publication by ABCM.<\/p>\n<p>The authors also confirm that the manuscript contains no material the publication of which would violate any copyright or other personal or proprietary right of any person or entity.<\/p>\n","protected":false},"excerpt":{"rendered":"<p>Upon submission, the authors must agree with: All copyrights in and to the manuscript submitted, in all forms and media, are assigned to the Associa\u00e7\u00e3o Brasileira de Engenharia e Ci\u00eancias Mec\u00e2nicas \u2013\u00a0 ABCM effective if and when it is accepted for publication by ABCM. The authors also confirm that the manuscript contains no material the [&hellip;]<\/p>\n","protected":false},"author":1,"featured_media":0,"parent":2663,"menu_order":0,"comment_status":"closed","ping_status":"closed","template":"","meta":{"footnotes":""},"class_list":["post-2665","page","type-page","status-publish","hentry"],"_links":{"self":[{"href":"https:\/\/eventos.abcm.org.br\/cobem2023\/wp-json\/wp\/v2\/pages\/2665","targetHints":{"allow":["GET"]}}],"collection":[{"href":"https:\/\/eventos.abcm.org.br\/cobem2023\/wp-json\/wp\/v2\/pages"}],"about":[{"href":"https:\/\/eventos.abcm.org.br\/cobem2023\/wp-json\/wp\/v2\/types\/page"}],"author":[{"embeddable":true,"href":"https:\/\/eventos.abcm.org.br\/cobem2023\/wp-json\/wp\/v2\/users\/1"}],"replies":[{"embeddable":true,"href":"https:\/\/eventos.abcm.org.br\/cobem2023\/wp-json\/wp\/v2\/comments?post=2665"}],"version-history":[{"count":1,"href":"https:\/\/eventos.abcm.org.br\/cobem2023\/wp-json\/wp\/v2\/pages\/2665\/revisions"}],"predecessor-version":[{"id":2666,"href":"https:\/\/eventos.abcm.org.br\/cobem2023\/wp-json\/wp\/v2\/pages\/2665\/revisions\/2666"}],"up":[{"embeddable":true,"href":"https:\/\/eventos.abcm.org.br\/cobem2023\/wp-json\/wp\/v2\/pages\/2663"}],"wp:attachment":[{"href":"https:\/\/eventos.abcm.org.br\/cobem2023\/wp-json\/wp\/v2\/media?parent=2665"}],"curies":[{"name":"wp","href":"https:\/\/api.w.org\/{rel}","templated":true}]}}