{"id":2887,"date":"2023-11-29T10:51:22","date_gmt":"2023-11-29T13:51:22","guid":{"rendered":"https:\/\/eventos.abcm.org.br\/cobem2023\/?page_id=2887"},"modified":"2023-11-29T10:54:03","modified_gmt":"2023-11-29T13:54:03","slug":"panel-discussions","status":"publish","type":"page","link":"https:\/\/eventos.abcm.org.br\/cobem2023\/panel-discussions\/","title":{"rendered":"Panel Discussions"},"content":{"rendered":"<p><strong>Painel de Debates AlumniEMC: O Papel do Engenheiro na Transforma\u00e7\u00e3o do Futuro<\/strong><\/p>\n<p>A engenharia encontra atualmente um cen\u00e1rio bastante desafiador para o desenvolvimento tecnol\u00f3gico e competitividade industrial. Os problemas a resolver s\u00e3o abertos, at\u00e9 mesmo as perguntas corretas n\u00e3o s\u00e3o muitas vezes conhecidas, os temas exigem abordagens multidisciplinares, necessidade de trabalhar em equipes com pessoas de outras \u00e1reas do conhecimento, requerem que o engenheiro possua conhecimento fundamental e compet\u00eancias para transformar o conhecimento em resultados.<\/p>\n<p>Neste cen\u00e1rio: Como o engenheiro muda o futuro pelas suas a\u00e7\u00f5es nas empresas e nas institui\u00e7\u00f5es? Qual a import\u00e2ncia de uma postura transformadora na condu\u00e7\u00e3o das suas atividades? O que buscam as empresas que desenvolvem tecnologia? Quais os conhecimentos e compet\u00eancias necess\u00e1rios ao engenheiro e quais os papeis das institui\u00e7\u00f5es de ensino superior, institutos e empresas na forma\u00e7\u00e3o do engenheiro? Quais as proje\u00e7\u00f5es para o futuro das Ci\u00eancias e Engenharia Mec\u00e2nica?<\/p>\n<p>Para debater este assunto, a AlumniEMC convidou os seguintes especialistas:<\/p>\n<p>&nbsp;<\/p>\n<p><img loading=\"lazy\" decoding=\"async\" class=\"alignnone size-medium wp-image-2890\" src=\"http:\/\/eventos.abcm.org.br\/cobem2023\/content\/uploads\/2023\/11\/Rodrigo-Persico-255x339.jpg\" alt=\"\" width=\"255\" height=\"339\" srcset=\"https:\/\/eventos.abcm.org.br\/cobem2023\/content\/uploads\/2023\/11\/Rodrigo-Persico-255x339.jpg 255w, https:\/\/eventos.abcm.org.br\/cobem2023\/content\/uploads\/2023\/11\/Rodrigo-Persico-83x110.jpg 83w, https:\/\/eventos.abcm.org.br\/cobem2023\/content\/uploads\/2023\/11\/Rodrigo-Persico.jpg 380w\" sizes=\"auto, (max-width: 255px) 100vw, 255px\" \/><\/p>\n<p>Rodrigo P\u00e9rsico, CEO da Atech\/EMBRAER<\/p>\n<p>&nbsp;<\/p>\n<p><img loading=\"lazy\" decoding=\"async\" class=\"alignnone size-full wp-image-2889\" src=\"http:\/\/eventos.abcm.org.br\/cobem2023\/content\/uploads\/2023\/11\/Andre-Michel-Kehrwald.jpg\" alt=\"\" width=\"200\" height=\"200\" srcset=\"https:\/\/eventos.abcm.org.br\/cobem2023\/content\/uploads\/2023\/11\/Andre-Michel-Kehrwald.jpg 200w, https:\/\/eventos.abcm.org.br\/cobem2023\/content\/uploads\/2023\/11\/Andre-Michel-Kehrwald-150x150.jpg 150w, https:\/\/eventos.abcm.org.br\/cobem2023\/content\/uploads\/2023\/11\/Andre-Michel-Kehrwald-110x110.jpg 110w\" sizes=\"auto, (max-width: 200px) 100vw, 200px\" \/><\/p>\n<p>Andr\u00e9 Michel Kehrwald,\u00a0 CEO da C-Pack<\/p>\n<p>&nbsp;<\/p>\n<p><img loading=\"lazy\" decoding=\"async\" class=\"alignnone size-full wp-image-2888\" src=\"http:\/\/eventos.abcm.org.br\/cobem2023\/content\/uploads\/2023\/11\/Carlos-Rodrigo-de-Mello-Roesler.jpg\" alt=\"\" width=\"296\" height=\"296\" srcset=\"https:\/\/eventos.abcm.org.br\/cobem2023\/content\/uploads\/2023\/11\/Carlos-Rodrigo-de-Mello-Roesler.jpg 296w, https:\/\/eventos.abcm.org.br\/cobem2023\/content\/uploads\/2023\/11\/Carlos-Rodrigo-de-Mello-Roesler-150x150.jpg 150w, https:\/\/eventos.abcm.org.br\/cobem2023\/content\/uploads\/2023\/11\/Carlos-Rodrigo-de-Mello-Roesler-110x110.jpg 110w\" sizes=\"auto, (max-width: 296px) 100vw, 296px\" \/><\/p>\n<p>Carlos Rodrigo de Mello Roesler, professor do Departamento de Engenharia Mec\u00e2nica e diretor do Centro Nacional de An\u00e1lise de Explantes &#8211; CNAEx<\/p>\n<p>&nbsp;<\/p>\n<p>O painel ser\u00e1 mediado pelo professor do Departamento de Engenharia Mec\u00e2nica S\u00e9rgio Luiz Gargioni.<\/p>\n<p><strong>DATA:<\/strong> quarta feira, 06\/12<\/p>\n<p><strong>HORA:<\/strong> 16h10min<\/p>\n<p><strong>LOCAL: <\/strong>Lounge, Sal\u00e3o de Exposi\u00e7\u00e3o B, piso t\u00e9rreo do Centro de Conven\u00e7\u00f5es CentroSul.<\/p>\n","protected":false},"excerpt":{"rendered":"<p>Painel de Debates AlumniEMC: O Papel do Engenheiro na Transforma\u00e7\u00e3o do Futuro A engenharia encontra atualmente um cen\u00e1rio bastante desafiador para o desenvolvimento tecnol\u00f3gico e competitividade industrial. Os problemas a resolver s\u00e3o abertos, at\u00e9 mesmo as perguntas corretas n\u00e3o s\u00e3o muitas vezes conhecidas, os temas exigem abordagens multidisciplinares, necessidade de trabalhar em equipes com pessoas [&hellip;]<\/p>\n","protected":false},"author":1,"featured_media":0,"parent":0,"menu_order":0,"comment_status":"closed","ping_status":"closed","template":"","meta":{"footnotes":""},"class_list":["post-2887","page","type-page","status-publish","hentry"],"_links":{"self":[{"href":"https:\/\/eventos.abcm.org.br\/cobem2023\/wp-json\/wp\/v2\/pages\/2887","targetHints":{"allow":["GET"]}}],"collection":[{"href":"https:\/\/eventos.abcm.org.br\/cobem2023\/wp-json\/wp\/v2\/pages"}],"about":[{"href":"https:\/\/eventos.abcm.org.br\/cobem2023\/wp-json\/wp\/v2\/types\/page"}],"author":[{"embeddable":true,"href":"https:\/\/eventos.abcm.org.br\/cobem2023\/wp-json\/wp\/v2\/users\/1"}],"replies":[{"embeddable":true,"href":"https:\/\/eventos.abcm.org.br\/cobem2023\/wp-json\/wp\/v2\/comments?post=2887"}],"version-history":[{"count":3,"href":"https:\/\/eventos.abcm.org.br\/cobem2023\/wp-json\/wp\/v2\/pages\/2887\/revisions"}],"predecessor-version":[{"id":2894,"href":"https:\/\/eventos.abcm.org.br\/cobem2023\/wp-json\/wp\/v2\/pages\/2887\/revisions\/2894"}],"wp:attachment":[{"href":"https:\/\/eventos.abcm.org.br\/cobem2023\/wp-json\/wp\/v2\/media?parent=2887"}],"curies":[{"name":"wp","href":"https:\/\/api.w.org\/{rel}","templated":true}]}}