{"id":582,"date":"2017-06-22T13:44:55","date_gmt":"2017-06-22T16:44:55","guid":{"rendered":"http:\/\/eventos.abcm.org.br\/conem2018\/?page_id=582"},"modified":"2018-04-02T15:23:03","modified_gmt":"2018-04-02T18:23:03","slug":"submissao-de-trabalhos","status":"publish","type":"page","link":"https:\/\/eventos.abcm.org.br\/conem2018\/sobre\/submissao-de-trabalhos\/","title":{"rendered":"Submiss\u00e3o de Trabalhos"},"content":{"rendered":"<p>Para a <strong>segunda<\/strong><strong>\u00a0etapa\u00a0da submiss\u00e3o do trabalho ao CONEM 2018<\/strong>\u00a0o artigo final enviado deve estar completo, de acordo com os modelos dispon\u00edveis. Somente estar\u00e3o aptos a enviar o trabalho final completo para submiss\u00e3o aqueles que foram consolidados como\u00a0<strong>aceitos<\/strong> ou\u00a0<strong>aceitos com modifica\u00e7\u00f5es<\/strong>. Os autores que tiveram seus trabalhos rejeitados ficam impossibilitados de enviar a vers\u00e3o final.<\/p>\n<p>Os autores devem fazer o upload do arquivo final e preencher todas as informa\u00e7\u00f5es corretamente, pois ser\u00e3o estas as informa\u00e7\u00f5es que aparecer\u00e3o posteriormente nos <em>proceedings<\/em> do evento e <strong>DOI<\/strong>. Estas informa\u00e7\u00f5es s\u00e3o de inteira responsabilidade de cada autor, <strong>n\u00e3o podendo ser alteradas posteriormente<\/strong>. Portanto, os autores devem ter bastante aten\u00e7\u00e3o no momento de submiss\u00e3o do trabalho final.<\/p>\n<p><strong>TRABALHO COMPLETO<\/strong><\/p>\n<p>O envio dos trabalhos completos est\u00e1 com <em>deadline<\/em> at\u00e9 <strong>10\/04<\/strong>!<\/p>\n<p>Baixe o modelo para trabalho completo:<\/p>\n<ul>\n<li><a href=\"https:\/\/drive.google.com\/file\/d\/1CN0ttHoA_uq_qYW9lIosMYM2H7YbE7bX\/view?usp=sharing\">Modelo Word<\/a><\/li>\n<li><a href=\"https:\/\/drive.google.com\/file\/d\/1Ug9fv-SH22cPPWzKDHBvQrHCApi-8nGI\/view?usp=sharing\">Modelo LATEX<\/a><\/li>\n<\/ul>\n<p><strong>PROCESSO DE SUBMISS\u00c3O<\/strong><\/p>\n<ol>\n<li>O envio \u00e9 realizado atrav\u00e9s do Sistema da ABCM (<a href=\"http:\/\/www.sistema.abcm.org.br\/users\/login\">www.sistema.abcm.org.br<\/a>). A conta criada no sistema durante a primeira etapa de submiss\u00e3o de trabalhos \u00e9 a mesma para a submiss\u00e3o do trabalho final.<\/li>\n<li>Se voc\u00ea j\u00e1 possui uma conta, fa\u00e7a o login especificando seu nome de usu\u00e1rio, senha e escolhendo CONEM 2018 na lista de eventos.<\/li>\n<li>V\u00e1 para Submiss\u00f5es &gt; Minhas submiss\u00f5es &gt; Enviar trabalho final.<\/li>\n<li>No campo do resumo, envie um breve resumo (m\u00e1x de 250 palavras).<\/li>\n<li>Em seguida, insira o arquivo PDF da vers\u00e3o final do seu artigo (Limite de arquivo: 2 MB).<\/li>\n<\/ol>\n<p>&nbsp;<\/p>\n","protected":false},"excerpt":{"rendered":"<p>Para a segunda\u00a0etapa\u00a0da submiss\u00e3o do trabalho ao CONEM 2018\u00a0o artigo final enviado deve estar completo, de acordo com os modelos dispon\u00edveis. Somente estar\u00e3o aptos a enviar o trabalho final completo para submiss\u00e3o aqueles que foram consolidados como\u00a0aceitos ou\u00a0aceitos com modifica\u00e7\u00f5es. Os autores que tiveram seus trabalhos rejeitados ficam impossibilitados de enviar a vers\u00e3o final. Os [&hellip;]<\/p>\n","protected":false},"author":2,"featured_media":0,"parent":8,"menu_order":1,"comment_status":"closed","ping_status":"closed","template":"","meta":{"_acf_changed":false,"footnotes":""},"class_list":["post-582","page","type-page","status-publish","hentry"],"acf":[],"_links":{"self":[{"href":"https:\/\/eventos.abcm.org.br\/conem2018\/wp-json\/wp\/v2\/pages\/582","targetHints":{"allow":["GET"]}}],"collection":[{"href":"https:\/\/eventos.abcm.org.br\/conem2018\/wp-json\/wp\/v2\/pages"}],"about":[{"href":"https:\/\/eventos.abcm.org.br\/conem2018\/wp-json\/wp\/v2\/types\/page"}],"author":[{"embeddable":true,"href":"https:\/\/eventos.abcm.org.br\/conem2018\/wp-json\/wp\/v2\/users\/2"}],"replies":[{"embeddable":true,"href":"https:\/\/eventos.abcm.org.br\/conem2018\/wp-json\/wp\/v2\/comments?post=582"}],"version-history":[{"count":18,"href":"https:\/\/eventos.abcm.org.br\/conem2018\/wp-json\/wp\/v2\/pages\/582\/revisions"}],"predecessor-version":[{"id":752,"href":"https:\/\/eventos.abcm.org.br\/conem2018\/wp-json\/wp\/v2\/pages\/582\/revisions\/752"}],"up":[{"embeddable":true,"href":"https:\/\/eventos.abcm.org.br\/conem2018\/wp-json\/wp\/v2\/pages\/8"}],"wp:attachment":[{"href":"https:\/\/eventos.abcm.org.br\/conem2018\/wp-json\/wp\/v2\/media?parent=582"}],"curies":[{"name":"wp","href":"https:\/\/api.w.org\/{rel}","templated":true}]}}