{"id":602,"date":"2017-10-18T16:11:54","date_gmt":"2017-10-18T18:11:54","guid":{"rendered":"http:\/\/eventos.abcm.org.br\/conem2018\/?page_id=602"},"modified":"2018-04-19T14:45:53","modified_gmt":"2018-04-19T17:45:53","slug":"inscricoes","status":"publish","type":"page","link":"https:\/\/eventos.abcm.org.br\/conem2018\/sobre\/inscricoes\/","title":{"rendered":"Inscri\u00e7\u00f5es"},"content":{"rendered":"<p>Somente ser\u00e3o inclu\u00eddos nos Anais do evento artigos que possuam pelo menos uma taxa de inscri\u00e7\u00e3o associada e que forem apresentados no congresso.<\/p>\n<div class=\"table__container table__lighten\">\n<table style=\"height: 106px;\" border=\"0\" width=\"251\" cellspacing=\"0\" cellpadding=\"0\">\n<tbody>\n<tr>\n<td>\n<table style=\"height: 449px;\" width=\"470\">\n<tbody>\n<tr>\n<th width=\"194\">TAXAS CONEM 2018<\/th>\n<th style=\"text-align: center;\" width=\"117\">VALOR<\/th>\n<th style=\"text-align: center;\" width=\"148\">TAXA DE PUBLICA\u00c7\u00c3O ADICIONAL<\/th>\n<\/tr>\n<tr>\n<td width=\"194\">Profissionais* N\u00e3o-S\u00f3cio ABCM<\/td>\n<td style=\"text-align: center;\" width=\"117\">R$ 950,00<\/td>\n<td style=\"text-align: center;\" width=\"148\">R$ 200,00<\/td>\n<\/tr>\n<tr>\n<td width=\"194\">Profissionais* Associados ABCM<\/td>\n<td style=\"text-align: center;\" width=\"117\">R$ 650,00<\/td>\n<td style=\"text-align: center;\" width=\"148\">R$ 100,00<\/td>\n<\/tr>\n<tr>\n<td width=\"194\">Estudantes P\u00f3s Gradua\u00e7\u00e3o** N\u00e3o-S\u00f3cio ABCM<\/td>\n<td style=\"text-align: center;\" width=\"117\">R$ 475,00<\/td>\n<td style=\"text-align: center;\" width=\"148\">R$ 200,00<\/td>\n<\/tr>\n<tr>\n<td width=\"194\">Estudantes P\u00f3s Gradua\u00e7\u00e3o** Associados ABCM<\/td>\n<td style=\"text-align: center;\" width=\"117\">R$ 315,00<\/td>\n<td style=\"text-align: center;\" width=\"148\">R$ 100,00<\/td>\n<\/tr>\n<tr>\n<td width=\"194\">Estudantes Gradua\u00e7\u00e3o** N\u00e3o-S\u00f3cio ABCM<\/td>\n<td style=\"text-align: center;\" width=\"117\">R$ 237,50<\/td>\n<td style=\"text-align: center;\" width=\"148\">R$ 100,00<\/td>\n<\/tr>\n<tr>\n<td width=\"194\">Estudantes Gradua\u00e7\u00e3o** Associados ABCM<\/td>\n<td style=\"text-align: center;\" width=\"117\">R$ 152,50<\/td>\n<td style=\"text-align: center;\" width=\"148\">R$ 100,00<\/td>\n<\/tr>\n<\/tbody>\n<\/table>\n<\/td>\n<\/tr>\n<\/tbody>\n<\/table>\n<p>&nbsp;<\/p>\n<\/div>\n<p>Somente ser\u00e3o inclu\u00eddos nos Anais do evento artigos que possuam pelo menos uma taxa de inscri\u00e7\u00e3o associada.<\/p>\n<p>*Profissionais \u2013 Publica\u00e7\u00e3o de at\u00e9 dois trabalhos inclusa<\/p>\n<p>** Estudantes de P\u00f3s-Gradua\u00e7\u00e3o e Gradua\u00e7\u00e3o \u2013 Publica\u00e7\u00e3o de at\u00e9 um trabalho inclusa<\/p>\n<p>*** Taxa adicional por artigo \u2013 A partir do terceiro para Profissionais ou a partir do segundo para Estudantes<\/p>\n<p>&nbsp;<\/p>\n<p>INFORMA\u00c7\u00d5ES IMPORTANTES<\/p>\n<ol>\n<li>\u00c9 imprescind\u00edvel a apresenta\u00e7\u00e3o do\u00a0<strong>comprovante de matr\u00edcula<\/strong>\u00a0no momento do credenciamento no evento<strong>\u00a0<\/strong>para os estudantes <strong>graduandos e p\u00f3s-graduandos n\u00e3o-s\u00f3cios da ABCM.<\/strong><\/li>\n<li>Interessados que <strong>j\u00e1 conclu\u00edram sua gradua\u00e7\u00e3o ou sua p\u00f3s-gradua\u00e7\u00e3o<\/strong> devem se inscrever no evento como profissional s\u00f3cio ou n\u00e3o-s\u00f3cio.<\/li>\n<li>Os interessados em participar do X CONEM dever\u00e3o inscrever-se exclusivamente via internet.<\/li>\n<li>A inscri\u00e7\u00e3o d\u00e1 direito ao acesso a todas as atividades cient\u00edficas do evento, bem como o coquetel de boas vindas e os coffee breaks, al\u00e9m da pasta com material do congresso, Certificado de Participa\u00e7\u00e3o e Apresenta\u00e7\u00e3o de Trabalhos e Publica\u00e7\u00e3o dos trabalhos de acordo com a categoria (Profissionais &#8211; Publica\u00e7\u00e3o de at\u00e9 02 trabalhos inclusa e Estudantes &#8211; Publica\u00e7\u00e3o de at\u00e9 01 trabalho inclusa).<\/li>\n<li>O valor do pagamento da sua inscri\u00e7\u00e3o ser\u00e1 de acordo com a tabela vigente no ato do pagamento.<\/li>\n<li>Para o envio de trabalho cient\u00edfico n\u00e3o h\u00e1 obrigatoriedade de pagamento de inscri\u00e7\u00e3o, podendo este ser efetuado ap\u00f3s o aceite do trabalho.<\/li>\n<\/ol>\n","protected":false},"excerpt":{"rendered":"<p>Somente ser\u00e3o inclu\u00eddos nos Anais do evento artigos que possuam pelo menos uma taxa de inscri\u00e7\u00e3o associada e que forem apresentados no congresso. TAXAS CONEM 2018 VALOR TAXA DE PUBLICA\u00c7\u00c3O ADICIONAL Profissionais* N\u00e3o-S\u00f3cio ABCM R$ 950,00 R$ 200,00 Profissionais* Associados ABCM R$ 650,00 R$ 100,00 Estudantes P\u00f3s Gradua\u00e7\u00e3o** N\u00e3o-S\u00f3cio ABCM R$ 475,00 R$ 200,00 Estudantes [&hellip;]<\/p>\n","protected":false},"author":2,"featured_media":0,"parent":8,"menu_order":2,"comment_status":"closed","ping_status":"closed","template":"","meta":{"_acf_changed":false,"footnotes":""},"class_list":["post-602","page","type-page","status-publish","hentry"],"acf":[],"_links":{"self":[{"href":"https:\/\/eventos.abcm.org.br\/conem2018\/wp-json\/wp\/v2\/pages\/602","targetHints":{"allow":["GET"]}}],"collection":[{"href":"https:\/\/eventos.abcm.org.br\/conem2018\/wp-json\/wp\/v2\/pages"}],"about":[{"href":"https:\/\/eventos.abcm.org.br\/conem2018\/wp-json\/wp\/v2\/types\/page"}],"author":[{"embeddable":true,"href":"https:\/\/eventos.abcm.org.br\/conem2018\/wp-json\/wp\/v2\/users\/2"}],"replies":[{"embeddable":true,"href":"https:\/\/eventos.abcm.org.br\/conem2018\/wp-json\/wp\/v2\/comments?post=602"}],"version-history":[{"count":29,"href":"https:\/\/eventos.abcm.org.br\/conem2018\/wp-json\/wp\/v2\/pages\/602\/revisions"}],"predecessor-version":[{"id":766,"href":"https:\/\/eventos.abcm.org.br\/conem2018\/wp-json\/wp\/v2\/pages\/602\/revisions\/766"}],"up":[{"embeddable":true,"href":"https:\/\/eventos.abcm.org.br\/conem2018\/wp-json\/wp\/v2\/pages\/8"}],"wp:attachment":[{"href":"https:\/\/eventos.abcm.org.br\/conem2018\/wp-json\/wp\/v2\/media?parent=602"}],"curies":[{"name":"wp","href":"https:\/\/api.w.org\/{rel}","templated":true}]}}