{"id":644,"date":"2017-11-17T19:06:53","date_gmt":"2017-11-17T21:06:53","guid":{"rendered":"http:\/\/eventos.abcm.org.br\/conem2018\/?page_id=644"},"modified":"2017-11-21T14:28:27","modified_gmt":"2017-11-21T16:28:27","slug":"disclaimers","status":"publish","type":"page","link":"https:\/\/eventos.abcm.org.br\/conem2018\/sobre\/disclaimers\/","title":{"rendered":"Disclaimers"},"content":{"rendered":"<p>1) Pol\u00edtica de Cancelamento para Congressos da ABCM<br \/>\n1.1) Todos os pedidos de cancelamento precisam ser pedidos para os organizadores do evento e aprovados pela ABCM.<br \/>\n1.2) At\u00e9 um m\u00eas antes da data de in\u00edcio do evento, o reembolso ser\u00e1 de 70% do valor pago.<br \/>\n1.3) Ap\u00f3s esse prazo, n\u00e3o haver\u00e1 reembolso.<br \/>\n1.4) Existe apenas uma excess\u00e3o. Se o resumo extendido foi aceito mas o artigo final foi rejeitado, o reembolso ser\u00e1 de 100% do valor pago.<\/p>\n<p>2) Pol\u00edtica Anti-Tabagismo<br \/>\nN\u00e3o \u00e9 permitido fumar no local do congresso.<\/p>\n<p>3) Seguros<br \/>\nO congresso n\u00e3o \u00e9 respons\u00e1vel por danos pessoais sofridos, por perda, ou danos, \u00e0 propriedade dos delegados da confer\u00eancia (ou quaisquer acompanhantes), durante ou como resultado do evento. \u00c9 aconselh\u00e1vel viajar com um seguro de viagem v\u00e1lido.<\/p>\n<p>4) Visto<br \/>\nO recebimento de um documento oficial dos organizadores do congresso para viabilizar o pedido de visto para entrada no Brazil somente ocorrer\u00e1 ap\u00f3s o pagamento das taxas de inscri\u00e7\u00e3o do evento.<\/p>\n","protected":false},"excerpt":{"rendered":"<p>1) Pol\u00edtica de Cancelamento para Congressos da ABCM 1.1) Todos os pedidos de cancelamento precisam ser pedidos para os organizadores do evento e aprovados pela ABCM. 1.2) At\u00e9 um m\u00eas antes da data de in\u00edcio do evento, o reembolso ser\u00e1 de 70% do valor pago. 1.3) Ap\u00f3s esse prazo, n\u00e3o haver\u00e1 reembolso. 1.4) Existe apenas [&hellip;]<\/p>\n","protected":false},"author":1,"featured_media":0,"parent":8,"menu_order":99,"comment_status":"closed","ping_status":"closed","template":"","meta":{"_acf_changed":false,"footnotes":""},"class_list":["post-644","page","type-page","status-publish","hentry"],"acf":[],"_links":{"self":[{"href":"https:\/\/eventos.abcm.org.br\/conem2018\/wp-json\/wp\/v2\/pages\/644","targetHints":{"allow":["GET"]}}],"collection":[{"href":"https:\/\/eventos.abcm.org.br\/conem2018\/wp-json\/wp\/v2\/pages"}],"about":[{"href":"https:\/\/eventos.abcm.org.br\/conem2018\/wp-json\/wp\/v2\/types\/page"}],"author":[{"embeddable":true,"href":"https:\/\/eventos.abcm.org.br\/conem2018\/wp-json\/wp\/v2\/users\/1"}],"replies":[{"embeddable":true,"href":"https:\/\/eventos.abcm.org.br\/conem2018\/wp-json\/wp\/v2\/comments?post=644"}],"version-history":[{"count":3,"href":"https:\/\/eventos.abcm.org.br\/conem2018\/wp-json\/wp\/v2\/pages\/644\/revisions"}],"predecessor-version":[{"id":648,"href":"https:\/\/eventos.abcm.org.br\/conem2018\/wp-json\/wp\/v2\/pages\/644\/revisions\/648"}],"up":[{"embeddable":true,"href":"https:\/\/eventos.abcm.org.br\/conem2018\/wp-json\/wp\/v2\/pages\/8"}],"wp:attachment":[{"href":"https:\/\/eventos.abcm.org.br\/conem2018\/wp-json\/wp\/v2\/media?parent=644"}],"curies":[{"name":"wp","href":"https:\/\/api.w.org\/{rel}","templated":true}]}}