{"id":715,"date":"2018-03-21T11:15:17","date_gmt":"2018-03-21T14:15:17","guid":{"rendered":"http:\/\/eventos.abcm.org.br\/conem2018\/?page_id=715"},"modified":"2018-05-21T11:42:50","modified_gmt":"2018-05-21T14:42:50","slug":"programacao-preliminar","status":"publish","type":"page","link":"https:\/\/eventos.abcm.org.br\/conem2018\/programa\/programacao-preliminar\/","title":{"rendered":"Programa\u00e7\u00e3o"},"content":{"rendered":"<p>Confira a programa\u00e7\u00e3o do congresso:<\/p>\n<p><a href=\"http:\/\/eventos.abcm.org.br\/conem2018\/content\/uploads\/2018\/05\/conem_prog.png\" target=\"_blank\" rel=\"noopener\"><img loading=\"lazy\" decoding=\"async\" class=\"alignnone wp-image-833 size-large\" src=\"http:\/\/eventos.abcm.org.br\/conem2018\/content\/uploads\/2018\/05\/conem_prog-1024x560.png\" alt=\"\" width=\"660\" height=\"361\" srcset=\"https:\/\/eventos.abcm.org.br\/conem2018\/content\/uploads\/2018\/05\/conem_prog-1024x560.png 1024w, https:\/\/eventos.abcm.org.br\/conem2018\/content\/uploads\/2018\/05\/conem_prog-505x276.png 505w, https:\/\/eventos.abcm.org.br\/conem2018\/content\/uploads\/2018\/05\/conem_prog-768x420.png 768w, https:\/\/eventos.abcm.org.br\/conem2018\/content\/uploads\/2018\/05\/conem_prog-1200x657.png 1200w, https:\/\/eventos.abcm.org.br\/conem2018\/content\/uploads\/2018\/05\/conem_prog-200x110.png 200w\" sizes=\"auto, (max-width: 660px) 100vw, 660px\" \/><\/a><\/p>\n<p>&nbsp;<\/p>\n<p><a class=\"btn button small btn-small\" style=\"font-size: 16px; color: #fff;\" href=\"http:\/\/eventos.abcm.org.br\/conem2018\/content\/uploads\/2018\/05\/CADERNO-DE-INFORMACOES__X-_WEB_atual-2-1.pdf\" target=\"_blank\" rel=\"noopener\">Baixe o Caderno de Informa\u00e7\u00f5es<\/a><\/p>\n","protected":false},"excerpt":{"rendered":"<p>Confira a programa\u00e7\u00e3o do congresso: &nbsp; Baixe o Caderno de Informa\u00e7\u00f5es<\/p>\n","protected":false},"author":1,"featured_media":0,"parent":713,"menu_order":1,"comment_status":"closed","ping_status":"closed","template":"","meta":{"_acf_changed":false,"footnotes":""},"class_list":["post-715","page","type-page","status-publish","hentry"],"acf":[],"_links":{"self":[{"href":"https:\/\/eventos.abcm.org.br\/conem2018\/wp-json\/wp\/v2\/pages\/715","targetHints":{"allow":["GET"]}}],"collection":[{"href":"https:\/\/eventos.abcm.org.br\/conem2018\/wp-json\/wp\/v2\/pages"}],"about":[{"href":"https:\/\/eventos.abcm.org.br\/conem2018\/wp-json\/wp\/v2\/types\/page"}],"author":[{"embeddable":true,"href":"https:\/\/eventos.abcm.org.br\/conem2018\/wp-json\/wp\/v2\/users\/1"}],"replies":[{"embeddable":true,"href":"https:\/\/eventos.abcm.org.br\/conem2018\/wp-json\/wp\/v2\/comments?post=715"}],"version-history":[{"count":18,"href":"https:\/\/eventos.abcm.org.br\/conem2018\/wp-json\/wp\/v2\/pages\/715\/revisions"}],"predecessor-version":[{"id":842,"href":"https:\/\/eventos.abcm.org.br\/conem2018\/wp-json\/wp\/v2\/pages\/715\/revisions\/842"}],"up":[{"embeddable":true,"href":"https:\/\/eventos.abcm.org.br\/conem2018\/wp-json\/wp\/v2\/pages\/713"}],"wp:attachment":[{"href":"https:\/\/eventos.abcm.org.br\/conem2018\/wp-json\/wp\/v2\/media?parent=715"}],"curies":[{"name":"wp","href":"https:\/\/api.w.org\/{rel}","templated":true}]}}