{"id":768,"date":"2018-04-20T16:55:36","date_gmt":"2018-04-20T19:55:36","guid":{"rendered":"http:\/\/eventos.abcm.org.br\/conem2018\/?page_id=768"},"modified":"2018-05-02T16:03:55","modified_gmt":"2018-05-02T19:03:55","slug":"templates","status":"publish","type":"page","link":"https:\/\/eventos.abcm.org.br\/conem2018\/templates\/","title":{"rendered":"Templates"},"content":{"rendered":"<p>Baixe os templates para a apresenta\u00e7\u00e3o oral ou formato poster:<\/p>\n<ul>\n<li><a href=\"http:\/\/eventos.abcm.org.br\/conem2018\/content\/uploads\/2018\/04\/Conem-2018_Apresenta\u00e7\u00e3o-Oral.pptx\">Conem 2018 &#8211; Template para Apresenta\u00e7\u00e3o Oral<\/a><\/li>\n<li><a href=\"http:\/\/eventos.abcm.org.br\/conem2018\/content\/uploads\/2018\/04\/Conem-2018_Apresenta\u00e7\u00e3o-P\u00f4ster.pptx\">Conem 2018 &#8211; Template para Apresenta\u00e7\u00e3o P\u00f4ster<\/a><\/li>\n<\/ul>\n<p>&nbsp;<\/p>\n<p><strong>Instru\u00e7\u00f5es para os apresentadores das Sess\u00f5es Orais:<\/strong><\/p>\n<p>Os Apresentadores dever\u00e3o se assegurar que suas apresenta\u00e7\u00f5es sejam apropriadas ao Windows 7 ou 10. Pedimos a gentileza de anexar o arquivo (PPT, PPTX ou PDF) <strong>antes da sua apresenta\u00e7\u00e3o<\/strong>, no computador dispon\u00edvel em cada andar, ou na \u00e1rea de credenciamento.<\/p>\n<p>Os Apresentadores dever\u00e3o respeitar o tempo destinado \u00e0 sua apresenta\u00e7\u00e3o, para garantir o cumprimento do cronograma do Evento<\/p>\n<ul>\n<li>Tempo de apresenta\u00e7\u00e3o: 15 min<\/li>\n<li>Tempo para perguntas: 5 min<\/li>\n<\/ul>\n<p>Em caso de n\u00e3o comparecimento de um Apresentador, os hor\u00e1rios das demais apresenta\u00e7\u00f5es s\u00e3o mantidos de acordo com a Programa\u00e7\u00e3o.<\/p>\n<p>Todos os arquivos ser\u00e3o deletados ao t\u00e9rmino do Evento.<\/p>\n<p>N\u00e3o ser\u00e1 permitido o uso de equipamentos de grava\u00e7\u00e3o de v\u00eddeo e \u00e1udio durante as Sess\u00f5es T\u00e9cnicas.<\/p>\n<p>&nbsp;<\/p>\n<p><strong>Instru\u00e7\u00f5es para os apresentadores das Sess\u00f5es de P\u00f4steres:<\/strong><\/p>\n<p>Os autores s\u00e3o respons\u00e1veis pela montagem e retirada dos seus p\u00f4steres de acordo com o cronograma e local definidos<\/p>\n<ul>\n<li>Hor\u00e1rio para montagem: 8:00 \u00e0s 12:00<\/li>\n<li>Apresenta\u00e7\u00f5es dos p\u00f4steres: 15:30 \u00e0s 16:30<\/li>\n<li>Remo\u00e7\u00e3o dos p\u00f4steres: A partir das 17:00<\/li>\n<\/ul>\n<p><strong>Os apresentadores s\u00e3o respons\u00e1veis pela impress\u00e3o dos p\u00f4steres<\/strong>; o X CONEM 2018 n\u00e3o se responsabiliza pelos mesmos.<\/p>\n","protected":false},"excerpt":{"rendered":"<p>Baixe os templates para a apresenta\u00e7\u00e3o oral ou formato poster: Conem 2018 &#8211; Template para Apresenta\u00e7\u00e3o Oral Conem 2018 &#8211; Template para Apresenta\u00e7\u00e3o P\u00f4ster &nbsp; Instru\u00e7\u00f5es para os apresentadores das Sess\u00f5es Orais: Os Apresentadores dever\u00e3o se assegurar que suas apresenta\u00e7\u00f5es sejam apropriadas ao Windows 7 ou 10. Pedimos a gentileza de anexar o arquivo (PPT, [&hellip;]<\/p>\n","protected":false},"author":1,"featured_media":0,"parent":0,"menu_order":0,"comment_status":"closed","ping_status":"closed","template":"","meta":{"_acf_changed":false,"footnotes":""},"class_list":["post-768","page","type-page","status-publish","hentry"],"acf":[],"_links":{"self":[{"href":"https:\/\/eventos.abcm.org.br\/conem2018\/wp-json\/wp\/v2\/pages\/768","targetHints":{"allow":["GET"]}}],"collection":[{"href":"https:\/\/eventos.abcm.org.br\/conem2018\/wp-json\/wp\/v2\/pages"}],"about":[{"href":"https:\/\/eventos.abcm.org.br\/conem2018\/wp-json\/wp\/v2\/types\/page"}],"author":[{"embeddable":true,"href":"https:\/\/eventos.abcm.org.br\/conem2018\/wp-json\/wp\/v2\/users\/1"}],"replies":[{"embeddable":true,"href":"https:\/\/eventos.abcm.org.br\/conem2018\/wp-json\/wp\/v2\/comments?post=768"}],"version-history":[{"count":4,"href":"https:\/\/eventos.abcm.org.br\/conem2018\/wp-json\/wp\/v2\/pages\/768\/revisions"}],"predecessor-version":[{"id":812,"href":"https:\/\/eventos.abcm.org.br\/conem2018\/wp-json\/wp\/v2\/pages\/768\/revisions\/812"}],"wp:attachment":[{"href":"https:\/\/eventos.abcm.org.br\/conem2018\/wp-json\/wp\/v2\/media?parent=768"}],"curies":[{"name":"wp","href":"https:\/\/api.w.org\/{rel}","templated":true}]}}