{"id":805,"date":"2018-05-02T15:37:19","date_gmt":"2018-05-02T18:37:19","guid":{"rendered":"http:\/\/eventos.abcm.org.br\/conem2018\/?page_id=805"},"modified":"2018-05-02T16:04:19","modified_gmt":"2018-05-02T19:04:19","slug":"informacoes-importantes","status":"publish","type":"page","link":"https:\/\/eventos.abcm.org.br\/conem2018\/sobre\/informacoes-importantes\/","title":{"rendered":"Informa\u00e7\u00f5es importantes"},"content":{"rendered":"<p><strong>N\u00e3o \u00e9 permitida<\/strong> a entrada nas depend\u00eancias do SENAI CIMATEC vestindo bermudas, camisetas (para homens), shorts, sand\u00e1lias abertas (havaianas ou qualquer outro tipo de sand\u00e1lia aberta), saias curtas, vestidos curtos e bon\u00e9s.<\/p>\n<p>Para o <strong>Coquetel de Abertura<\/strong> indicamos trajes estilo esporte fino, n\u00e3o sendo permitida a entrada dos homens de bermuda ou sand\u00e1lia aberta e das mulheres de shorts e vestidos curtos.<\/p>\n<p>Para o <strong>Jantar de Confraterniza\u00e7\u00e3o<\/strong> indicamos trajes mais sociais e formais,\u00a0n\u00e3o sendo permitida a entrada dos homens de bermuda ou sand\u00e1lia aberta e das mulheres de shorts, vestidos, saias curtas e sand\u00e1lias abertas.<\/p>\n","protected":false},"excerpt":{"rendered":"<p>N\u00e3o \u00e9 permitida a entrada nas depend\u00eancias do SENAI CIMATEC vestindo bermudas, camisetas (para homens), shorts, sand\u00e1lias abertas (havaianas ou qualquer outro tipo de sand\u00e1lia aberta), saias curtas, vestidos curtos e bon\u00e9s. Para o Coquetel de Abertura indicamos trajes estilo esporte fino, n\u00e3o sendo permitida a entrada dos homens de bermuda ou sand\u00e1lia aberta e [&hellip;]<\/p>\n","protected":false},"author":1,"featured_media":0,"parent":8,"menu_order":50,"comment_status":"closed","ping_status":"closed","template":"","meta":{"_acf_changed":false,"footnotes":""},"class_list":["post-805","page","type-page","status-publish","hentry"],"acf":[],"_links":{"self":[{"href":"https:\/\/eventos.abcm.org.br\/conem2018\/wp-json\/wp\/v2\/pages\/805","targetHints":{"allow":["GET"]}}],"collection":[{"href":"https:\/\/eventos.abcm.org.br\/conem2018\/wp-json\/wp\/v2\/pages"}],"about":[{"href":"https:\/\/eventos.abcm.org.br\/conem2018\/wp-json\/wp\/v2\/types\/page"}],"author":[{"embeddable":true,"href":"https:\/\/eventos.abcm.org.br\/conem2018\/wp-json\/wp\/v2\/users\/1"}],"replies":[{"embeddable":true,"href":"https:\/\/eventos.abcm.org.br\/conem2018\/wp-json\/wp\/v2\/comments?post=805"}],"version-history":[{"count":2,"href":"https:\/\/eventos.abcm.org.br\/conem2018\/wp-json\/wp\/v2\/pages\/805\/revisions"}],"predecessor-version":[{"id":809,"href":"https:\/\/eventos.abcm.org.br\/conem2018\/wp-json\/wp\/v2\/pages\/805\/revisions\/809"}],"up":[{"embeddable":true,"href":"https:\/\/eventos.abcm.org.br\/conem2018\/wp-json\/wp\/v2\/pages\/8"}],"wp:attachment":[{"href":"https:\/\/eventos.abcm.org.br\/conem2018\/wp-json\/wp\/v2\/media?parent=805"}],"curies":[{"name":"wp","href":"https:\/\/api.w.org\/{rel}","templated":true}]}}