{"id":844,"date":"2018-05-28T17:42:28","date_gmt":"2018-05-28T20:42:28","guid":{"rendered":"http:\/\/eventos.abcm.org.br\/conem2018\/?page_id=844"},"modified":"2018-07-16T14:58:49","modified_gmt":"2018-07-16T17:58:49","slug":"certificados","status":"publish","type":"page","link":"https:\/\/eventos.abcm.org.br\/conem2018\/certificados\/","title":{"rendered":"Certificados"},"content":{"rendered":"<p>Acesse pelo link abaixo o(s) certificado(s) do CONEM 2018, atrav\u00e9s do CPF cadastrado!<br \/>\nOs certificados foram gerados com base nas informa\u00e7\u00f5es previamente cadastradas, pedimos a confer\u00eancia dos mesmos.<\/p>\n<p>Em caso de necessidade, entrar em contato com a comiss\u00e3o organizadora para as devidas corre\u00e7\u00f5es, at\u00e9 16\/09\/2018, atrav\u00e9s do e-mail: <a href=\"mailto:conem2018@fieb.org.br\">conem2018@fieb.org.br<\/a>.<\/p>\n<p><a class=\"button menu__login\" style=\"color: #fff; margin-left: 0;\" href=\"http:\/\/www.identificasi.com.br\/conem\/\" target=\"_blank\" rel=\"noopener\">Certificados<\/a><\/p>\n","protected":false},"excerpt":{"rendered":"<p>Acesse pelo link abaixo o(s) certificado(s) do CONEM 2018, atrav\u00e9s do CPF cadastrado! Os certificados foram gerados com base nas informa\u00e7\u00f5es previamente cadastradas, pedimos a confer\u00eancia dos mesmos. Em caso de necessidade, entrar em contato com a comiss\u00e3o organizadora para as devidas corre\u00e7\u00f5es, at\u00e9 16\/09\/2018, atrav\u00e9s do e-mail: conem2018@fieb.org.br. Certificados<\/p>\n","protected":false},"author":1,"featured_media":0,"parent":0,"menu_order":25,"comment_status":"closed","ping_status":"closed","template":"","meta":{"_acf_changed":false,"footnotes":""},"class_list":["post-844","page","type-page","status-publish","hentry"],"acf":[],"_links":{"self":[{"href":"https:\/\/eventos.abcm.org.br\/conem2018\/wp-json\/wp\/v2\/pages\/844","targetHints":{"allow":["GET"]}}],"collection":[{"href":"https:\/\/eventos.abcm.org.br\/conem2018\/wp-json\/wp\/v2\/pages"}],"about":[{"href":"https:\/\/eventos.abcm.org.br\/conem2018\/wp-json\/wp\/v2\/types\/page"}],"author":[{"embeddable":true,"href":"https:\/\/eventos.abcm.org.br\/conem2018\/wp-json\/wp\/v2\/users\/1"}],"replies":[{"embeddable":true,"href":"https:\/\/eventos.abcm.org.br\/conem2018\/wp-json\/wp\/v2\/comments?post=844"}],"version-history":[{"count":3,"href":"https:\/\/eventos.abcm.org.br\/conem2018\/wp-json\/wp\/v2\/pages\/844\/revisions"}],"predecessor-version":[{"id":858,"href":"https:\/\/eventos.abcm.org.br\/conem2018\/wp-json\/wp\/v2\/pages\/844\/revisions\/858"}],"wp:attachment":[{"href":"https:\/\/eventos.abcm.org.br\/conem2018\/wp-json\/wp\/v2\/media?parent=844"}],"curies":[{"name":"wp","href":"https:\/\/api.w.org\/{rel}","templated":true}]}}