{"id":1925,"date":"2021-10-28T11:46:01","date_gmt":"2021-10-28T14:46:01","guid":{"rendered":"https:\/\/eventos.abcm.org.br\/enebi2022\/?page_id=1925"},"modified":"2021-10-28T11:46:01","modified_gmt":"2021-10-28T14:46:01","slug":"inscricoes","status":"publish","type":"page","link":"https:\/\/eventos.abcm.org.br\/conem2024\/sobre\/inscricoes\/","title":{"rendered":"Inscri\u00e7\u00f5es"},"content":{"rendered":"<p>As inscri\u00e7\u00f5es para o VII ENEBI 2022 estar\u00e3o dispon\u00edveis em breve.<\/p>\n","protected":false},"excerpt":{"rendered":"<p>As inscri\u00e7\u00f5es para o VII ENEBI 2022 estar\u00e3o dispon\u00edveis em breve.<\/p>\n","protected":false},"author":1,"featured_media":0,"parent":8,"menu_order":0,"comment_status":"closed","ping_status":"closed","template":"","meta":{"footnotes":""},"class_list":["post-1925","page","type-page","status-publish","hentry"],"_links":{"self":[{"href":"https:\/\/eventos.abcm.org.br\/conem2024\/wp-json\/wp\/v2\/pages\/1925","targetHints":{"allow":["GET"]}}],"collection":[{"href":"https:\/\/eventos.abcm.org.br\/conem2024\/wp-json\/wp\/v2\/pages"}],"about":[{"href":"https:\/\/eventos.abcm.org.br\/conem2024\/wp-json\/wp\/v2\/types\/page"}],"author":[{"embeddable":true,"href":"https:\/\/eventos.abcm.org.br\/conem2024\/wp-json\/wp\/v2\/users\/1"}],"replies":[{"embeddable":true,"href":"https:\/\/eventos.abcm.org.br\/conem2024\/wp-json\/wp\/v2\/comments?post=1925"}],"version-history":[{"count":1,"href":"https:\/\/eventos.abcm.org.br\/conem2024\/wp-json\/wp\/v2\/pages\/1925\/revisions"}],"predecessor-version":[{"id":1926,"href":"https:\/\/eventos.abcm.org.br\/conem2024\/wp-json\/wp\/v2\/pages\/1925\/revisions\/1926"}],"up":[{"embeddable":true,"href":"https:\/\/eventos.abcm.org.br\/conem2024\/wp-json\/wp\/v2\/pages\/8"}],"wp:attachment":[{"href":"https:\/\/eventos.abcm.org.br\/conem2024\/wp-json\/wp\/v2\/media?parent=1925"}],"curies":[{"name":"wp","href":"https:\/\/api.w.org\/{rel}","templated":true}]}}