{"id":2371,"date":"2024-06-27T16:40:40","date_gmt":"2024-06-27T19:40:40","guid":{"rendered":"https:\/\/eventos.abcm.org.br\/conem2024\/?page_id=2371"},"modified":"2024-07-12T16:12:58","modified_gmt":"2024-07-12T19:12:58","slug":"apresentacoes","status":"publish","type":"page","link":"https:\/\/eventos.abcm.org.br\/conem2024\/apresentacoes\/","title":{"rendered":"Apresenta\u00e7\u00e3o"},"content":{"rendered":"<h2>Templates apresenta\u00e7\u00f5es:<\/h2>\n<p>&nbsp;<\/p>\n<p><a href=\"http:\/\/eventos.abcm.org.br\/conem2024\/content\/uploads\/2024\/06\/TEMPLATE-APRESENTACAO-ORAL-CONEM-2024.pptx\">TEMPLATE APRESENTAC\u0327A\u0303O ORAL CONEM 2024<\/a><\/p>\n<p><a href=\"http:\/\/eventos.abcm.org.br\/conem2024\/content\/uploads\/2024\/06\/TEMPLATE-APRESENTACAO-POSTER-CONEM-2024.pptx\">TEMPLATE APRESENTAC\u0327A\u0303O POSTER CONEM 2024<\/a><\/p>\n<p>&nbsp;<\/p>\n<h2>Tempo de apresenta\u00e7\u00e3o:<\/h2>\n<p>&nbsp;<\/p>\n<p>10 minutos apresenta\u00e7\u00e3o<\/p>\n<p>5 minutos para perguntas<\/p>\n<p>&nbsp;<\/p>\n<p>&nbsp;<\/p>\n<p>Obs: Os participantes que ir\u00e3o apresentar seus trabalhos de forma <strong>ORAL<\/strong>, devem levar seus arquivos em <strong>formato PDF.<\/strong><\/p>\n<p>Obs2: A confec\u00e7\u00e3o de poster(es) conforme template disponibilizado neste site \u00e9 de total responsabilidade do congressista. N\u00e3o h\u00e1 como imprimir o material na UFRN. Assim, pedimos que j\u00e1 traga seu material pronto para ser exposto e apresentado.<\/p>\n","protected":false},"excerpt":{"rendered":"<p>Templates apresenta\u00e7\u00f5es: &nbsp; TEMPLATE APRESENTAC\u0327A\u0303O ORAL CONEM 2024 TEMPLATE APRESENTAC\u0327A\u0303O POSTER CONEM 2024 &nbsp; Tempo de apresenta\u00e7\u00e3o: &nbsp; 10 minutos apresenta\u00e7\u00e3o 5 minutos para perguntas &nbsp; &nbsp; Obs: Os participantes que ir\u00e3o apresentar seus trabalhos de forma ORAL, devem levar seus arquivos em formato PDF. Obs2: A confec\u00e7\u00e3o de poster(es) conforme template disponibilizado neste site [&hellip;]<\/p>\n","protected":false},"author":1,"featured_media":0,"parent":0,"menu_order":0,"comment_status":"closed","ping_status":"closed","template":"","meta":{"footnotes":""},"class_list":["post-2371","page","type-page","status-publish","hentry"],"_links":{"self":[{"href":"https:\/\/eventos.abcm.org.br\/conem2024\/wp-json\/wp\/v2\/pages\/2371","targetHints":{"allow":["GET"]}}],"collection":[{"href":"https:\/\/eventos.abcm.org.br\/conem2024\/wp-json\/wp\/v2\/pages"}],"about":[{"href":"https:\/\/eventos.abcm.org.br\/conem2024\/wp-json\/wp\/v2\/types\/page"}],"author":[{"embeddable":true,"href":"https:\/\/eventos.abcm.org.br\/conem2024\/wp-json\/wp\/v2\/users\/1"}],"replies":[{"embeddable":true,"href":"https:\/\/eventos.abcm.org.br\/conem2024\/wp-json\/wp\/v2\/comments?post=2371"}],"version-history":[{"count":9,"href":"https:\/\/eventos.abcm.org.br\/conem2024\/wp-json\/wp\/v2\/pages\/2371\/revisions"}],"predecessor-version":[{"id":2409,"href":"https:\/\/eventos.abcm.org.br\/conem2024\/wp-json\/wp\/v2\/pages\/2371\/revisions\/2409"}],"wp:attachment":[{"href":"https:\/\/eventos.abcm.org.br\/conem2024\/wp-json\/wp\/v2\/media?parent=2371"}],"curies":[{"name":"wp","href":"https:\/\/api.w.org\/{rel}","templated":true}]}}