{"id":2239,"date":"2025-08-20T14:55:35","date_gmt":"2025-08-20T17:55:35","guid":{"rendered":"https:\/\/eventos.abcm.org.br\/conem2026\/?page_id=2239"},"modified":"2025-09-11T10:41:10","modified_gmt":"2025-09-11T13:41:10","slug":"comite-cientifico","status":"publish","type":"page","link":"https:\/\/eventos.abcm.org.br\/conem2026\/comite-cientifico\/","title":{"rendered":"Comit\u00ea Cient\u00edfico"},"content":{"rendered":"\n    \n        <section class=\"banner-int \" style=\"background-image: url('https:\/\/eventos.abcm.org.br\/conem2026\/wp-content\/uploads\/2025\/08\/banner-1-scaled.jpg');\">\n            <div class=\"container-content\">\n                <h2>Comit\u00ea Cient\u00edfico<\/h2>\n                <h3>XIII Congresso Nacional de Engenharia Mec\u00e2nica<\/h3>\n            <\/div>\n        <\/section>\n\n    \n\n\n\n    \n    <section class=\"page-section\">\n        <div class=\"container-content\">\n            <h2 class=\"title\"><\/h2>\n            <div class=\"block-table \">\n                <table>\n                                            <thead>\n                            <tr>\n                                                                    <th>\u00c1REAS<\/th>\n                                                                    <th>NOMES<\/th>\n                                                            <\/tr>\n                        <\/thead>\n                                                                <tbody>\n                                                            <tr>\n                                                                    <td>Energias Renov\u00e1veis<\/td>\n                                                                    <td>Taynara Lago &#8211; UFPB<\/td>\n                                                                <\/tr>\n                                                            <tr>\n                                                                    <td>Energia Nuclear<\/td>\n                                                                    <td>Cintia Leite Gon\u00e7alves &#8211; Bangor University (UK)<\/td>\n                                                                <\/tr>\n                                                            <tr>\n                                                                    <td>Sistemas T\u00e9rmicos<\/td>\n                                                                    <td>Dener Silva de Almeida &#8211; UFMA<\/td>\n                                                                <\/tr>\n                                                            <tr>\n                                                                    <td>Bioengenharia<\/td>\n                                                                    <td>Anderson Lobo &#8211; UFPI<\/td>\n                                                                <\/tr>\n                                                            <tr>\n                                                                    <td>Materiais e Processos\nde Fabrica\u00e7\u00e3o<\/td>\n                                                                    <td>Andrei Bavaresco &#8211; UFMA<br>\nMaria Eliziane &#8211; UFMA<\/td>\n                                                                <\/tr>\n                                                            <tr>\n                                                                    <td>Combust\u00e3o e Engenharia Ambiental<\/td>\n                                                                    <td>Ramon Eduardo Pereira Silva &#8211; UFGD<\/td>\n                                                                <\/tr>\n                                                            <tr>\n                                                                    <td>Engenharia Aeroespacial<\/td>\n                                                                    <td>Claus Wehmann &#8211; UFMA<\/td>\n                                                                <\/tr>\n                                                            <tr>\n                                                                    <td>Engenharia de Petr\u00f3leo<\/td>\n                                                                    <td>Nahieh Toscano &#8211; UFMA<\/td>\n                                                                <\/tr>\n                                                            <tr>\n                                                                    <td>Materiais e Estruturas Inteligentes<\/td>\n                                                                    <td>Edson Miranda J\u00fanior &#8211; IFMA<\/td>\n                                                                <\/tr>\n                                                            <tr>\n                                                                    <td>Mec\u00e2nica da Fratura, Fadiga e Integridade\nEstrutural<\/td>\n                                                                    <td>Kerlles Rafael Pereira Sousa &#8211; IFMA<br>\nPaulo C\u00e9sar Queiroz &#8211; UFMA<\/td>\n                                                                <\/tr>\n                                                            <tr>\n                                                                    <td>Mec\u00e2nica dos Fluidos<\/td>\n                                                                    <td>Jorge Bertoldo &#8211; UFMA<br> Diego Paes de Andrade Pe\u00f1a &#8211; UFPB<\/td>\n                                                                <\/tr>\n                                                            <tr>\n                                                                    <td>Mec\u00e2nica dos S\u00f3lidos<\/td>\n                                                                    <td>Dalmo In\u00e1cio Galdez Costa &#8211; UFMA<br>\nVanessa Vieira Gon\u00e7alves &#8211; UFC<\/td>\n                                                                <\/tr>\n                                                            <tr>\n                                                                    <td>Mecatr\u00f4nica<\/td>\n                                                                    <td>Lu\u00eds Ant\u00f4nio Oliveira Ara\u00fajo &#8211; UFSCar<\/td>\n                                                                <\/tr>\n                                                            <tr>\n                                                                    <td>Quantifica\u00e7\u00e3o de Incertezas e Modelagem Estoc\u00e1stica<\/td>\n                                                                    <td>Marcela Machado &#8211; UNB<\/td>\n                                                                <\/tr>\n                                                            <tr>\n                                                                    <td>Refrigera\u00e7\u00e3o, Ar\ncondicionado,\nAquecimento e\nVentila\u00e7\u00e3o<\/td>\n                                                                    <td>Claudia Rosa &#8211; UEMA<\/td>\n                                                                <\/tr>\n                                                            <tr>\n                                                                    <td>Tubula\u00e7\u00f5es e Vasos de\nPress\u00e3o<\/td>\n                                                                    <td>Elson C\u00e9sar Moraes &#8211; UFMA<\/td>\n                                                                <\/tr>\n                                                            <tr>\n                                                                    <td>Transfer\u00eancia de Calor\ne Massa<\/td>\n                                                                    <td>Alisson Figueiredo &#8211; UEMA<br>\nCarlos Marlon Silva Santos &#8211; UFRB<\/td>\n                                                                <\/tr>\n                                                            <tr>\n                                                                    <td>Din\u00e2mica<\/td>\n                                                                    <td>Edilson Dantas &#8211; UFMA<br>\nVilson Pereira &#8211; UFMA<\/td>\n                                                                <\/tr>\n                                                            <tr>\n                                                                    <td>Engenharia de Projetos<\/td>\n                                                                    <td>Marina Weyl &#8211; UNIFESSPA<\/td>\n                                                                <\/tr>\n                                                            <tr>\n                                                                    <td>Nano e Micro-flu\u00eddica e Microssistemas<\/td>\n                                                                    <td>D\u00e9bora Moreira &#8211; EESC-USP<\/td>\n                                                                <\/tr>\n                                                            <tr>\n                                                                    <td>Fen\u00f4menos n\u00e3o-lineares<\/td>\n                                                                    <td>Francisco Ilson da Silva Junior &#8211; UFC<\/td>\n                                                                <\/tr>\n                                                            <tr>\n                                                                    <td>Engenharia Ferrovi\u00e1ria e Portu\u00e1ria<\/td>\n                                                                    <td>Auteliano Antunes dos Santos J\u00fanior &#8211; Unicamp<br>\nMichelle Carvalho Galv\u00e3o da Silva Pinto &#8211; UFG<\/td>\n                                                                <\/tr>\n                                                            <tr>\n                                                                    <td>Educa\u00e7\u00e3o em Engenharia<\/td>\n                                                                    <td>Rafael Pereira Ferreira &#8211; IFMA<\/td>\n                                                                <\/tr>\n                                                    <\/tbody>\n                                    <\/table>\n\n                <div class=\"arrow-table\">\n                    <span class=\"icon-arrow_forward_ios\"><\/span>\n                    Arraste para o lado                <\/div>\n            <\/div>\n        <\/div>\n    <\/section>\n\n","protected":false},"excerpt":{"rendered":"","protected":false},"author":1,"featured_media":0,"parent":0,"menu_order":0,"comment_status":"closed","ping_status":"closed","template":"","meta":{"footnotes":""},"class_list":["post-2239","page","type-page","status-publish","hentry"],"_links":{"self":[{"href":"https:\/\/eventos.abcm.org.br\/conem2026\/wp-json\/wp\/v2\/pages\/2239","targetHints":{"allow":["GET"]}}],"collection":[{"href":"https:\/\/eventos.abcm.org.br\/conem2026\/wp-json\/wp\/v2\/pages"}],"about":[{"href":"https:\/\/eventos.abcm.org.br\/conem2026\/wp-json\/wp\/v2\/types\/page"}],"author":[{"embeddable":true,"href":"https:\/\/eventos.abcm.org.br\/conem2026\/wp-json\/wp\/v2\/users\/1"}],"replies":[{"embeddable":true,"href":"https:\/\/eventos.abcm.org.br\/conem2026\/wp-json\/wp\/v2\/comments?post=2239"}],"version-history":[{"count":13,"href":"https:\/\/eventos.abcm.org.br\/conem2026\/wp-json\/wp\/v2\/pages\/2239\/revisions"}],"predecessor-version":[{"id":2478,"href":"https:\/\/eventos.abcm.org.br\/conem2026\/wp-json\/wp\/v2\/pages\/2239\/revisions\/2478"}],"wp:attachment":[{"href":"https:\/\/eventos.abcm.org.br\/conem2026\/wp-json\/wp\/v2\/media?parent=2239"}],"curies":[{"name":"wp","href":"https:\/\/api.w.org\/{rel}","templated":true}]}}