{"id":2350,"date":"2025-09-02T16:54:42","date_gmt":"2025-09-02T19:54:42","guid":{"rendered":"https:\/\/eventos.abcm.org.br\/conem2026\/?page_id=2350"},"modified":"2025-09-02T16:57:25","modified_gmt":"2025-09-02T19:57:25","slug":"ceuma","status":"publish","type":"page","link":"https:\/\/eventos.abcm.org.br\/conem2026\/ceuma\/","title":{"rendered":"Ceuma"},"content":{"rendered":"\n    \n        <section class=\"banner-int \" style=\"background-image: url('https:\/\/eventos.abcm.org.br\/conem2026\/wp-content\/uploads\/2025\/08\/banner-1-scaled.jpg');\">\n            <div class=\"container-content\">\n                <h2>Ceuma<\/h2>\n                <h3>XIII Congresso Nacional de Engenharia Mec\u00e2nica<\/h3>\n            <\/div>\n        <\/section>\n\n    \n\n\n\n    <section class=\"\">\n        <div class=\"container-content\">\n            <div class=\"block-text-title \">\n                <h2 class=\"title\"><\/h2>\n                <p><strong>Sejam bem-vindos ao CONEM 2026!<\/strong><br \/>\r\n<br \/>\r\nA Universidade CEUMA tem orgulho em receber profissionais das mais diversas Engenharias, pesquisadores, cientistas, alunos de gradua\u00e7\u00e3o e p\u00f3s-gradua\u00e7\u00e3o, al\u00e9m da comunidade em geral, neste grande encontro da Engenharia Nacional.<br \/>\r\n<br \/>\r\nNesta Universidade, ensino, pesquisa e inova\u00e7\u00e3o caminham juntos para transformar o futuro com conhecimento e colabora\u00e7\u00e3o.<br \/>\r\n<br \/>\r\n\u00c9 uma honra celebrar sua presen\u00e7a no CONEM 2026, na primeira Universidade particular do Maranh\u00e3o e refer\u00eancia em educa\u00e7\u00e3o no Estado!<br \/>\r\n<br \/>\r\n<a href=\"https:\/\/www.google.com\/maps\/place\/Universidade+Ceuma+-+Renascen%C3%A7a\/@-2.5030884,-44.3205753,14z\/data=!4m7!3m6!1s0x7f68d900f12e4fb:0x90d84ae668094ada!8m2!3d-2.5024853!4d-44.2851636!15sChJVbml2ZXJzaWRhZGUgQ0VVTUGSAQp1bml2ZXJzaXR5qgFHCgsvZy8xdGh4NDg0MxABMh4QASIaMTvhNhp7sHnvp69xIg67XWbH4mrTK6WZbvAyFhACIhJ1bml2ZXJzaWRhZGUgY2V1bWHgAQA!16s%2Fg%2F1thx4843?entry=tts&amp;g_ep=EgoyMDI1MDgyNS4wIPu8ASoASAFQAw%3D%3D&amp;skid=7cd3697b-526a-490a-af28-d66731ec1df2\">Clique aqui<\/a> e saiba como chegar.<br \/>\r\n<br \/>\r\n<img loading=\"lazy\" decoding=\"async\" class=\"aligncenter size-full wp-image-2306\" src=\"http:\/\/eventos.abcm.org.br\/conem2026\/wp-content\/uploads\/2025\/08\/foto-frontal-ceuma-e1756124395881.png\" alt=\"\" width=\"1080\" height=\"804\" srcset=\"https:\/\/eventos.abcm.org.br\/conem2026\/wp-content\/uploads\/2025\/08\/foto-frontal-ceuma-e1756124395881.png 1080w, https:\/\/eventos.abcm.org.br\/conem2026\/wp-content\/uploads\/2025\/08\/foto-frontal-ceuma-e1756124395881-300x223.png 300w, https:\/\/eventos.abcm.org.br\/conem2026\/wp-content\/uploads\/2025\/08\/foto-frontal-ceuma-e1756124395881-1024x762.png 1024w, https:\/\/eventos.abcm.org.br\/conem2026\/wp-content\/uploads\/2025\/08\/foto-frontal-ceuma-e1756124395881-768x572.png 768w\" sizes=\"auto, (max-width: 1080px) 100vw, 1080px\" \/><\/p>\n            <\/div>\n        <\/div>\n    <\/section>\n\n\n\n\n<div style=\"height:100px\" aria-hidden=\"true\" class=\"wp-block-spacer\"><\/div>\n","protected":false},"excerpt":{"rendered":"","protected":false},"author":1,"featured_media":0,"parent":0,"menu_order":0,"comment_status":"closed","ping_status":"closed","template":"","meta":{"footnotes":""},"class_list":["post-2350","page","type-page","status-publish","hentry"],"_links":{"self":[{"href":"https:\/\/eventos.abcm.org.br\/conem2026\/wp-json\/wp\/v2\/pages\/2350","targetHints":{"allow":["GET"]}}],"collection":[{"href":"https:\/\/eventos.abcm.org.br\/conem2026\/wp-json\/wp\/v2\/pages"}],"about":[{"href":"https:\/\/eventos.abcm.org.br\/conem2026\/wp-json\/wp\/v2\/types\/page"}],"author":[{"embeddable":true,"href":"https:\/\/eventos.abcm.org.br\/conem2026\/wp-json\/wp\/v2\/users\/1"}],"replies":[{"embeddable":true,"href":"https:\/\/eventos.abcm.org.br\/conem2026\/wp-json\/wp\/v2\/comments?post=2350"}],"version-history":[{"count":8,"href":"https:\/\/eventos.abcm.org.br\/conem2026\/wp-json\/wp\/v2\/pages\/2350\/revisions"}],"predecessor-version":[{"id":2360,"href":"https:\/\/eventos.abcm.org.br\/conem2026\/wp-json\/wp\/v2\/pages\/2350\/revisions\/2360"}],"wp:attachment":[{"href":"https:\/\/eventos.abcm.org.br\/conem2026\/wp-json\/wp\/v2\/media?parent=2350"}],"curies":[{"name":"wp","href":"https:\/\/api.w.org\/{rel}","templated":true}]}}