{"id":2528,"date":"2026-01-29T11:53:30","date_gmt":"2026-01-29T14:53:30","guid":{"rendered":"https:\/\/eventos.abcm.org.br\/conem2026\/?page_id=2528"},"modified":"2026-02-12T15:36:37","modified_gmt":"2026-02-12T18:36:37","slug":"enacem","status":"publish","type":"page","link":"https:\/\/eventos.abcm.org.br\/conem2026\/enacem\/","title":{"rendered":"ENACEM"},"content":{"rendered":"\n    \n        <section class=\"banner-int \" style=\"background-image: url('https:\/\/eventos.abcm.org.br\/conem2026\/wp-content\/uploads\/2025\/08\/banner-1-scaled.jpg');\">\n            <div class=\"container-content\">\n                <h2>ENACEM 2026<\/h2>\n                <h3>VI Encontro Nacional de Coordenadores de Engenharia Mec\u00e2nica<\/h3>\n            <\/div>\n        <\/section>\n\n    \n\n\n\n    <section class=\"\">\n        <div class=\"container-content\">\n            <div class=\"block-text-title \">\n                <h2 class=\"title\"><\/h2>\n                <p><img loading=\"lazy\" decoding=\"async\" class=\"aligncenter wp-image-2547 size-large\" src=\"http:\/\/eventos.abcm.org.br\/conem2026\/wp-content\/uploads\/2026\/02\/Banner-ENACEM-site-1024x460.jpg\" alt=\"\" width=\"1024\" height=\"460\" srcset=\"https:\/\/eventos.abcm.org.br\/conem2026\/wp-content\/uploads\/2026\/02\/Banner-ENACEM-site-1024x460.jpg 1024w, https:\/\/eventos.abcm.org.br\/conem2026\/wp-content\/uploads\/2026\/02\/Banner-ENACEM-site-300x135.jpg 300w, https:\/\/eventos.abcm.org.br\/conem2026\/wp-content\/uploads\/2026\/02\/Banner-ENACEM-site-768x345.jpg 768w, https:\/\/eventos.abcm.org.br\/conem2026\/wp-content\/uploads\/2026\/02\/Banner-ENACEM-site.jpg 1211w\" sizes=\"auto, (max-width: 1024px) 100vw, 1024px\" \/><br \/>\r\n<p style=\"text-align: center;\"><strong>VI Encontro Nacional de Coordenadores de Engenharia Mec\u00e2nica<br \/>\r\nEvento conjunto ao CONEM 2026 \u2022 S\u00e3o Lu\u00eds (MA)<\/strong><\/p><br \/>\r\n<strong>Sobre o ENACEM<\/strong><br \/>\r\n<br \/>\r\nO Encontro Nacional de Coordenadores de Engenharia Mec\u00e2nica (ENACEM) \u00e9 um evento promovido pela Associa\u00e7\u00e3o Brasileira de Engenharia e Ci\u00eancias Mec\u00e2nicas (ABCM) com o objetivo de reunir coordenadores de gradua\u00e7\u00e3o e de p\u00f3s-gradua\u00e7\u00e3o dos cursos de Engenharia Mec\u00e2nica do pa\u00eds para discutir temas de interesse da \u00e1rea de Engenharias III (Engenharia Mec\u00e2nica e afins), com foco em melhoria cont\u00ednua do ensino, pesquisa e extens\u00e3o e no alinhamento com demandas do setor produtivo e de \u00f3rg\u00e3os de avalia\u00e7\u00e3o e fomento.<br \/>\r\n<br \/>\r\n\u25cf Avalia\u00e7\u00e3o de desempenho acad\u00eamico dos cursos e programas.<br \/>\r\n\u25cf Estruturas e atualiza\u00e7\u00e3o de grades curriculares (contexto nacional e internacional).<br \/>\r\n\u25cf Expectativas do mercado de trabalho e implica\u00e7\u00f5es na gest\u00e3o acad\u00eamica, ensino, pesquisa e extens\u00e3o.<br \/>\r\n\u25cf Perspectivas e desafios para a p\u00f3s-gradua\u00e7\u00e3o em Engenharias III.<br \/>\r\n\u25cf Linhas de a\u00e7\u00e3o e encaminhamentos da ABCM junto a agentes de fomento, financiamento e avalia\u00e7\u00e3o.<br \/>\r\n<br \/>\r\n<strong>Data e local<\/strong><br \/>\r\n<br \/>\r\nCidade: S\u00e3o Lu\u00eds (MA)<br \/>\r\nDatas e hor\u00e1rios: 11\/08\/2026 e 12\/08\/2026<br \/>\r\nLocal: CEUMA Universidade (local a definir)<br \/>\r\n<br \/>\r\nO ENACEM 2026 ser\u00e1 a 6\u00aa edi\u00e7\u00e3o do evento e acontecer\u00e1 em S\u00e3o Lu\u00eds\/MA, em conjunto com o CONEM 2026. As edi\u00e7\u00f5es anteriores foram:<br \/>\r\n<br \/>\r\n\u25cf I ENACEM \u2013 S\u00e3o Carlos\/SP (2006)<br \/>\r\n\u25cf II ENACEM \u2013 Bento Gon\u00e7alves\/RS (2011)<br \/>\r\n\u25cf III ENACEM \u2013 Bonito\/MS (2013)<br \/>\r\n\u25cf IV ENACEM \u2013 Ouro Preto\/MG (2015)<br \/>\r\n\u25cf V ENACEM \u2013 Natal\/RN (UFRN), em conjunto com o CONEM 2024 (2024)<br \/>\r\n<br \/>\r\n<strong>Como participar<\/strong><br \/>\r\n<br \/>\r\nA participa\u00e7\u00e3o no ENACEM 2026 \u00e9 destinada prioritariamente a coordenadores de cursos de gradua\u00e7\u00e3o e de programas de p\u00f3s-gradua\u00e7\u00e3o em Engenharia Mec\u00e2nica, mas o evento ser\u00e1 aberto aos participantes do CONEM 2026.<br \/>\r\n<br \/>\r\n\u25cf \u00c9 obrigat\u00f3ria a inscri\u00e7\u00e3o no CONEM 2026 para ter acesso ao ENACEM 2026.<br \/>\r\n\u25cf O participante dever\u00e1 preencher este formul\u00e1rio para controle de presen\u00e7a e emiss\u00e3o de certificado de participa\u00e7\u00e3o (link a definir).<br \/>\r\n<p style=\"text-align: left;\"><strong>Programa\u00e7\u00e3o<\/strong><\/p><br \/>\r\n<p style=\"text-align: center;\"><strong>Dia 11\/08\/2026 (ter\u00e7a-feira)<\/strong><\/p><br \/>\r\n<p style=\"text-align: left;\"><strong>13h30-13h45:<\/strong> Sess\u00e3o de Abertura<br \/>\r\n<strong>13h45-15h00:<\/strong> Palestra: Avalia\u00e7\u00e3o CAPES Engenharias III: Perspectivas quadri\u00eanio 2025-2028<br \/>\r\n<strong>15h00-16h30:<\/strong> Painel de abertura: \u201cPol\u00edticas de financiamento e bolsas no Brasil: do conhecimento b\u00e1sico \u00e0 inova\u00e7\u00e3o\u201d<\/p><br \/>\r\n<p style=\"text-align: center;\"><strong>Dia 12\/08\/2026 (quarta-feira)<\/strong><\/p><br \/>\r\n<p style=\"text-align: left;\"><strong>09h00-10h30:<\/strong> Palestra: \u201cAvalia\u00e7\u00e3o da Educa\u00e7\u00e3o Superior\u201d<br \/>\r\n<strong>10h30-11h00:<\/strong> Coffeebreak<br \/>\r\n<strong>11h00-12h30:<\/strong> Sess\u00e3o conjunta ABCM\/ABEPRO Painel: \u201cO engenheiro que o futuro exige e a queda na busca por cursos de engenharia\u201d<br \/>\r\n<strong>14h30-16h30:<\/strong> Painel: \u201cBoas pr\u00e1ticas na curriculariza\u00e7\u00e3o da extens\u00e3o\u201d<br \/>\r\n<strong>16h30-17h00:<\/strong> Coffeebreak<br \/>\r\n<strong>17h00-18h30:<\/strong> Painel: \u201cAproxima\u00e7\u00e3o com sistema profissional CREA\/CONFEA, est\u00e1gios e compet\u00eancias\u201d<\/p><br \/>\r\n<strong>Comit\u00ea Organizador<\/strong><br \/>\r\n<br \/>\r\n\u25cf Rafael Catapan (ABCM\/UFSC)<br \/>\r\n\u25cf Aline Souza de Paula (ABCM\/UnB)<br \/>\r\n\u25cf Glauber Cruz (UFMA)<br \/>\r\n\u25cf Carlos Ronyhelton Santana de Oliveira (UEMA)<br \/>\r\n\u25cf Kerlles Rafael Pereira Sousa (IFMA)<br \/>\r\n\u25cf Mauro Ara\u00fajo Medeiros (IFMA)<br \/>\r\n<br \/>\r\nCoordenadores de gradua\u00e7\u00e3o e p\u00f3s-gradua\u00e7\u00e3o em Engenharia Mec\u00e2nica das institui\u00e7\u00f5es organizadoras que desejem colaborar tamb\u00e9m s\u00e3o bem-vindos.<br \/>\r\n<br \/>\r\nPara duvidas em rela\u00e7\u00e3o a este evento, envie um email para <a href=\"mailto:abcm@abcm.org.br\">abcm@abcm.org.br<\/a><\/p>\n            <\/div>\n        <\/div>\n    <\/section>\n\n\n\n\n<div style=\"height:100px\" aria-hidden=\"true\" class=\"wp-block-spacer\"><\/div>\n","protected":false},"excerpt":{"rendered":"","protected":false},"author":1,"featured_media":0,"parent":0,"menu_order":0,"comment_status":"closed","ping_status":"closed","template":"","meta":{"footnotes":""},"class_list":["post-2528","page","type-page","status-publish","hentry"],"_links":{"self":[{"href":"https:\/\/eventos.abcm.org.br\/conem2026\/wp-json\/wp\/v2\/pages\/2528","targetHints":{"allow":["GET"]}}],"collection":[{"href":"https:\/\/eventos.abcm.org.br\/conem2026\/wp-json\/wp\/v2\/pages"}],"about":[{"href":"https:\/\/eventos.abcm.org.br\/conem2026\/wp-json\/wp\/v2\/types\/page"}],"author":[{"embeddable":true,"href":"https:\/\/eventos.abcm.org.br\/conem2026\/wp-json\/wp\/v2\/users\/1"}],"replies":[{"embeddable":true,"href":"https:\/\/eventos.abcm.org.br\/conem2026\/wp-json\/wp\/v2\/comments?post=2528"}],"version-history":[{"count":20,"href":"https:\/\/eventos.abcm.org.br\/conem2026\/wp-json\/wp\/v2\/pages\/2528\/revisions"}],"predecessor-version":[{"id":2565,"href":"https:\/\/eventos.abcm.org.br\/conem2026\/wp-json\/wp\/v2\/pages\/2528\/revisions\/2565"}],"wp:attachment":[{"href":"https:\/\/eventos.abcm.org.br\/conem2026\/wp-json\/wp\/v2\/media?parent=2528"}],"curies":[{"name":"wp","href":"https:\/\/api.w.org\/{rel}","templated":true}]}}