{"id":9,"date":"2024-02-12T15:53:22","date_gmt":"2024-02-12T18:53:22","guid":{"rendered":"http:\/\/localhost\/abcm-wp-event\/?page_id=9"},"modified":"2025-08-25T13:03:11","modified_gmt":"2025-08-25T16:03:11","slug":"home","status":"publish","type":"page","link":"https:\/\/eventos.abcm.org.br\/conem2026\/","title":{"rendered":"Home"},"content":{"rendered":"\n    <section class=\"banner-home teste\">\n        <div class=\"swiper\">\n            <div class=\"swiper-wrapper\">\n                                    <div class=\"swiper-slide\" style=\"background-image: url('https:\/\/eventos.abcm.org.br\/conem2026\/wp-content\/uploads\/2025\/08\/banner-3-scaled.jpg');\">\n                        <div class=\"container\">\n\n                                                            <p>10 &#8211; 14  Agosto 2026 <\/p>\n                            \n                                                            <h1>XIII Congresso Nacional de Engenharia Mec\u00e2nica<\/h1>\n                            \n                            \n                                                            <a href=\"https:\/\/www.sistema.abcm.org.br\" class=\"btn-theme\">\n                                    abcm login                                <\/a>\n                            \n                        <\/div>\n                    <\/div>\n                            <\/div>\n            <div class=\"swiper-pagination\"><\/div>\n        <\/div>\n    <\/section>\n\n\n\n\n<div style=\"height:100px\" aria-hidden=\"true\" class=\"wp-block-spacer\"><\/div>\n\n\n\n    \n        <section class=\"bg-sc-bt \" style=\"background-image: none;\">\n            <div class=\"container-content\">\n\n                <div class=\"block-countdown\">\n                    <h3>O CONEM 2026 ter\u00e1 in\u00edcio em<\/h3>\n                    <div class=\"countdown\" data-date=\"10-08-2026\" data-time=\"12:00\">\n                        <div class=\"day\">\n                            <span class=\"num\"><\/span>\n                            <span class=\"word\">Dias<\/span>\n                        <\/div>\n                        <div class=\"hour\">\n                            <span class=\"num\"><\/span>\n                            <span class=\"word\">Horas<\/span>\n                        <\/div>\n                        <div class=\"min\">\n                            <span class=\"num\"><\/span>\n                            <span class=\"word\">Minutos<\/span>\n                        <\/div>\n                        <div class=\"sec\">\n                            <span class=\"num\"><\/span>\n                            <span class=\"word\">Segs<\/span>\n                        <\/div>\n                    <\/div>\n                <\/div>\n\n            <\/div>\n        <\/section>\n\n    \n\n\n\n<div style=\"height:200px\" aria-hidden=\"true\" class=\"wp-block-spacer\"><\/div>\n\n\n\n    \n        \n            <section class=\"bg-sc-bt home-graf\">\n                <div class=\"container-content\">\n                    <div class=\"\">\n                        <div class=\"block-flex\">\n                            <div class=\"flex-content\">\n                                <div class=\"col\">\n                                    <span class=\"sub-sc\">Bem-vindos<\/span>\n                                    <h2 class=\"title\">XIII Congresso Nacional de Engenharia Mec\u00e2nica<\/h2>\n                                    <p>\n                                        \u00c9 com imensa satisfa\u00e7\u00e3o que a comiss\u00e3o organizadora, uma uni\u00e3o estrat\u00e9gica de professores e especialistas das renomadas institui\u00e7\u00f5es UFMA, UEMA, IFMA e CEUMA, recebe cada um de voc\u00eas.<br \/>\r\nUnimos for\u00e7as para criar um evento que n\u00e3o s\u00f3 compartilha conhecimento e inova\u00e7\u00e3o, mas tamb\u00e9m se tornar\u00e1 uma experi\u00eancia inesquec\u00edvel para todos.                                    <\/p>\n\n                                                                            <a href=\"https:\/\/eventos.abcm.org.br\/conem2026\/bem-vindos\/\" class=\"btn-theme\">\n                                            Sobre                                        <\/a>\n                                                                    <\/div>\n                                <div class=\"col\">\n                                    <img decoding=\"async\" src=\"https:\/\/eventos.abcm.org.br\/conem2026\/wp-content\/uploads\/2025\/08\/maranhao.jpg\" alt=\"\">\n                                <\/div>\n                            <\/div>\n                        <\/div>\n                    <\/div>\n                <\/div>\n            <\/section>\n\n        \n    \n\n\n\n<div style=\"height:150px\" aria-hidden=\"true\" class=\"wp-block-spacer\"><\/div>\n\n\n\n    \n        <section class=\"bg-gray page-section date-home\">\n            <div class=\"container-content\">\n                <span class=\"sub-sc\"><\/span>\n                <h2 class=\"title\">Datas Importantes<\/h2>\n\n                <div class=\"block-list-dates\">\n                    <ul class=\"list-dates\">\n\n                                                    <li>\n                                                                <div class=\"date\">\n                                    <span class=\"month\">Set<\/span>\n                                    <span class=\"day\">08<\/span>\n                                    <span class=\"year\">2025<\/span>\n                                <\/div>\n                                <p class=\"text\">\n                                    In\u00edcio da submiss\u00e3o do resumo (Abstract)                                <\/p>\n                            <\/li>\n                                                    <li>\n                                                                <div class=\"date\">\n                                    <span class=\"month\">Dez<\/span>\n                                    <span class=\"day\">22<\/span>\n                                    <span class=\"year\">2025<\/span>\n                                <\/div>\n                                <p class=\"text\">\n                                    Data limite para submiss\u00e3o do resumo (Abstract)                                <\/p>\n                            <\/li>\n                                                    <li>\n                                                                <div class=\"date\">\n                                    <span class=\"month\">Jan<\/span>\n                                    <span class=\"day\">19<\/span>\n                                    <span class=\"year\">2026<\/span>\n                                <\/div>\n                                <p class=\"text\">\n                                    Data limite para comunica\u00e7\u00e3o do aceite do resumo (Abstract)                                <\/p>\n                            <\/li>\n                                                    <li>\n                                                                <div class=\"date\">\n                                    <span class=\"month\">Jan<\/span>\n                                    <span class=\"day\">20<\/span>\n                                    <span class=\"year\">2026<\/span>\n                                <\/div>\n                                <p class=\"text\">\n                                    In\u00edcio da submiss\u00e3o do Artigo Completo (Draft Paper)                                <\/p>\n                            <\/li>\n                                                    <li>\n                                                                <div class=\"date\">\n                                    <span class=\"month\">Abr<\/span>\n                                    <span class=\"day\">06<\/span>\n                                    <span class=\"year\">2026<\/span>\n                                <\/div>\n                                <p class=\"text\">\n                                    Data limite para submiss\u00e3o do Artigo Completo (Draft Paper)                                <\/p>\n                            <\/li>\n                                                \n                        <!-- class hide para esconder o btn na interna -->\n                                                    <li>\n                                <a href=\"datas-importantes\" class=\"btn-theme\">\n                                    Ver todas                                <\/a>\n                            <\/li>\n                        \n                    <\/ul>\n                <\/div>\n            <\/div>\n        <\/section>\n\n    \n\n\n\n<div style=\"height:150px\" aria-hidden=\"true\" class=\"wp-block-spacer\"><\/div>\n\n\n\n<div style=\"height:150px\" aria-hidden=\"true\" class=\"wp-block-spacer\"><\/div>\n","protected":false},"excerpt":{"rendered":"","protected":false},"author":1,"featured_media":0,"parent":0,"menu_order":0,"comment_status":"closed","ping_status":"closed","template":"","meta":{"footnotes":""},"class_list":["post-9","page","type-page","status-publish","hentry"],"_links":{"self":[{"href":"https:\/\/eventos.abcm.org.br\/conem2026\/wp-json\/wp\/v2\/pages\/9","targetHints":{"allow":["GET"]}}],"collection":[{"href":"https:\/\/eventos.abcm.org.br\/conem2026\/wp-json\/wp\/v2\/pages"}],"about":[{"href":"https:\/\/eventos.abcm.org.br\/conem2026\/wp-json\/wp\/v2\/types\/page"}],"author":[{"embeddable":true,"href":"https:\/\/eventos.abcm.org.br\/conem2026\/wp-json\/wp\/v2\/users\/1"}],"replies":[{"embeddable":true,"href":"https:\/\/eventos.abcm.org.br\/conem2026\/wp-json\/wp\/v2\/comments?post=9"}],"version-history":[{"count":192,"href":"https:\/\/eventos.abcm.org.br\/conem2026\/wp-json\/wp\/v2\/pages\/9\/revisions"}],"predecessor-version":[{"id":2322,"href":"https:\/\/eventos.abcm.org.br\/conem2026\/wp-json\/wp\/v2\/pages\/9\/revisions\/2322"}],"wp:attachment":[{"href":"https:\/\/eventos.abcm.org.br\/conem2026\/wp-json\/wp\/v2\/media?parent=9"}],"curies":[{"name":"wp","href":"https:\/\/api.w.org\/{rel}","templated":true}]}}