{"id":10,"date":"2016-08-16T15:44:22","date_gmt":"2016-08-16T18:44:22","guid":{"rendered":"http:\/\/192.168.1.8\/mg\/evr\/dynamic\/?page_id=10"},"modified":"2020-09-04T10:41:05","modified_gmt":"2020-09-04T13:41:05","slug":"welcome","status":"publish","type":"page","link":"https:\/\/eventos.abcm.org.br\/creem2020\/about\/welcome\/","title":{"rendered":"Bem-vindo"},"content":{"rendered":"<p>Bem vindos ao XXVII CREEM, o Congresso Nacional dos Estudantes de Engenharia Mec\u00e2nica. Esta \u00e9 uma oportunidade de desenvolvimento para sua carreira, seja como um engenheiro acad\u00eamico ou da ind\u00fastria. A inova\u00e7\u00e3o \u00e9 um tema muito discutido pelas mais diversas \u00e1reas, e a Engenharia Mec\u00e2nica possui forte influ\u00eancia sobre todas elas.<\/p>\n<p>Inovar com sustentabilidade tem sido um desafio nos dias atuais, e a nossa proposta \u00e9 que voc\u00ea, discente de gradua\u00e7\u00e3o, possa apresentar seus trabalhos e ideias para um mundo cada vez mais inovador e sustent\u00e1vel.<\/p>\n<p>As \u00e1reas de atua\u00e7\u00e3o do nosso evento foram designadas de acordo com o que \u00e9 visto no curso de Engenharia Mec\u00e2nica da UFPR, dentre elas:<\/p>\n<p>Fabrica\u00e7\u00e3o, T\u00e9rmicas, Projetos e Materiais.<\/p>\n","protected":false},"excerpt":{"rendered":"<p>Bem vindos ao XXVII CREEM, o Congresso Nacional dos Estudantes de Engenharia Mec\u00e2nica. Esta \u00e9 uma oportunidade de desenvolvimento para sua carreira, seja como um engenheiro acad\u00eamico ou da ind\u00fastria. A inova\u00e7\u00e3o \u00e9 um tema muito discutido pelas mais diversas \u00e1reas, e a Engenharia Mec\u00e2nica possui forte influ\u00eancia sobre todas elas. Inovar com sustentabilidade tem [&hellip;]<\/p>\n","protected":false},"author":1,"featured_media":0,"parent":8,"menu_order":0,"comment_status":"closed","ping_status":"closed","template":"","meta":{"_acf_changed":false,"footnotes":""},"class_list":["post-10","page","type-page","status-publish","hentry"],"acf":[],"_links":{"self":[{"href":"https:\/\/eventos.abcm.org.br\/creem2020\/wp-json\/wp\/v2\/pages\/10","targetHints":{"allow":["GET"]}}],"collection":[{"href":"https:\/\/eventos.abcm.org.br\/creem2020\/wp-json\/wp\/v2\/pages"}],"about":[{"href":"https:\/\/eventos.abcm.org.br\/creem2020\/wp-json\/wp\/v2\/types\/page"}],"author":[{"embeddable":true,"href":"https:\/\/eventos.abcm.org.br\/creem2020\/wp-json\/wp\/v2\/users\/1"}],"replies":[{"embeddable":true,"href":"https:\/\/eventos.abcm.org.br\/creem2020\/wp-json\/wp\/v2\/comments?post=10"}],"version-history":[{"count":42,"href":"https:\/\/eventos.abcm.org.br\/creem2020\/wp-json\/wp\/v2\/pages\/10\/revisions"}],"predecessor-version":[{"id":1197,"href":"https:\/\/eventos.abcm.org.br\/creem2020\/wp-json\/wp\/v2\/pages\/10\/revisions\/1197"}],"up":[{"embeddable":true,"href":"https:\/\/eventos.abcm.org.br\/creem2020\/wp-json\/wp\/v2\/pages\/8"}],"wp:attachment":[{"href":"https:\/\/eventos.abcm.org.br\/creem2020\/wp-json\/wp\/v2\/media?parent=10"}],"curies":[{"name":"wp","href":"https:\/\/api.w.org\/{rel}","templated":true}]}}