{"id":10,"date":"2016-08-16T15:44:22","date_gmt":"2016-08-16T18:44:22","guid":{"rendered":"http:\/\/192.168.1.8\/mg\/evr\/dynamic\/?page_id=10"},"modified":"2021-08-19T18:27:00","modified_gmt":"2021-08-19T21:27:00","slug":"welcome","status":"publish","type":"page","link":"https:\/\/eventos.abcm.org.br\/creem2022\/about\/welcome\/","title":{"rendered":"Bem-vindo"},"content":{"rendered":"<p>Bem vindos ao XXVIII CREEM, o Congresso Nacional dos Estudantes de Engenharia Mec\u00e2nica e bem vindos ao cora\u00e7\u00e3o do Rio Grande do Sul, \u00e0 cidade de Santa Maria. <\/p>\n<p>Participar de um evento deste porte \u00e9 uma grande oportunidade de desenvolvimento para sua carreira, seja como um engenheiro acad\u00eamico ou da ind\u00fastria, pois \u00e9 um momento \u00fanico de trocas de experi\u00eancias acad\u00eamicas e culturais e de aprendizado, al\u00e9m de ser uma oportunidade de mostrar o seu trabalho em \u00e2mbito nacional.<\/p>\n<p>A tecnologia e a inova\u00e7\u00e3o associadas \u00e0 sustentabilidade tem sido um desafio nos dias atuais, e a nossa proposta \u00e9 que voc\u00ea, discente de gradua\u00e7\u00e3o, possa apresentar seus trabalhos e ideias para um mundo cada vez mais inovador e sustent\u00e1vel.<\/p>\n<p>As \u00e1reas de atua\u00e7\u00e3o do nosso evento foram designadas de acordo com o que \u00e9 visto no curso de Engenharia Mec\u00e2nica da UFSM, dentre elas:<br \/>\nM\u00e1quinas t\u00e9rmicas, Materiais, Fabrica\u00e7\u00e3o, Projetos, Fluidos, Combust\u00e3o e Emiss\u00f5es, entre outras.<\/p>\n<h3>XXVIII CREEM<\/h3>\n<p>Promovido pela Associa\u00e7\u00e3o Brasileira de Engenharia e Ci\u00eancias Mec\u00e2nicas &#8211; ABCM, a vig\u00e9sima oitava edi\u00e7\u00e3o do CREEM \u00e9 organizada pelos estudantes de Engenharia Mec\u00e2nica da Universidade Federal de Santa Maria &#8211; UFSM.<\/p>\n<h3>A UFSM<\/h3>\n<p>A Universidade Federal de Santa Maria &#8211; UFSM est\u00e1 localizada no cora\u00e7\u00e3o do Rio Grande do Sul, na cidade de Santa Maria. Idealizada e fundada pelo professor Dr. Jos\u00e9 Mariano da Rocha Filho, em 1960.<\/p>\n<p>A UFSM foi a primeira universidade federal criada no interior, fora de uma capital brasileira. Esse fato representou um marco importante no processo de interioriza\u00e7\u00e3o do ensino universit\u00e1rio p\u00fablico no Brasil e tornou o Rio Grande do Sul o primeiro Estado da Federa\u00e7\u00e3o a contar com duas universidades federais.<\/p>\n<p>Ao iniciar suas atividades, em 1960, contava com a Faculdade de Farm\u00e1cia, de Medicina, de Odontologia e o Instituto Eletrot\u00e9cnico do Centro Polit\u00e9cnico e desde o Estatuto de 2010, a UFSM estabeleceu em sua constitui\u00e7\u00e3o dez Unidades Universit\u00e1rias: Centro de Artes e Letras, Centro de Ci\u00eancias Naturais e Exatas, Centro de Ci\u00eancias Rurais, Centro de Ci\u00eancias da Sa\u00fade, Centro de Ci\u00eancias Sociais e Humanas, Centro de Educa\u00e7\u00e3o, Centro de Educa\u00e7\u00e3o F\u00edsica e Desportos, Centro de Educa\u00e7\u00e3o Superior Norte-RS, Centro de Tecnologia e Unidade Descentralizada de Educa\u00e7\u00e3o Superior de Silveira Martins-RS.<\/p>\n<h3>O Curso de Engenharia Mec\u00e2nica UFSM<\/h3>\n<p>O curso de Engenharia Mec\u00e2nica da UFSM foi criado em 1964, devido a press\u00e3o dos alunos, encaminhada pelo Prof. Wilson Aita ao Prof. Jos\u00e9 Mariano da Rocha Filho, Fundador e 1\u00ba Reitor da UFSM. Havia uma consci\u00eancia de interioriza\u00e7\u00e3o do ensino superior e diante disso a cria\u00e7\u00e3o de um curso de Engenharia Mec\u00e2nica foi uma consequ\u00eancia natural. Santa Maria foi escolhida por ser um centro geogr\u00e1fico, pela necessidade de atua\u00e7\u00e3o no setor ferrovi\u00e1rio, na manuten\u00e7\u00e3o de m\u00e1quinas e locomotivas, na instala\u00e7\u00e3o de frigor\u00edficos, produ\u00e7\u00e3o de implementos agr\u00edcolas, transporte, moinhos, etc. A 1\u00aa turma se formou em 14 de dezembro de 1968 e atualmente o curso j\u00e1 formou mais de 1200 profissionais que atuam nos mais diversos pontos do Brasil e alguns no exterior.<\/p>\n","protected":false},"excerpt":{"rendered":"<p>Bem vindos ao XXVIII CREEM, o Congresso Nacional dos Estudantes de Engenharia Mec\u00e2nica e bem vindos ao cora\u00e7\u00e3o do Rio Grande do Sul, \u00e0 cidade de Santa Maria. Participar de um evento deste porte \u00e9 uma grande oportunidade de desenvolvimento para sua carreira, seja como um engenheiro acad\u00eamico ou da ind\u00fastria, pois \u00e9 um momento [&hellip;]<\/p>\n","protected":false},"author":1,"featured_media":0,"parent":8,"menu_order":0,"comment_status":"closed","ping_status":"closed","template":"","meta":{"footnotes":""},"class_list":["post-10","page","type-page","status-publish","hentry"],"_links":{"self":[{"href":"https:\/\/eventos.abcm.org.br\/creem2022\/wp-json\/wp\/v2\/pages\/10","targetHints":{"allow":["GET"]}}],"collection":[{"href":"https:\/\/eventos.abcm.org.br\/creem2022\/wp-json\/wp\/v2\/pages"}],"about":[{"href":"https:\/\/eventos.abcm.org.br\/creem2022\/wp-json\/wp\/v2\/types\/page"}],"author":[{"embeddable":true,"href":"https:\/\/eventos.abcm.org.br\/creem2022\/wp-json\/wp\/v2\/users\/1"}],"replies":[{"embeddable":true,"href":"https:\/\/eventos.abcm.org.br\/creem2022\/wp-json\/wp\/v2\/comments?post=10"}],"version-history":[{"count":45,"href":"https:\/\/eventos.abcm.org.br\/creem2022\/wp-json\/wp\/v2\/pages\/10\/revisions"}],"predecessor-version":[{"id":1545,"href":"https:\/\/eventos.abcm.org.br\/creem2022\/wp-json\/wp\/v2\/pages\/10\/revisions\/1545"}],"up":[{"embeddable":true,"href":"https:\/\/eventos.abcm.org.br\/creem2022\/wp-json\/wp\/v2\/pages\/8"}],"wp:attachment":[{"href":"https:\/\/eventos.abcm.org.br\/creem2022\/wp-json\/wp\/v2\/media?parent=10"}],"curies":[{"name":"wp","href":"https:\/\/api.w.org\/{rel}","templated":true}]}}