{"id":10,"date":"2016-08-16T15:44:22","date_gmt":"2016-08-16T18:44:22","guid":{"rendered":"http:\/\/192.168.1.8\/mg\/evr\/dynamic\/?page_id=10"},"modified":"2023-01-25T12:45:35","modified_gmt":"2023-01-25T15:45:35","slug":"welcome","status":"publish","type":"page","link":"https:\/\/eventos.abcm.org.br\/creem2023\/about\/welcome\/","title":{"rendered":"Bem-vindo"},"content":{"rendered":"<p>Bem vindos ao XXIX CREEM, o Congresso Nacional dos Estudantes de Engenharia\u00a0Mec\u00e2nica e bem vindos \u00e0 capital mais verde do Brasil, \u00e0 cidade de Goi\u00e2nia.<\/p>\n<p>Participar de um evento de tamanha magnitude \u00e9 uma grande oportunidade de\u00a0desenvolvimento para sua carreira acad\u00eamica e\/ou profissional, dado que \u00e9 um momento\u00a0singular de trocas de experi\u00eancias acad\u00eamicas e culturais e de aprendizado, al\u00e9m de ser\u00a0uma oportunidade de mostrar o seu trabalho e\/ou pesquisa em \u00e2mbito nacional.<\/p>\n<p>Ci\u00eancia e desenvolvimento tecnol\u00f3gico andam lado a lado e s\u00e3o essenciais para a melhoria\u00a0de vida e para a solu\u00e7\u00e3o de problemas na sociedade. A engenharia, arte de resolver\u00a0problemas, associada a investiga\u00e7\u00f5es cient\u00edficas \u00e9 um dos caminhos para uma sociedade\u00a0mais desenvolvida, exercendo inclusive, um papel social nesse contexto.<\/p>\n<p>No CREEM, as \u00e1reas de atua\u00e7\u00e3o s\u00e3o distribu\u00eddas de acordo com o que \u00e9 visto no curso de\u00a0Engenharia Mec\u00e2nica da UFG, dentre elas:<\/p>\n<p>M\u00e1quinas t\u00e9rmicas, Materiais, Fabrica\u00e7\u00e3o, Projetos, Fluidos, Combust\u00e3o e Emiss\u00f5es, entre\u00a0outras.<\/p>\n<h3>XXIX CREEM<\/h3>\n<p>Promovido pela Associa\u00e7\u00e3o Brasileira de Engenharia e Ci\u00eancias Mec\u00e2nicas \u2013 ABCM, a vig\u00e9sima nona edi\u00e7\u00e3o do CREEM ser\u00e1 organizada pelos estudantes de Engenharia Mec\u00e2nica da Universidade Federal de Goi\u00e1s \u2013 UFG.<\/p>\n<h3>A UFG<\/h3>\n<p>A Universidade Federal de Goi\u00e1s \u2013 UFG est\u00e1 localizada em Goi\u00e2nia, capital do estado de\u00a0Goi\u00e1s. Com mais de 60 anos, a UFG engloba mais de 100 cursos em diversas \u00e1reas e\u00a0realiza anualmente in\u00fameros eventos que promovem ci\u00eancia, educa\u00e7\u00e3o e tecnologia.<\/p>\n<p>Possui mais de 22 mil estudantes, distribu\u00eddos em quatro c\u00e2mpus, situados nas cidades de\u00a0Goi\u00e1s e Goi\u00e2nia. Na capital, onde ser\u00e1 realizado o CREEM, a UFG conta com o C\u00e2mpus\u00a0Aparecida de Goi\u00e2nia, o C\u00e2mpus Colemar Natal e Silva (Pra\u00e7a Universit\u00e1ria) e o C\u00e2mpus\u00a0Samambaia. Al\u00e9m da gradua\u00e7\u00e3o, a UFG atua na Educa\u00e7\u00e3o B\u00e1sica, al\u00e9m de oferecer 78\u00a0cursos de p\u00f3s-gradua\u00e7\u00e3o stricto sensu entre mestrados, doutorados e mestrados<br \/>\nprofissionais, com mais de 4.200 alunos.<\/p>\n<h3>O Curso de Engenharia Mec\u00e2nica UFG<\/h3>\n<p>O curso de Engenharia Mec\u00e2nica da UFG foi criado em 2009 como parte pertencente \u00e0\u00a0Escola de Engenharia El\u00e9trica, Mec\u00e2nica e de Computa\u00e7\u00e3o, diante da necessidade de\u00a0desenvolvimento e demanda de profissionais para \u00e1reas afins de tal engenharia. E desde\u00a0ent\u00e3o, foi avaliado como um curso nota m\u00e1xima nos anos de 2014 e 2018 de acordo com o\u00a0Exame Nacional de Desempenho de Estudantes (ENADE).<\/p>\n","protected":false},"excerpt":{"rendered":"<p>Bem vindos ao XXIX CREEM, o Congresso Nacional dos Estudantes de Engenharia\u00a0Mec\u00e2nica e bem vindos \u00e0 capital mais verde do Brasil, \u00e0 cidade de Goi\u00e2nia. Participar de um evento de tamanha magnitude \u00e9 uma grande oportunidade de\u00a0desenvolvimento para sua carreira acad\u00eamica e\/ou profissional, dado que \u00e9 um momento\u00a0singular de trocas de experi\u00eancias acad\u00eamicas e culturais [&hellip;]<\/p>\n","protected":false},"author":1,"featured_media":0,"parent":8,"menu_order":0,"comment_status":"closed","ping_status":"closed","template":"","meta":{"footnotes":""},"class_list":["post-10","page","type-page","status-publish","hentry"],"_links":{"self":[{"href":"https:\/\/eventos.abcm.org.br\/creem2023\/wp-json\/wp\/v2\/pages\/10","targetHints":{"allow":["GET"]}}],"collection":[{"href":"https:\/\/eventos.abcm.org.br\/creem2023\/wp-json\/wp\/v2\/pages"}],"about":[{"href":"https:\/\/eventos.abcm.org.br\/creem2023\/wp-json\/wp\/v2\/types\/page"}],"author":[{"embeddable":true,"href":"https:\/\/eventos.abcm.org.br\/creem2023\/wp-json\/wp\/v2\/users\/1"}],"replies":[{"embeddable":true,"href":"https:\/\/eventos.abcm.org.br\/creem2023\/wp-json\/wp\/v2\/comments?post=10"}],"version-history":[{"count":56,"href":"https:\/\/eventos.abcm.org.br\/creem2023\/wp-json\/wp\/v2\/pages\/10\/revisions"}],"predecessor-version":[{"id":1824,"href":"https:\/\/eventos.abcm.org.br\/creem2023\/wp-json\/wp\/v2\/pages\/10\/revisions\/1824"}],"up":[{"embeddable":true,"href":"https:\/\/eventos.abcm.org.br\/creem2023\/wp-json\/wp\/v2\/pages\/8"}],"wp:attachment":[{"href":"https:\/\/eventos.abcm.org.br\/creem2023\/wp-json\/wp\/v2\/media?parent=10"}],"curies":[{"name":"wp","href":"https:\/\/api.w.org\/{rel}","templated":true}]}}