{"id":1230,"date":"2020-09-18T15:19:47","date_gmt":"2020-09-18T18:19:47","guid":{"rendered":"http:\/\/eventos.abcm.org.br\/creem2020\/?page_id=1230"},"modified":"2020-10-06T10:58:27","modified_gmt":"2020-10-06T13:58:27","slug":"simposio","status":"publish","type":"page","link":"https:\/\/eventos.abcm.org.br\/creem2023\/program\/simposio\/","title":{"rendered":"Simp\u00f3sio"},"content":{"rendered":"<h2>Programa T\u00e9cnico<\/h2>\n<p>O XXVII Congresso Nacional dos Estudantes de Engenharia Mec\u00e2nica ser\u00e1 organizado no seguinte conjunto de simp\u00f3sios:<\/p>\n<ul>\n<li>Engenharia Aeroespacial<\/li>\n<li>Bioengenharia<\/li>\n<li>Combust\u00e3o e Engenharia Ambiental<\/li>\n<li>Din\u00e2mica, Controle, Vibra\u00e7\u00f5es e Ac\u00fastica<\/li>\n<li>Energia e Ci\u00eancias T\u00e9rmicas<\/li>\n<li>Mec\u00e2nica dos Fluidos e Reologia<\/li>\n<li>Fratura, Fadiga e Integridade Estrutural<\/li>\n<li>Aquecimento, Ventila\u00e7\u00e3o, Ar Condicionado e Refrigera\u00e7\u00e3o<\/li>\n<li>Engenharia de Materiais e Manufatura<\/li>\n<li>Mecatr\u00f4nica e Automa\u00e7\u00e3o<\/li>\n<li>Nano, Microflu\u00eddica e Microssistema<\/li>\n<li>Engenharia Nuclear<\/li>\n<li>Fen\u00f4menos N\u00e3o Lineares<\/li>\n<li>Engenharia Offshore e Petrol\u00edfera<\/li>\n<li>Tubula\u00e7\u00e3o e Vasos de Press\u00e3o<\/li>\n<li>Engenharia de Produto<\/li>\n<li>Quantifica\u00e7\u00e3o de Incerteza e Modelagem Estoc\u00e1stica<\/li>\n<li>Materiais e Estruturas Inteligentes<\/li>\n<li>Mec\u00e2nica dos S\u00f3lida<\/li>\n<\/ul>\n<p>&nbsp;<\/p>\n<p>Ao enviar seu artigo no sistema de gerenciamento de confer\u00eancias ABCM, selecione o simp\u00f3sio que melhor representa a \u00e1rea de sua pesquisa. Depois de selecionar o simp\u00f3sio, pode ser necess\u00e1rio selecionar a sub\u00e1rea. Para obter mais instru\u00e7\u00f5es sobre a submiss\u00e3o de artigos, consulte <a href=\"http:\/\/eventos.abcm.org.br\/creem2020\/normas\/envio-do-artigo\/\">Envio de Artigos<\/a>.<\/p>\n","protected":false},"excerpt":{"rendered":"<p>Programa T\u00e9cnico O XXVII Congresso Nacional dos Estudantes de Engenharia Mec\u00e2nica ser\u00e1 organizado no seguinte conjunto de simp\u00f3sios: Engenharia Aeroespacial Bioengenharia Combust\u00e3o e Engenharia Ambiental Din\u00e2mica, Controle, Vibra\u00e7\u00f5es e Ac\u00fastica Energia e Ci\u00eancias T\u00e9rmicas Mec\u00e2nica dos Fluidos e Reologia Fratura, Fadiga e Integridade Estrutural Aquecimento, Ventila\u00e7\u00e3o, Ar Condicionado e Refrigera\u00e7\u00e3o Engenharia de Materiais e Manufatura [&hellip;]<\/p>\n","protected":false},"author":1,"featured_media":0,"parent":339,"menu_order":0,"comment_status":"closed","ping_status":"closed","template":"","meta":{"footnotes":""},"class_list":["post-1230","page","type-page","status-publish","hentry"],"_links":{"self":[{"href":"https:\/\/eventos.abcm.org.br\/creem2023\/wp-json\/wp\/v2\/pages\/1230","targetHints":{"allow":["GET"]}}],"collection":[{"href":"https:\/\/eventos.abcm.org.br\/creem2023\/wp-json\/wp\/v2\/pages"}],"about":[{"href":"https:\/\/eventos.abcm.org.br\/creem2023\/wp-json\/wp\/v2\/types\/page"}],"author":[{"embeddable":true,"href":"https:\/\/eventos.abcm.org.br\/creem2023\/wp-json\/wp\/v2\/users\/1"}],"replies":[{"embeddable":true,"href":"https:\/\/eventos.abcm.org.br\/creem2023\/wp-json\/wp\/v2\/comments?post=1230"}],"version-history":[{"count":7,"href":"https:\/\/eventos.abcm.org.br\/creem2023\/wp-json\/wp\/v2\/pages\/1230\/revisions"}],"predecessor-version":[{"id":1298,"href":"https:\/\/eventos.abcm.org.br\/creem2023\/wp-json\/wp\/v2\/pages\/1230\/revisions\/1298"}],"up":[{"embeddable":true,"href":"https:\/\/eventos.abcm.org.br\/creem2023\/wp-json\/wp\/v2\/pages\/339"}],"wp:attachment":[{"href":"https:\/\/eventos.abcm.org.br\/creem2023\/wp-json\/wp\/v2\/media?parent=1230"}],"curies":[{"name":"wp","href":"https:\/\/api.w.org\/{rel}","templated":true}]}}