{"id":1715,"date":"2022-10-19T09:56:46","date_gmt":"2022-10-19T12:56:46","guid":{"rendered":"http:\/\/eventos.abcm.org.br\/creem2023\/?page_id=1715"},"modified":"2022-11-04T16:50:08","modified_gmt":"2022-11-04T19:50:08","slug":"inscricoes","status":"publish","type":"page","link":"https:\/\/eventos.abcm.org.br\/creem2023\/inscricoes\/","title":{"rendered":"Inscri\u00e7\u00f5es"},"content":{"rendered":"<p>As inscri\u00e7\u00f5es ser\u00e3o realizadas na Plataforma ABCM.<\/p>\n<p>Para a publica\u00e7\u00e3o de artigos nos anais do XXIX CREEM:<\/p>\n<ul>\n<li>O artigo deve ser aprovado<\/li>\n<li>Sua vers\u00e3o final deve ser submetida e aprovada na plataforma ABCM<\/li>\n<li>Ao menos um dos autores deve pagar a taxa de inscri\u00e7\u00e3o<\/li>\n<li>O artigo deve ser apresentado no evento<\/li>\n<\/ul>\n<p>&nbsp;<\/p>\n<p>Cada inscri\u00e7\u00e3o tem direito a:<\/p>\n<ul>\n<li>Publicar um artigo nos Anais do Congresso, respeitando os prazos e normas para submiss\u00e3o de resumos<\/li>\n<li>Certificado de participa\u00e7\u00e3o<\/li>\n<\/ul>\n<p>&nbsp;<\/p>\n<p style=\"text-align: center;\"><a class=\"button--small\" href=\"http:\/\/www.sistema.abcm.org.br\/users\/login\" target=\"_blank\" rel=\"noopener\">INSCREVA-SE<\/a><\/p>\n<h3 style=\"margin-top: 60px;\">Tabela de Valores<\/h3>\n","protected":false},"excerpt":{"rendered":"<p>As inscri\u00e7\u00f5es ser\u00e3o realizadas na Plataforma ABCM. Para a publica\u00e7\u00e3o de artigos nos anais do XXIX CREEM: O artigo deve ser aprovado Sua vers\u00e3o final deve ser submetida e aprovada na plataforma ABCM Ao menos um dos autores deve pagar a taxa de inscri\u00e7\u00e3o O artigo deve ser apresentado no evento &nbsp; Cada inscri\u00e7\u00e3o tem [&hellip;]<\/p>\n","protected":false},"author":1,"featured_media":0,"parent":0,"menu_order":0,"comment_status":"closed","ping_status":"closed","template":"","meta":{"footnotes":""},"class_list":["post-1715","page","type-page","status-publish","hentry"],"_links":{"self":[{"href":"https:\/\/eventos.abcm.org.br\/creem2023\/wp-json\/wp\/v2\/pages\/1715","targetHints":{"allow":["GET"]}}],"collection":[{"href":"https:\/\/eventos.abcm.org.br\/creem2023\/wp-json\/wp\/v2\/pages"}],"about":[{"href":"https:\/\/eventos.abcm.org.br\/creem2023\/wp-json\/wp\/v2\/types\/page"}],"author":[{"embeddable":true,"href":"https:\/\/eventos.abcm.org.br\/creem2023\/wp-json\/wp\/v2\/users\/1"}],"replies":[{"embeddable":true,"href":"https:\/\/eventos.abcm.org.br\/creem2023\/wp-json\/wp\/v2\/comments?post=1715"}],"version-history":[{"count":14,"href":"https:\/\/eventos.abcm.org.br\/creem2023\/wp-json\/wp\/v2\/pages\/1715\/revisions"}],"predecessor-version":[{"id":1779,"href":"https:\/\/eventos.abcm.org.br\/creem2023\/wp-json\/wp\/v2\/pages\/1715\/revisions\/1779"}],"wp:attachment":[{"href":"https:\/\/eventos.abcm.org.br\/creem2023\/wp-json\/wp\/v2\/media?parent=1715"}],"curies":[{"name":"wp","href":"https:\/\/api.w.org\/{rel}","templated":true}]}}