{"id":2249,"date":"2024-08-12T10:03:28","date_gmt":"2024-08-12T13:03:28","guid":{"rendered":"https:\/\/eventos.abcm.org.br\/creem2024\/?page_id=2249"},"modified":"2024-08-12T10:03:28","modified_gmt":"2024-08-12T13:03:28","slug":"minicursos","status":"publish","type":"page","link":"https:\/\/eventos.abcm.org.br\/creem2024\/minicursos\/","title":{"rendered":"Minicursos"},"content":{"rendered":"<p>Os interessados nas atividades dever\u00e3o realizar inscri\u00e7\u00e3o atrav\u00e9s do formul\u00e1rio disponibilizado abaixo e seguir as seguintes instru\u00e7\u00f5es.<\/p>\n<p>&nbsp;<\/p>\n<p><a href=\"https:\/\/forms.gle\/WVHSZUaFaXgoJEUY6\">https:\/\/forms.gle\/WVHSZUaFaXgoJEUY6<\/a><\/p>\n","protected":false},"excerpt":{"rendered":"<p>Os interessados nas atividades dever\u00e3o realizar inscri\u00e7\u00e3o atrav\u00e9s do formul\u00e1rio disponibilizado abaixo e seguir as seguintes instru\u00e7\u00f5es. &nbsp; https:\/\/forms.gle\/WVHSZUaFaXgoJEUY6<\/p>\n","protected":false},"author":1,"featured_media":0,"parent":0,"menu_order":0,"comment_status":"closed","ping_status":"closed","template":"","meta":{"footnotes":""},"class_list":["post-2249","page","type-page","status-publish","hentry"],"_links":{"self":[{"href":"https:\/\/eventos.abcm.org.br\/creem2024\/wp-json\/wp\/v2\/pages\/2249","targetHints":{"allow":["GET"]}}],"collection":[{"href":"https:\/\/eventos.abcm.org.br\/creem2024\/wp-json\/wp\/v2\/pages"}],"about":[{"href":"https:\/\/eventos.abcm.org.br\/creem2024\/wp-json\/wp\/v2\/types\/page"}],"author":[{"embeddable":true,"href":"https:\/\/eventos.abcm.org.br\/creem2024\/wp-json\/wp\/v2\/users\/1"}],"replies":[{"embeddable":true,"href":"https:\/\/eventos.abcm.org.br\/creem2024\/wp-json\/wp\/v2\/comments?post=2249"}],"version-history":[{"count":1,"href":"https:\/\/eventos.abcm.org.br\/creem2024\/wp-json\/wp\/v2\/pages\/2249\/revisions"}],"predecessor-version":[{"id":2250,"href":"https:\/\/eventos.abcm.org.br\/creem2024\/wp-json\/wp\/v2\/pages\/2249\/revisions\/2250"}],"wp:attachment":[{"href":"https:\/\/eventos.abcm.org.br\/creem2024\/wp-json\/wp\/v2\/media?parent=2249"}],"curies":[{"name":"wp","href":"https:\/\/api.w.org\/{rel}","templated":true}]}}