{"id":557,"date":"2018-02-27T12:30:13","date_gmt":"2018-02-27T15:30:13","guid":{"rendered":"http:\/\/eventos.abcm.org.br\/diname2019\/?page_id=557"},"modified":"2020-02-13T19:50:12","modified_gmt":"2020-02-13T21:50:12","slug":"location","status":"publish","type":"page","link":"https:\/\/eventos.abcm.org.br\/diname2023\/venue\/location\/","title":{"rendered":"Location"},"content":{"rendered":"<p>The conference will take place at Pousada dos Pireneus, Piren\u00f3polis. Piren\u00f3polis is located at the middle of Goi\u00e1s State in a biome called<br \/>\nCerrado, a vast tropical savanna of Brazil. The region has beautiful rivers and several waterfalls. The name Piren\u00f3polis is a tribute to the<br \/>\nPyrenees mountain range, which surrounds the entire city. The city, founded in 1727 with the discovery of gold, has one of the most important<br \/>\nproperty collections in all Midwest of Brazil.\u00a0 Colonial architecture makes up the architectural, urban, landscape and historical ensemble of<br \/>\nPiren\u00f3polis, listed by IPHAN (National Heritage Institute) in 1990.<\/p>\n<p>Piren\u00f3polis is 120 km away from Goi\u00e2nia and 150 km away from Bras\u00edlia. Information about transportation from Bras\u00edlia to Piren\u00f3polis will be<br \/>\navailable soon.<\/p>\n<p>&nbsp;<\/p>\n<p><img loading=\"lazy\" decoding=\"async\" class=\"alignnone size-full wp-image-1014\" src=\"http:\/\/eventos.abcm.org.br\/diname2021\/content\/uploads\/2020\/02\/map.jpg\" alt=\"\" width=\"330\" height=\"260\" srcset=\"https:\/\/eventos.abcm.org.br\/diname2023\/content\/uploads\/2020\/02\/map.jpg 330w, https:\/\/eventos.abcm.org.br\/diname2023\/content\/uploads\/2020\/02\/map-254x200.jpg 254w\" sizes=\"auto, (max-width: 330px) 100vw, 330px\" \/> <img loading=\"lazy\" decoding=\"async\" class=\"alignnone size-medium wp-image-1015\" src=\"http:\/\/eventos.abcm.org.br\/diname2021\/content\/uploads\/2020\/02\/map2.jpg\" alt=\"\" width=\"433\" height=\"260\" srcset=\"https:\/\/eventos.abcm.org.br\/diname2023\/content\/uploads\/2020\/02\/map2.jpg 433w, https:\/\/eventos.abcm.org.br\/diname2023\/content\/uploads\/2020\/02\/map2-300x180.jpg 300w\" sizes=\"auto, (max-width: 433px) 100vw, 433px\" \/><\/p>\n<p>&nbsp;<\/p>\n<p><strong>Hotel Pousada dos Pireneus Resort<\/strong><\/p>\n<p><a href=\"http:\/\/www.pousadadospireneus.com.br\/\" target=\"_blank\" rel=\"noopener noreferrer\">Pousada Website<\/a><\/p>\n<p>Address: Ch\u00e1cara Mata do Sobrado, n\u00ba80 \u2013 Bairro do Carmo \u2013 Piren\u00f3polis \u2013 GO, 72980-000<\/p>\n","protected":false},"excerpt":{"rendered":"<p>The conference will take place at Pousada dos Pireneus, Piren\u00f3polis. Piren\u00f3polis is located at the middle of Goi\u00e1s State in a biome called Cerrado, a vast tropical savanna of Brazil. The region has beautiful rivers and several waterfalls. The name Piren\u00f3polis is a tribute to the Pyrenees mountain range, which surrounds the entire city. The [&hellip;]<\/p>\n","protected":false},"author":1,"featured_media":0,"parent":555,"menu_order":1,"comment_status":"closed","ping_status":"closed","template":"","meta":{"footnotes":""},"class_list":["post-557","page","type-page","status-publish","hentry"],"_links":{"self":[{"href":"https:\/\/eventos.abcm.org.br\/diname2023\/wp-json\/wp\/v2\/pages\/557","targetHints":{"allow":["GET"]}}],"collection":[{"href":"https:\/\/eventos.abcm.org.br\/diname2023\/wp-json\/wp\/v2\/pages"}],"about":[{"href":"https:\/\/eventos.abcm.org.br\/diname2023\/wp-json\/wp\/v2\/types\/page"}],"author":[{"embeddable":true,"href":"https:\/\/eventos.abcm.org.br\/diname2023\/wp-json\/wp\/v2\/users\/1"}],"replies":[{"embeddable":true,"href":"https:\/\/eventos.abcm.org.br\/diname2023\/wp-json\/wp\/v2\/comments?post=557"}],"version-history":[{"count":11,"href":"https:\/\/eventos.abcm.org.br\/diname2023\/wp-json\/wp\/v2\/pages\/557\/revisions"}],"predecessor-version":[{"id":1016,"href":"https:\/\/eventos.abcm.org.br\/diname2023\/wp-json\/wp\/v2\/pages\/557\/revisions\/1016"}],"up":[{"embeddable":true,"href":"https:\/\/eventos.abcm.org.br\/diname2023\/wp-json\/wp\/v2\/pages\/555"}],"wp:attachment":[{"href":"https:\/\/eventos.abcm.org.br\/diname2023\/wp-json\/wp\/v2\/media?parent=557"}],"curies":[{"name":"wp","href":"https:\/\/api.w.org\/{rel}","templated":true}]}}