{"id":1317,"date":"2025-04-01T09:53:19","date_gmt":"2025-04-01T12:53:19","guid":{"rendered":"https:\/\/eventos.abcm.org.br\/ee2025\/?page_id=1317"},"modified":"2026-04-02T12:01:27","modified_gmt":"2026-04-02T15:01:27","slug":"inscricoes","status":"publish","type":"page","link":"https:\/\/eventos.abcm.org.br\/ebdr2026\/inscricoes\/","title":{"rendered":"Inscri\u00e7\u00f5es"},"content":{"rendered":"\n    \n        <section class=\"banner-int \" style=\"background-image: url('https:\/\/eventos.abcm.org.br\/ebdr2026\/wp-content\/uploads\/2026\/03\/imagem_home_tratada-e1772634019130.png');\">\n            <div class=\"container-content\">\n                <h2>Inscri\u00e7\u00f5es<\/h2>\n                <h3>2\u00aa edi\u00e7\u00e3o da Escola Brasileira de Din\u00e2mica de Rotores<\/h3>\n            <\/div>\n        <\/section>\n\n    \n\n\n\n    <section class=\"\">\n        <div class=\"container-content\">\n            <div class=\"block-text-title \">\n                <h2 class=\"title\"><\/h2>\n                <p><img loading=\"lazy\" decoding=\"async\" class=\"aligncenter wp-image-1780\" src=\"http:\/\/eventos.abcm.org.br\/ebdr2026\/wp-content\/uploads\/2026\/04\/IMG_3189-300x189.jpg\" alt=\"\" width=\"600\" height=\"377\" srcset=\"https:\/\/eventos.abcm.org.br\/ebdr2026\/wp-content\/uploads\/2026\/04\/IMG_3189-300x189.jpg 300w, https:\/\/eventos.abcm.org.br\/ebdr2026\/wp-content\/uploads\/2026\/04\/IMG_3189-1024x644.jpg 1024w, https:\/\/eventos.abcm.org.br\/ebdr2026\/wp-content\/uploads\/2026\/04\/IMG_3189-768x483.jpg 768w, https:\/\/eventos.abcm.org.br\/ebdr2026\/wp-content\/uploads\/2026\/04\/IMG_3189.jpg 1290w\" sizes=\"auto, (max-width: 600px) 100vw, 600px\" \/><br \/>\r\n<br \/>\r\nAs inscri\u00e7\u00f5es para a <strong>2\u00aa Escola Brasileira de Din\u00e2mica de Rotores (EBDR 2026)<\/strong> dever\u00e3o ser realizadas por meio do formul\u00e1rio disponibilizado nesta p\u00e1gina.<br \/>\r\n<br \/>\r\nOs valores da taxa de inscri\u00e7\u00e3o seguem a tabela apresentada. Para <strong>membros ativos da ABCM<\/strong>, a inscri\u00e7\u00e3o ser\u00e1 <strong>isenta<\/strong>. Para os <strong>participantes n\u00e3o membros<\/strong>, o pagamento da taxa dever\u00e1 ser efetuado at\u00e9 <strong>04 de setembro de 2026<\/strong>, por meio do link de pagamento que ser\u00e1 disponibilizado em breve.<br \/>\r\n<br \/>\r\nA participa\u00e7\u00e3o na <strong>EBDR 2026<\/strong> n\u00e3o exige a submiss\u00e3o ou a apresenta\u00e7\u00e3o de trabalhos. No entanto, os participantes que desejarem apresentar seus trabalhos na <strong>sess\u00e3o de p\u00f4steres<\/strong> dever\u00e3o consultar as orienta\u00e7\u00f5es, os prazos e os documentos dispon\u00edveis na aba <a href=\"https:\/\/eventos.abcm.org.br\/ebdr2026\/submissao\/\"><strong>SUBMISS\u00c3O<\/strong><\/a>.<br \/>\r\n<br \/>\r\n<a href=\"https:\/\/docs.google.com\/forms\/d\/e\/1FAIpQLSfO-AL34xLY8fhCBh6iiTqtxGKvmuNeotNU5bXTXaxAeoxFZw\/viewform\" target=\"_blank\" rel=\"noopener\">Formul\u00e1rio de inscri\u00e7\u00e3o<\/a><br \/>\r\n<br \/>\r\nSistema de pagamento (em breve).<\/p>\n            <\/div>\n        <\/div>\n    <\/section>\n\n\n\n\n<div style=\"height:100px\" aria-hidden=\"true\" class=\"wp-block-spacer\"><\/div>\n","protected":false},"excerpt":{"rendered":"","protected":false},"author":1,"featured_media":0,"parent":0,"menu_order":0,"comment_status":"closed","ping_status":"closed","template":"","meta":{"footnotes":""},"class_list":["post-1317","page","type-page","status-publish","hentry"],"_links":{"self":[{"href":"https:\/\/eventos.abcm.org.br\/ebdr2026\/wp-json\/wp\/v2\/pages\/1317","targetHints":{"allow":["GET"]}}],"collection":[{"href":"https:\/\/eventos.abcm.org.br\/ebdr2026\/wp-json\/wp\/v2\/pages"}],"about":[{"href":"https:\/\/eventos.abcm.org.br\/ebdr2026\/wp-json\/wp\/v2\/types\/page"}],"author":[{"embeddable":true,"href":"https:\/\/eventos.abcm.org.br\/ebdr2026\/wp-json\/wp\/v2\/users\/1"}],"replies":[{"embeddable":true,"href":"https:\/\/eventos.abcm.org.br\/ebdr2026\/wp-json\/wp\/v2\/comments?post=1317"}],"version-history":[{"count":38,"href":"https:\/\/eventos.abcm.org.br\/ebdr2026\/wp-json\/wp\/v2\/pages\/1317\/revisions"}],"predecessor-version":[{"id":1829,"href":"https:\/\/eventos.abcm.org.br\/ebdr2026\/wp-json\/wp\/v2\/pages\/1317\/revisions\/1829"}],"wp:attachment":[{"href":"https:\/\/eventos.abcm.org.br\/ebdr2026\/wp-json\/wp\/v2\/media?parent=1317"}],"curies":[{"name":"wp","href":"https:\/\/api.w.org\/{rel}","templated":true}]}}