{"id":176,"date":"2024-02-23T14:42:30","date_gmt":"2024-02-23T17:42:30","guid":{"rendered":"http:\/\/localhost\/abcm-wp-event\/?page_id=176"},"modified":"2026-03-31T14:03:17","modified_gmt":"2026-03-31T17:03:17","slug":"bem-vindos","status":"publish","type":"page","link":"https:\/\/eventos.abcm.org.br\/ebdr2026\/bem-vindos\/","title":{"rendered":"Bem Vindos"},"content":{"rendered":"\n    \n        <section class=\"banner-int \" style=\"background-image: url('https:\/\/eventos.abcm.org.br\/ebdr2026\/wp-content\/uploads\/2026\/03\/imagem_home_tratada-e1772634019130.png');\">\n            <div class=\"container-content\">\n                <h2>Bem-Vindos<\/h2>\n                <h3>2\u00aa edi\u00e7\u00e3o da Escola Brasileira de Din\u00e2mica de Rotores<\/h3>\n            <\/div>\n        <\/section>\n\n    \n\n\n\n    <section class=\"\">\n        <div class=\"container-content\">\n            <div class=\"block-text-title \">\n                <h2 class=\"title\"><\/h2>\n                <p>Sejam muito bem-vindos \u00e0 2\u00aa Escola Brasileira de Din\u00e2mica de Rotores (EBDR 2026), que ser\u00e1 realizada nos dias 17 e 18 de setembro de 2026, na Universidade Federal de Uberl\u00e2ndia (UFU), Campus Santa M\u00f4nica, em Uberl\u00e2ndia\/MG. A EBDR 2026 foi concebida como um espa\u00e7o de encontro, aprendizado e integra\u00e7\u00e3o para docentes, pesquisadores, estudantes e profissionais da ind\u00fastria envolvidos com din\u00e2mica de rotores, estruturas girantes e m\u00e1quinas rotativas.<br \/>\r\n<br \/>\r\nNesta segunda edi\u00e7\u00e3o, a programa\u00e7\u00e3o contar\u00e1 com minicursos e palestras ministrados por especialistas, abordando temas relevantes e atuais, al\u00e9m da apresenta\u00e7\u00e3o de trabalhos t\u00e9cnico-cient\u00edficos na modalidade p\u00f4ster. Mais do que um espa\u00e7o para divulga\u00e7\u00e3o de resultados, a EBDR 2026 pretende fortalecer a comunidade brasileira de din\u00e2mica de rotores, estimular novas colabora\u00e7\u00f5es e contribuir para a forma\u00e7\u00e3o de estudantes e profissionais do setor.<br \/>\r\n<br \/>\r\nEsperamos voc\u00eas na EBDR 2026!<\/p>\n            <\/div>\n        <\/div>\n    <\/section>\n\n\n\n\n<div style=\"height:150px\" aria-hidden=\"true\" class=\"wp-block-spacer\"><\/div>\n","protected":false},"excerpt":{"rendered":"","protected":false},"author":1,"featured_media":0,"parent":0,"menu_order":0,"comment_status":"closed","ping_status":"closed","template":"","meta":{"footnotes":""},"class_list":["post-176","page","type-page","status-publish","hentry"],"_links":{"self":[{"href":"https:\/\/eventos.abcm.org.br\/ebdr2026\/wp-json\/wp\/v2\/pages\/176","targetHints":{"allow":["GET"]}}],"collection":[{"href":"https:\/\/eventos.abcm.org.br\/ebdr2026\/wp-json\/wp\/v2\/pages"}],"about":[{"href":"https:\/\/eventos.abcm.org.br\/ebdr2026\/wp-json\/wp\/v2\/types\/page"}],"author":[{"embeddable":true,"href":"https:\/\/eventos.abcm.org.br\/ebdr2026\/wp-json\/wp\/v2\/users\/1"}],"replies":[{"embeddable":true,"href":"https:\/\/eventos.abcm.org.br\/ebdr2026\/wp-json\/wp\/v2\/comments?post=176"}],"version-history":[{"count":122,"href":"https:\/\/eventos.abcm.org.br\/ebdr2026\/wp-json\/wp\/v2\/pages\/176\/revisions"}],"predecessor-version":[{"id":1722,"href":"https:\/\/eventos.abcm.org.br\/ebdr2026\/wp-json\/wp\/v2\/pages\/176\/revisions\/1722"}],"wp:attachment":[{"href":"https:\/\/eventos.abcm.org.br\/ebdr2026\/wp-json\/wp\/v2\/media?parent=176"}],"curies":[{"name":"wp","href":"https:\/\/api.w.org\/{rel}","templated":true}]}}