{"id":1760,"date":"2026-03-31T14:24:33","date_gmt":"2026-03-31T17:24:33","guid":{"rendered":"https:\/\/eventos.abcm.org.br\/ebdr2026\/?page_id=1760"},"modified":"2026-03-31T14:27:16","modified_gmt":"2026-03-31T17:27:16","slug":"acomodacao","status":"publish","type":"page","link":"https:\/\/eventos.abcm.org.br\/ebdr2026\/acomodacao\/","title":{"rendered":"Acomoda\u00e7\u00e3o"},"content":{"rendered":"\n    \n        <section class=\"banner-int \" style=\"background-image: url('https:\/\/eventos.abcm.org.br\/ebdr2026\/wp-content\/uploads\/2026\/03\/imagem_home_tratada-e1772634019130.png');\">\n            <div class=\"container-content\">\n                <h2>Acomoda\u00e7\u00e3o<\/h2>\n                <h3>2\u00aa edi\u00e7\u00e3o da Escola Brasileira de Din\u00e2mica de Rotores<\/h3>\n            <\/div>\n        <\/section>\n\n    \n\n\n\n    <section class=\"\">\n        <div class=\"container-content\">\n            <div class=\"block-text-title \">\n                <h2 class=\"title\"><\/h2>\n                <p><strong>Sanare Hotel<\/strong><br \/>\r\nEndere\u00e7o: Av. Jo\u00e3o Naves de \u00c1vila, 2350, Bairro Saraiva, Uberl\u00e2ndia &#8211; MG, CEP 38408-100<br \/>\r\nTelefone: (34) 3234-4600<br \/>\r\n<br \/>\r\n<strong>Nobile Su\u00edtes Uberl\u00e2ndia<\/strong><br \/>\r\nEndere\u00e7o: Av. Rondon Pacheco, 3500, Bairro Santa Maria, Uberl\u00e2ndia &#8211; MG, CEP 38408-404<br \/>\r\nTelefones: (34) 3230-9003 \/ (34) 3230-9000<br \/>\r\n<br \/>\r\n<strong>Porto Minas Hotel e Conven\u00e7\u00f5es<\/strong><br \/>\r\nEndere\u00e7o: Av. Jo\u00e3o Naves de \u00c1vila, 3685, Jardim Finotti, Uberl\u00e2ndia &#8211; MG, CEP 38408-144<br \/>\r\nTelefone: (34) 3253-6500<br \/>\r\n<br \/>\r\n<strong>Actual House<\/strong><br \/>\r\nEndere\u00e7o: Rua Ant\u00f4nio de Souza Franqueiro, 204, Uberl\u00e2ndia &#8211; MG, CEP 38408-114<br \/>\r\nTelefone: (34) 9989-7657<br \/>\r\n<br \/>\r\n<strong>ibis Uberl\u00e2ndia<\/strong><br \/>\r\nEndere\u00e7o: Av. Jo\u00e3o Naves de \u00c1vila, 1590A, Bairro Santa Maria, Uberl\u00e2ndia &#8211; MG, CEP 38408-100<br \/>\r\nTelefone: (34) 3253-7700<br \/>\r\n<br \/>\r\n<strong>ibis budget Uberl\u00e2ndia<\/strong><br \/>\r\nEndere\u00e7o: Av. Jo\u00e3o Naves de \u00c1vila, 1460, Bairro Saraiva, Uberl\u00e2ndia &#8211; MG, CEP 38408-100<br \/>\r\nTelefone: (34) 2101-3780<br \/>\r\n<br \/>\r\n<strong>Mercure Uberl\u00e2ndia Plaza Shopping Hotel<\/strong><br \/>\r\nEndere\u00e7o: Rua da Bandeira, 400, Bairro Tibery, Uberl\u00e2ndia &#8211; MG, CEP 38405-174<br \/>\r\nTelefone: (34) 3239-8000<\/p>\n            <\/div>\n        <\/div>\n    <\/section>\n\n\n\n\n<div style=\"height:100px\" aria-hidden=\"true\" class=\"wp-block-spacer\"><\/div>\n","protected":false},"excerpt":{"rendered":"","protected":false},"author":1,"featured_media":0,"parent":0,"menu_order":0,"comment_status":"closed","ping_status":"closed","template":"","meta":{"footnotes":""},"class_list":["post-1760","page","type-page","status-publish","hentry"],"_links":{"self":[{"href":"https:\/\/eventos.abcm.org.br\/ebdr2026\/wp-json\/wp\/v2\/pages\/1760","targetHints":{"allow":["GET"]}}],"collection":[{"href":"https:\/\/eventos.abcm.org.br\/ebdr2026\/wp-json\/wp\/v2\/pages"}],"about":[{"href":"https:\/\/eventos.abcm.org.br\/ebdr2026\/wp-json\/wp\/v2\/types\/page"}],"author":[{"embeddable":true,"href":"https:\/\/eventos.abcm.org.br\/ebdr2026\/wp-json\/wp\/v2\/users\/1"}],"replies":[{"embeddable":true,"href":"https:\/\/eventos.abcm.org.br\/ebdr2026\/wp-json\/wp\/v2\/comments?post=1760"}],"version-history":[{"count":4,"href":"https:\/\/eventos.abcm.org.br\/ebdr2026\/wp-json\/wp\/v2\/pages\/1760\/revisions"}],"predecessor-version":[{"id":1768,"href":"https:\/\/eventos.abcm.org.br\/ebdr2026\/wp-json\/wp\/v2\/pages\/1760\/revisions\/1768"}],"wp:attachment":[{"href":"https:\/\/eventos.abcm.org.br\/ebdr2026\/wp-json\/wp\/v2\/media?parent=1760"}],"curies":[{"name":"wp","href":"https:\/\/api.w.org\/{rel}","templated":true}]}}