{"id":178,"date":"2024-02-23T14:43:03","date_gmt":"2024-02-23T17:43:03","guid":{"rendered":"http:\/\/localhost\/abcm-wp-event\/?page_id=178"},"modified":"2026-04-14T18:17:04","modified_gmt":"2026-04-14T21:17:04","slug":"programa","status":"publish","type":"page","link":"https:\/\/eventos.abcm.org.br\/ebdr2026\/programa\/","title":{"rendered":"Programa\u00e7\u00e3o"},"content":{"rendered":"\n    \n        <section class=\"banner-int \" style=\"background-image: url('https:\/\/eventos.abcm.org.br\/ebdr2026\/wp-content\/uploads\/2026\/03\/imagem_home_tratada-e1772634019130.png');\">\n            <div class=\"container-content\">\n                <h2>Programa\u00e7\u00e3o<\/h2>\n                <h3>2\u00aa edi\u00e7\u00e3o da Escola Brasileira de Din\u00e2mica de Rotores<\/h3>\n            <\/div>\n        <\/section>\n\n    \n\n\n\n    <section class=\"\">\n        <div class=\"container-content\">\n            <div class=\"block-text-title \">\n                <h2 class=\"title\"><\/h2>\n                <p><img loading=\"lazy\" decoding=\"async\" class=\"aligncenter size-full wp-image-1775\" src=\"http:\/\/eventos.abcm.org.br\/ebdr2026\/wp-content\/uploads\/2026\/04\/PHOTO-2026-03-31-17-59-38.jpg\" alt=\"\" width=\"898\" height=\"954\" srcset=\"https:\/\/eventos.abcm.org.br\/ebdr2026\/wp-content\/uploads\/2026\/04\/PHOTO-2026-03-31-17-59-38.jpg 898w, https:\/\/eventos.abcm.org.br\/ebdr2026\/wp-content\/uploads\/2026\/04\/PHOTO-2026-03-31-17-59-38-282x300.jpg 282w, https:\/\/eventos.abcm.org.br\/ebdr2026\/wp-content\/uploads\/2026\/04\/PHOTO-2026-03-31-17-59-38-768x816.jpg 768w\" sizes=\"auto, (max-width: 898px) 100vw, 898px\" \/><br \/>\r\n<br \/>\r\n<strong>Aulas<\/strong><br \/>\r\n<br \/>\r\n1. <strong>Fundamentos e Modelagem Din\u00e2mica de Rotores<\/strong> \u2014 Professor Ilmar Ferreira Santos<br \/>\r\n2. <strong>Modelagem de Mancais de Rolamento e Hidrodin\u00e2micos <\/strong>&#8211; Profa. Katia Lucchesi Cavalca Dedini<br \/>\r\n3. <strong>Problemas Inversos Aplicados \u00e0 Din\u00e2mica de Rotores<\/strong> \u2014 Professor Valder Steffen Junior<br \/>\r\n4. <strong>ROSS \u2013 Rotordynamic Open-Source Software<\/strong> \u2014 Engenheiro consultor Raphael Timb\u00f3 Silva (hands-on)<br \/>\r\n5. <strong>M\u00e9todos de An\u00e1lise de Sistemas Rotativos<\/strong> \u2014 Professor Rodrigo Nicoletti<\/p>\n            <\/div>\n        <\/div>\n    <\/section>\n\n\n\n\n<div style=\"height:100px\" aria-hidden=\"true\" class=\"wp-block-spacer\"><\/div>\n","protected":false},"excerpt":{"rendered":"","protected":false},"author":1,"featured_media":0,"parent":0,"menu_order":0,"comment_status":"closed","ping_status":"closed","template":"","meta":{"footnotes":""},"class_list":["post-178","page","type-page","status-publish","hentry"],"_links":{"self":[{"href":"https:\/\/eventos.abcm.org.br\/ebdr2026\/wp-json\/wp\/v2\/pages\/178","targetHints":{"allow":["GET"]}}],"collection":[{"href":"https:\/\/eventos.abcm.org.br\/ebdr2026\/wp-json\/wp\/v2\/pages"}],"about":[{"href":"https:\/\/eventos.abcm.org.br\/ebdr2026\/wp-json\/wp\/v2\/types\/page"}],"author":[{"embeddable":true,"href":"https:\/\/eventos.abcm.org.br\/ebdr2026\/wp-json\/wp\/v2\/users\/1"}],"replies":[{"embeddable":true,"href":"https:\/\/eventos.abcm.org.br\/ebdr2026\/wp-json\/wp\/v2\/comments?post=178"}],"version-history":[{"count":246,"href":"https:\/\/eventos.abcm.org.br\/ebdr2026\/wp-json\/wp\/v2\/pages\/178\/revisions"}],"predecessor-version":[{"id":1839,"href":"https:\/\/eventos.abcm.org.br\/ebdr2026\/wp-json\/wp\/v2\/pages\/178\/revisions\/1839"}],"wp:attachment":[{"href":"https:\/\/eventos.abcm.org.br\/ebdr2026\/wp-json\/wp\/v2\/media?parent=178"}],"curies":[{"name":"wp","href":"https:\/\/api.w.org\/{rel}","templated":true}]}}