{"id":1806,"date":"2026-04-02T11:49:16","date_gmt":"2026-04-02T14:49:16","guid":{"rendered":"https:\/\/eventos.abcm.org.br\/ebdr2026\/?page_id=1806"},"modified":"2026-04-14T18:10:08","modified_gmt":"2026-04-14T21:10:08","slug":"submissao","status":"publish","type":"page","link":"https:\/\/eventos.abcm.org.br\/ebdr2026\/submissao\/","title":{"rendered":"Submiss\u00e3o"},"content":{"rendered":"\n    \n        <section class=\"banner-int \" style=\"background-image: url('https:\/\/eventos.abcm.org.br\/ebdr2026\/wp-content\/uploads\/2026\/03\/imagem_home_tratada-e1772634019130.png');\">\n            <div class=\"container-content\">\n                <h2>Submiss\u00e3o<\/h2>\n                <h3>2\u00aa edi\u00e7\u00e3o da Escola Brasileira de Din\u00e2mica de Rotores<\/h3>\n            <\/div>\n        <\/section>\n\n    \n\n\n\n    <section class=\"\">\n        <div class=\"container-content\">\n            <div class=\"block-text-title \">\n                <h2 class=\"title\"><\/h2>\n                <p>Os participantes interessados em apresentar trabalhos na <strong>sess\u00e3o de p\u00f4steres<\/strong> da <strong>2\u00aa Escola Brasileira de Din\u00e2mica de Rotores (EBDR 2026)<\/strong> dever\u00e3o realizar a submiss\u00e3o de um <strong>resumo estendido<\/strong> por meio do formul\u00e1rio disponibilizado nesta p\u00e1gina.<br \/>\r\n<br \/>\r\nO prazo final para submiss\u00e3o dos <strong>resumos estendidos \u00e9 05 de julho de 2026<\/strong>.<br \/>\r\n<br \/>\r\nApenas os trabalhos apresentados na <strong>sess\u00e3o de p\u00f4steres<\/strong> ser\u00e3o inclu\u00eddos nos <strong>anais da EBDR 2026.<\/strong><br \/>\r\n<br \/>\r\n&nbsp;<br \/>\r\n<br \/>\r\n<a href=\"https:\/\/docs.google.com\/forms\/d\/e\/1FAIpQLSey7wLzfYzQO6LCJMG-z8CunhKGBxLdBismyGBxZRCuPNylFg\/viewform\" target=\"_blank\" rel=\"noopener\">Formul\u00e1rio de submiss\u00e3o<\/a><br \/>\r\n<br \/>\r\n&nbsp;<br \/>\r\n<br \/>\r\n<strong>Templates para o resumo estendido e o p\u00f4ster<\/strong><br \/>\r\n<br \/>\r\n<a href=\"https:\/\/drive.google.com\/uc?export=download&amp;id=1aMwg376CEx72ufD7Cbhi6ciwU8F19-4q\" target=\"_blank\" rel=\"noopener\">Template resumo Word<\/a><br \/>\r\n<br \/>\r\n<a href=\"https:\/\/drive.google.com\/uc?export=download&amp;id=1Zk2i-f6ztRiKOC2PZ1t599MR_m3EIyDk\">Template resumo LateX<\/a><br \/>\r\n<br \/>\r\n<a href=\"https:\/\/drive.google.com\/uc?export=download&amp;id=1Zk43Bm1C3cpP_S9fshFd7nGMhiuZssWO\">Template Poster PowerPoint<\/a><br \/>\r\n<br \/>\r\nOs autores respons\u00e1veis pela apresenta\u00e7\u00e3o dever\u00e3o providenciar a <strong>impress\u00e3o e o transporte do p\u00f4ster<\/strong> at\u00e9 o local do evento.<br \/>\r\n<br \/>\r\nOs p\u00f4steres dever\u00e3o ser confeccionados em <strong>orienta\u00e7\u00e3o vertical<\/strong>, com dimens\u00f5es de <strong>120 cm de altura<\/strong> por <strong>90 cm de largura<\/strong>, em <strong>papel ou lona<\/strong>. Recomenda-se que contenham um <strong>cord\u00e3o para fixa\u00e7\u00e3o<\/strong> nos suportes que ser\u00e3o disponibilizados pela organiza\u00e7\u00e3o.<\/p>\n            <\/div>\n        <\/div>\n    <\/section>\n\n\n\n\n<div style=\"height:100px\" aria-hidden=\"true\" class=\"wp-block-spacer\"><\/div>\n","protected":false},"excerpt":{"rendered":"","protected":false},"author":1,"featured_media":0,"parent":0,"menu_order":0,"comment_status":"closed","ping_status":"closed","template":"","meta":{"footnotes":""},"class_list":["post-1806","page","type-page","status-publish","hentry"],"_links":{"self":[{"href":"https:\/\/eventos.abcm.org.br\/ebdr2026\/wp-json\/wp\/v2\/pages\/1806","targetHints":{"allow":["GET"]}}],"collection":[{"href":"https:\/\/eventos.abcm.org.br\/ebdr2026\/wp-json\/wp\/v2\/pages"}],"about":[{"href":"https:\/\/eventos.abcm.org.br\/ebdr2026\/wp-json\/wp\/v2\/types\/page"}],"author":[{"embeddable":true,"href":"https:\/\/eventos.abcm.org.br\/ebdr2026\/wp-json\/wp\/v2\/users\/1"}],"replies":[{"embeddable":true,"href":"https:\/\/eventos.abcm.org.br\/ebdr2026\/wp-json\/wp\/v2\/comments?post=1806"}],"version-history":[{"count":4,"href":"https:\/\/eventos.abcm.org.br\/ebdr2026\/wp-json\/wp\/v2\/pages\/1806\/revisions"}],"predecessor-version":[{"id":1836,"href":"https:\/\/eventos.abcm.org.br\/ebdr2026\/wp-json\/wp\/v2\/pages\/1806\/revisions\/1836"}],"wp:attachment":[{"href":"https:\/\/eventos.abcm.org.br\/ebdr2026\/wp-json\/wp\/v2\/media?parent=1806"}],"curies":[{"name":"wp","href":"https:\/\/api.w.org\/{rel}","templated":true}]}}