{"id":1311,"date":"2025-04-28T09:37:11","date_gmt":"2025-04-28T12:37:11","guid":{"rendered":"https:\/\/eventos.abcm.org.br\/eeei2025\/?page_id=1311"},"modified":"2026-02-09T13:43:56","modified_gmt":"2026-02-09T16:43:56","slug":"acomodacao","status":"publish","type":"page","link":"https:\/\/eventos.abcm.org.br\/edin2026\/acomodacao\/","title":{"rendered":"Acomoda\u00e7\u00e3o"},"content":{"rendered":"\n    \n        <section class=\"banner-int \" style=\"background-image: url('https:\/\/eventos.abcm.org.br\/edin2026\/wp-content\/uploads\/2026\/01\/Design-sem-nome.png');\">\n            <div class=\"container-content\">\n                <h2>Acomoda\u00e7\u00e3o<\/h2>\n                <h3>2<sup>\u00aa<\/sup> Escola em Din\u00e2mica<\/h3>\n            <\/div>\n        <\/section>\n\n    \n\n\n\n    <section class=\"\">\n        <div class=\"container-content\">\n            <div class=\"block-text-title \">\n                <h2 class=\"title\"><\/h2>\n                <p>Ilha Solteira disp\u00f5e de hot\u00e9is, e recomenda-se realizar as reservas com anteced\u00eancia, devido ao n\u00famero limitado de quartos.<br \/>\r\n<br \/>\r\nHot\u00e9is recomendados:<br \/>\r\n<br \/>\r\n<strong>Bella Vista Park Hotel<\/strong><br \/>\r\nAv. Brasil Sul, 800 \u2014 Centro, Ilha Solteira \u2013 SP, 15385-000<br \/>\r\n(18) 3743-4203<br \/>\r\n<br \/>\r\n<strong>Hotel Urubupung\u00e1<\/strong><br \/>\r\nAv. Brasil Sul, 181 \u2014 Ilha Solteira \u2013 SP, 15385-000<br \/>\r\n(18) 99131-9515<br \/>\r\n<br \/>\r\n<strong>Ilha Palace Hotel<\/strong><br \/>\r\nAv. Brasil Sul, 895 \u2014 Zona Sul, Ilha Solteira \u2013 SP, 15385-112<br \/>\r\n(18) 99610-2800<br \/>\r\n<br \/>\r\nRep\u00fablicas recomendadas:<br \/>\r\n<br \/>\r\n<strong>Rep\u00fablica M\u00e9xicodelas<\/strong><br \/>\r\nTel: (18) 98148-8525 (Anthony)<br \/>\r\n<br \/>\r\n<strong>Rep\u00fablica Overgasmo<\/strong><br \/>\r\nTel: (17) 99731-4199 (Igor)<br \/>\r\n<br \/>\r\n<strong>Rep\u00fablica Cafarnaum<\/strong><br \/>\r\nTel: (16) 98114-5220 (Arthur)<br \/>\r\n<br \/>\r\n&nbsp;<br \/>\r\n<br \/>\r\n<a href=\"https:\/\/www.youtube.com\/watch?v=EGkLzzmjhc0\"><strong>Ilha Solteira &#8211; Conhe\u00e7a nossos encantos<\/strong><\/a><\/p>\n            <\/div>\n        <\/div>\n    <\/section>\n\n\n\n\n<div style=\"height:100px\" aria-hidden=\"true\" class=\"wp-block-spacer\"><\/div>\n","protected":false},"excerpt":{"rendered":"","protected":false},"author":1,"featured_media":0,"parent":0,"menu_order":0,"comment_status":"closed","ping_status":"closed","template":"","meta":{"footnotes":""},"class_list":["post-1311","page","type-page","status-publish","hentry"],"_links":{"self":[{"href":"https:\/\/eventos.abcm.org.br\/edin2026\/wp-json\/wp\/v2\/pages\/1311","targetHints":{"allow":["GET"]}}],"collection":[{"href":"https:\/\/eventos.abcm.org.br\/edin2026\/wp-json\/wp\/v2\/pages"}],"about":[{"href":"https:\/\/eventos.abcm.org.br\/edin2026\/wp-json\/wp\/v2\/types\/page"}],"author":[{"embeddable":true,"href":"https:\/\/eventos.abcm.org.br\/edin2026\/wp-json\/wp\/v2\/users\/1"}],"replies":[{"embeddable":true,"href":"https:\/\/eventos.abcm.org.br\/edin2026\/wp-json\/wp\/v2\/comments?post=1311"}],"version-history":[{"count":41,"href":"https:\/\/eventos.abcm.org.br\/edin2026\/wp-json\/wp\/v2\/pages\/1311\/revisions"}],"predecessor-version":[{"id":1721,"href":"https:\/\/eventos.abcm.org.br\/edin2026\/wp-json\/wp\/v2\/pages\/1311\/revisions\/1721"}],"wp:attachment":[{"href":"https:\/\/eventos.abcm.org.br\/edin2026\/wp-json\/wp\/v2\/media?parent=1311"}],"curies":[{"name":"wp","href":"https:\/\/api.w.org\/{rel}","templated":true}]}}