{"id":185,"date":"2024-02-23T14:44:20","date_gmt":"2024-02-23T17:44:20","guid":{"rendered":"http:\/\/localhost\/abcm-wp-event\/?page_id=185"},"modified":"2026-01-29T12:06:19","modified_gmt":"2026-01-29T15:06:19","slug":"contato","status":"publish","type":"page","link":"https:\/\/eventos.abcm.org.br\/edin2026\/contato\/","title":{"rendered":"Contato"},"content":{"rendered":"\n<div style=\"height:150px\" aria-hidden=\"true\" class=\"wp-block-spacer\"><\/div>\n\n\n\n    \n        <section class=\"\">\n            <div class=\"container-content\">\n\n                <h2 class=\"title\">Contato<\/h2>\n                <p><\/p>\n\n                <div class=\"block-flex block-flex-contact\">\n                    <div class=\"flex-content\">\n                        <div class=\"col col-form\">\n                            <div role=\"form\" class=\"wpcf7\" id=\"wpcf7-f6-o1\" lang=\"pt-BR\" dir=\"ltr\">\n<div class=\"screen-reader-response\"><\/div>\n<form action=\"\/edin2026\/wp-json\/wp\/v2\/pages\/185#wpcf7-f6-o1\" method=\"post\" class=\"wpcf7-form\" novalidate=\"novalidate\">\n<div style=\"display: none;\">\n<input type=\"hidden\" name=\"_wpcf7\" value=\"6\" \/>\n<input type=\"hidden\" name=\"_wpcf7_version\" value=\"5.1.1\" \/>\n<input type=\"hidden\" name=\"_wpcf7_locale\" value=\"pt_BR\" \/>\n<input type=\"hidden\" name=\"_wpcf7_unit_tag\" value=\"wpcf7-f6-o1\" \/>\n<input type=\"hidden\" name=\"_wpcf7_container_post\" value=\"0\" \/>\n<input type=\"hidden\" name=\"g-recaptcha-response\" value=\"\" \/>\n<\/div>\n<div class=\"flex-content\">\n<div class=\"col\">\n        <label for=\"your-name\">Nome<\/label><br \/>\n        <span class=\"wpcf7-form-control-wrap your-name\"><input type=\"text\" name=\"your-name\" value=\"\" size=\"40\" class=\"wpcf7-form-control wpcf7-text wpcf7-validates-as-required\" aria-required=\"true\" aria-invalid=\"false\" \/><\/span>\n    <\/div>\n<div class=\"col\">\n        <label for=\"your-email\">E-mail<\/label><br \/>\n        <span class=\"wpcf7-form-control-wrap your-email\"><input type=\"email\" name=\"your-email\" value=\"\" size=\"40\" class=\"wpcf7-form-control wpcf7-text wpcf7-email wpcf7-validates-as-required wpcf7-validates-as-email\" aria-required=\"true\" aria-invalid=\"false\" \/><\/span>\n    <\/div>\n<\/div>\n<div class=\"flex-content\">\n<div class=\"col\">\n        <label for=\"your-institution\">Institui\u00e7\u00e3o<\/label><br \/>\n        <span class=\"wpcf7-form-control-wrap your-institution\"><input type=\"text\" name=\"your-institution\" value=\"\" size=\"40\" class=\"wpcf7-form-control wpcf7-text\" aria-invalid=\"false\" \/><\/span>\n    <\/div>\n<div class=\"col\">\n        <label for=\"your-subject\">Assunto<\/label><br \/>\n        <span class=\"wpcf7-form-control-wrap your-subject\"><input type=\"text\" name=\"your-subject\" value=\"\" size=\"40\" class=\"wpcf7-form-control wpcf7-text\" aria-invalid=\"false\" \/><\/span>\n    <\/div>\n<\/div>\n<div>\n    <label for=\"your-message\">Mensagem<\/label><br \/>\n    <span class=\"wpcf7-form-control-wrap your-message\"><textarea name=\"your-message\" cols=\"40\" rows=\"10\" class=\"wpcf7-form-control wpcf7-textarea wpcf7-validates-as-required\" aria-required=\"true\" aria-invalid=\"false\"><\/textarea><\/span>\n<\/div>\n<div class=\"box-check\">\n    <span class=\"wpcf7-form-control-wrap your-privacy\"><span class=\"wpcf7-form-control wpcf7-checkbox wpcf7-validates-as-required\" id=\"privacy\"><span class=\"wpcf7-list-item first last\"><input type=\"checkbox\" name=\"your-privacy[]\" value=\"Li e aceito a\" \/><span class=\"wpcf7-list-item-label\">Li e aceito a<\/span><\/span><\/span><\/span><br \/>\n    <label for=\"privacy\"><a href=\"#privacy-modal\" rel=\"modal:open\" data-modal>pol\u00edtica de privacidade<\/a><\/label>\n<\/div>\n<p><input type=\"submit\" value=\"Enviar\" class=\"wpcf7-form-control wpcf7-submit\" \/><\/p>\n<div class=\"wpcf7-response-output wpcf7-display-none\"><\/div><\/form><\/div>                        <\/div>\n                        <div class=\"col col-contact\">\n\n                                                            <div class=\"box-info\">\n                                    <h5>Organiza\u00e7\u00e3o<\/h5>\n                                    <p>UNESP<br \/>\r\n<br \/>\r\n<a href=\"mailto:edin2026.feis@unesp.br\">edin2026.feis@unesp.br<\/a><\/p>\n                                <\/div>\n                                                            <div class=\"box-info\">\n                                    <h5>Promo\u00e7\u00e3o<\/h5>\n                                    <p>Associa\u00e7\u00e3o Brasileira de Engenharia e Ci\u00eancias Mec\u00e2nicas \u2013 ABCM<br \/>\r\n<br \/>\r\nPra\u00e7a Tiradentes, 10\/9\u00ba andar \u2013 Centro<br \/>\r\n20060-070 \u2013 Rio de Janeiro \u2013 RJ<br \/>\r\n<br \/>\r\nTel: (0 xx 21) 2221 0438 | Fax: (0 xx 21) 2509 7128 | Whatsapp: (21) 98985-6292<br \/>\r\n<br \/>\r\n<a href=\"http:\/\/www.abcm.org.br\/\" target=\"_blank\" rel=\"noopener\">www.abcm.org.br | <a href=\"mailto:abcm@abcm.org.br\">abcm@abcm.org.br<\/a><\/p>\n                                <\/div>\n                            \n                        <\/div>\n                    <\/div>\n                <\/div>\n\n            <\/div>\n        <\/section>\n\n        <div id=\"privacy-modal\" class=\"modal\">\n            <h2 class=\"title\">privacy policy<\/h2>\n            <p><\/p>\n            <a href=\"#\" class=\"close-modal\" rel=\"modal:close\">\n                <span class=\"icon-close\"><\/span>\n            <\/a>\n        <\/div>\n\n    \n\n\n\n<div style=\"height:150px\" aria-hidden=\"true\" class=\"wp-block-spacer\"><\/div>\n","protected":false},"excerpt":{"rendered":"","protected":false},"author":1,"featured_media":0,"parent":0,"menu_order":0,"comment_status":"closed","ping_status":"closed","template":"","meta":{"footnotes":""},"class_list":["post-185","page","type-page","status-publish","hentry"],"_links":{"self":[{"href":"https:\/\/eventos.abcm.org.br\/edin2026\/wp-json\/wp\/v2\/pages\/185","targetHints":{"allow":["GET"]}}],"collection":[{"href":"https:\/\/eventos.abcm.org.br\/edin2026\/wp-json\/wp\/v2\/pages"}],"about":[{"href":"https:\/\/eventos.abcm.org.br\/edin2026\/wp-json\/wp\/v2\/types\/page"}],"author":[{"embeddable":true,"href":"https:\/\/eventos.abcm.org.br\/edin2026\/wp-json\/wp\/v2\/users\/1"}],"replies":[{"embeddable":true,"href":"https:\/\/eventos.abcm.org.br\/edin2026\/wp-json\/wp\/v2\/comments?post=185"}],"version-history":[{"count":45,"href":"https:\/\/eventos.abcm.org.br\/edin2026\/wp-json\/wp\/v2\/pages\/185\/revisions"}],"predecessor-version":[{"id":1714,"href":"https:\/\/eventos.abcm.org.br\/edin2026\/wp-json\/wp\/v2\/pages\/185\/revisions\/1714"}],"wp:attachment":[{"href":"https:\/\/eventos.abcm.org.br\/edin2026\/wp-json\/wp\/v2\/media?parent=185"}],"curies":[{"name":"wp","href":"https:\/\/api.w.org\/{rel}","templated":true}]}}