{"id":10,"date":"2016-08-16T15:44:22","date_gmt":"2016-08-16T18:44:22","guid":{"rendered":"http:\/\/192.168.1.8\/mg\/evr\/dynamic\/?page_id=10"},"modified":"2023-06-27T11:12:43","modified_gmt":"2023-06-27T14:12:43","slug":"bem-vindos","status":"publish","type":"page","link":"https:\/\/eventos.abcm.org.br\/ee2023\/sobre\/bem-vindos\/","title":{"rendered":"Bem-vindos"},"content":{"rendered":"<p>O s\u00e9culo XXI ser\u00e1 conhecido como o s\u00e9culo das energias renov\u00e1veis. As tecnologias das novas formas de energia avan\u00e7am a passos largos em diversas dire\u00e7\u00f5es. Gra\u00e7as a abund\u00e2ncia da radia\u00e7\u00e3o solar no territ\u00f3rio brasileiro e outros recursos renov\u00e1veis, o pa\u00eds conta uma janela de oportunidade \u00edmpar de se estabelecer como exemplo em n\u00edvel mundial do uso das renov\u00e1veis. Entre as fontes dispon\u00edveis, a energia solar, biomassa, hidrel\u00e9trica, das ondas, das mar\u00e9s, geot\u00e9rmica e e\u00f3lica podem substituir com sucesso as fontes tradicionais baseadas em petr\u00f3leo, g\u00e1s e carv\u00e3o. Para fazer frente a estes novos desafios, a ABCM \u2013 Associa\u00e7\u00e3o Brasileira de Engenharia e Ci\u00eancias Mec\u00e2nicas tem o prazer de lan\u00e7ar a 1a Escola de Inverno de Energia da ABCM. Nesta primeira edi\u00e7\u00e3o, a \u00eanfase ser\u00e1 as Energias Renov\u00e1veis.<\/p>\n<p>O evento ser\u00e1 realizado nas depend\u00eancias da Escola Polit\u00e9cnica da USP, entre os dias 24 e 27 de julho de 2023. Se voc\u00ea \u00e9 estudante ou profissional atuante na \u00e1rea, ter\u00e1 a oportunidade de ter uma forma\u00e7\u00e3o r\u00e1pida e concisa dos seguintes temas: biomassa, solar, e\u00f3lica e hidrog\u00eanio e armazenamento de energia. Ser\u00e3o 4 aulas concentradas nas manh\u00e3s e o per\u00edodo da tarde ser\u00e3o oferecidas palestras t\u00e9cnico-cient\u00edficas de pesquisadores e profissionais com destaque de atua\u00e7\u00e3o na \u00e1rea.<\/p>\n<p>Fa\u00e7a j\u00e1 a sua <a href=\"https:\/\/eventos.abcm.org.br\/ee2023\/sobre\/inscricoes\/\">inscri\u00e7\u00e3o<\/a>.<\/p>\n<p>Informa\u00e7\u00f5es adicionais, contate o e-mail: <a href=\"mailto:energia2023@usp.br\">energia2023@usp.br<\/a><\/p>\n<p>Contamos com sua presen\u00e7a!<\/p>\n","protected":false},"excerpt":{"rendered":"<p>O s\u00e9culo XXI ser\u00e1 conhecido como o s\u00e9culo das energias renov\u00e1veis. As tecnologias das novas formas de energia avan\u00e7am a passos largos em diversas dire\u00e7\u00f5es. Gra\u00e7as a abund\u00e2ncia da radia\u00e7\u00e3o solar no territ\u00f3rio brasileiro e outros recursos renov\u00e1veis, o pa\u00eds conta uma janela de oportunidade \u00edmpar de se estabelecer como exemplo em n\u00edvel mundial do [&hellip;]<\/p>\n","protected":false},"author":1,"featured_media":0,"parent":8,"menu_order":0,"comment_status":"closed","ping_status":"closed","template":"","meta":{"footnotes":""},"class_list":["post-10","page","type-page","status-publish","hentry"],"_links":{"self":[{"href":"https:\/\/eventos.abcm.org.br\/ee2023\/wp-json\/wp\/v2\/pages\/10","targetHints":{"allow":["GET"]}}],"collection":[{"href":"https:\/\/eventos.abcm.org.br\/ee2023\/wp-json\/wp\/v2\/pages"}],"about":[{"href":"https:\/\/eventos.abcm.org.br\/ee2023\/wp-json\/wp\/v2\/types\/page"}],"author":[{"embeddable":true,"href":"https:\/\/eventos.abcm.org.br\/ee2023\/wp-json\/wp\/v2\/users\/1"}],"replies":[{"embeddable":true,"href":"https:\/\/eventos.abcm.org.br\/ee2023\/wp-json\/wp\/v2\/comments?post=10"}],"version-history":[{"count":76,"href":"https:\/\/eventos.abcm.org.br\/ee2023\/wp-json\/wp\/v2\/pages\/10\/revisions"}],"predecessor-version":[{"id":2113,"href":"https:\/\/eventos.abcm.org.br\/ee2023\/wp-json\/wp\/v2\/pages\/10\/revisions\/2113"}],"up":[{"embeddable":true,"href":"https:\/\/eventos.abcm.org.br\/ee2023\/wp-json\/wp\/v2\/pages\/8"}],"wp:attachment":[{"href":"https:\/\/eventos.abcm.org.br\/ee2023\/wp-json\/wp\/v2\/media?parent=10"}],"curies":[{"name":"wp","href":"https:\/\/api.w.org\/{rel}","templated":true}]}}