{"id":1925,"date":"2021-10-28T11:46:01","date_gmt":"2021-10-28T14:46:01","guid":{"rendered":"https:\/\/eventos.abcm.org.br\/enebi2022\/?page_id=1925"},"modified":"2023-07-03T14:28:49","modified_gmt":"2023-07-03T17:28:49","slug":"inscricoes","status":"publish","type":"page","link":"https:\/\/eventos.abcm.org.br\/ee2023\/sobre\/inscricoes\/","title":{"rendered":"Inscri\u00e7\u00f5es"},"content":{"rendered":"<p>As inscri\u00e7\u00f5es ser\u00e3o realizadas na ordem de envio do e-mail com o comprovante de pagamento, <strong>limite de 200 inscritos*<\/strong>.<\/p>\n<p>O valor da inscri\u00e7\u00e3o \u00e9 de R$50,00 (N\u00e3o-Membro ABCM) e R$40,00 (Membro ABCM).<\/p>\n<p>&nbsp;<\/p>\n<p>Dados Banc\u00e1rios para pagamento da inscri\u00e7\u00e3o:<\/p>\n<p>Associa\u00e7\u00e3o Brasileira de Engenharia e Ci\u00eancias Mec\u00e2nicas \u2013 ABCM<\/p>\n<p>CNPJ\/PIX: 83.431.593\/0001-78<\/p>\n<p>BANCO DO BRASIL (001)<\/p>\n<p>AG\u00caNCIA: 2975-0<\/p>\n<p>CONTA CORRENTE: 211874-2<\/p>\n<p>&nbsp;<\/p>\n<h4><a href=\"http:\/\/eventos.abcm.org.br\/ee2023\/content\/uploads\/2023\/06\/INSCRICAO-ABCM-ESCOLA-DE-ENERGIA-2023.pdf\" target=\"_blank\" rel=\"noopener\">Baixe a ficha de inscri\u00e7\u00e3o aqui<\/a><\/h4>\n<p>&nbsp;<\/p>\n<p><strong>Assim que o pagamento for efetuado, favor enviar a ficha de inscri\u00e7\u00e3o e o comprovante para o e-mail: energia2023@usp.br<\/strong><\/p>\n<p><strong><u>Em caso de cancelamento da inscri\u00e7\u00e3o, o reembolso ser\u00e1 de 70% do valor pago<\/u><\/strong><\/p>\n<p><strong>*<u>Quando atingirmos o n\u00famero m\u00e1ximo inscritos avisaremos no site<\/u><\/strong><\/p>\n","protected":false},"excerpt":{"rendered":"<p>As inscri\u00e7\u00f5es ser\u00e3o realizadas na ordem de envio do e-mail com o comprovante de pagamento, limite de 200 inscritos*. O valor da inscri\u00e7\u00e3o \u00e9 de R$50,00 (N\u00e3o-Membro ABCM) e R$40,00 (Membro ABCM). &nbsp; Dados Banc\u00e1rios para pagamento da inscri\u00e7\u00e3o: Associa\u00e7\u00e3o Brasileira de Engenharia e Ci\u00eancias Mec\u00e2nicas \u2013 ABCM CNPJ\/PIX: 83.431.593\/0001-78 BANCO DO BRASIL (001) AG\u00caNCIA: [&hellip;]<\/p>\n","protected":false},"author":1,"featured_media":0,"parent":8,"menu_order":0,"comment_status":"closed","ping_status":"closed","template":"","meta":{"footnotes":""},"class_list":["post-1925","page","type-page","status-publish","hentry"],"_links":{"self":[{"href":"https:\/\/eventos.abcm.org.br\/ee2023\/wp-json\/wp\/v2\/pages\/1925","targetHints":{"allow":["GET"]}}],"collection":[{"href":"https:\/\/eventos.abcm.org.br\/ee2023\/wp-json\/wp\/v2\/pages"}],"about":[{"href":"https:\/\/eventos.abcm.org.br\/ee2023\/wp-json\/wp\/v2\/types\/page"}],"author":[{"embeddable":true,"href":"https:\/\/eventos.abcm.org.br\/ee2023\/wp-json\/wp\/v2\/users\/1"}],"replies":[{"embeddable":true,"href":"https:\/\/eventos.abcm.org.br\/ee2023\/wp-json\/wp\/v2\/comments?post=1925"}],"version-history":[{"count":19,"href":"https:\/\/eventos.abcm.org.br\/ee2023\/wp-json\/wp\/v2\/pages\/1925\/revisions"}],"predecessor-version":[{"id":2121,"href":"https:\/\/eventos.abcm.org.br\/ee2023\/wp-json\/wp\/v2\/pages\/1925\/revisions\/2121"}],"up":[{"embeddable":true,"href":"https:\/\/eventos.abcm.org.br\/ee2023\/wp-json\/wp\/v2\/pages\/8"}],"wp:attachment":[{"href":"https:\/\/eventos.abcm.org.br\/ee2023\/wp-json\/wp\/v2\/media?parent=1925"}],"curies":[{"name":"wp","href":"https:\/\/api.w.org\/{rel}","templated":true}]}}