{"id":2101,"date":"2023-06-23T14:32:53","date_gmt":"2023-06-23T17:32:53","guid":{"rendered":"https:\/\/eventos.abcm.org.br\/ee2023\/?page_id=2101"},"modified":"2023-06-27T11:10:50","modified_gmt":"2023-06-27T14:10:50","slug":"acomodacao","status":"publish","type":"page","link":"https:\/\/eventos.abcm.org.br\/ee2023\/acomodacao\/","title":{"rendered":"Acomoda\u00e7\u00e3o"},"content":{"rendered":"<p>Para quem precisar de hospedagem para o per\u00edodo do evento, sugerimos o <strong>Hotel GO INN Jaguar\u00e9<\/strong><\/p>\n<p>Endere\u00e7o: Av. Jaguar\u00e9, 1664 &#8211; Jaguar\u00e9, S\u00e3o Paulo &#8211; SP, 05346-000<\/p>\n<p>Telefone: (11) 4395-7010<\/p>\n<p>CUPOM: <strong>USP12<\/strong> para 12% off sobre a tarifa do dia<\/p>\n<p>LINK direto para reserva: <a href=\"https:\/\/atlantica.letsbook.com.br\/d\/publiclink?r=8e3cdb26b354401d9f9acc3db141fa87&amp;p=12%25OFF\">https:\/\/atlantica.letsbook.com.br\/d\/publiclink?r=8e3cdb26b354401d9f9acc3db141fa87&amp;p=12%25OFF<\/a><\/p>\n","protected":false},"excerpt":{"rendered":"<p>Para quem precisar de hospedagem para o per\u00edodo do evento, sugerimos o Hotel GO INN Jaguar\u00e9 Endere\u00e7o: Av. Jaguar\u00e9, 1664 &#8211; Jaguar\u00e9, S\u00e3o Paulo &#8211; SP, 05346-000 Telefone: (11) 4395-7010 CUPOM: USP12 para 12% off sobre a tarifa do dia LINK direto para reserva: https:\/\/atlantica.letsbook.com.br\/d\/publiclink?r=8e3cdb26b354401d9f9acc3db141fa87&amp;p=12%25OFF<\/p>\n","protected":false},"author":1,"featured_media":0,"parent":0,"menu_order":0,"comment_status":"closed","ping_status":"closed","template":"","meta":{"footnotes":""},"class_list":["post-2101","page","type-page","status-publish","hentry"],"_links":{"self":[{"href":"https:\/\/eventos.abcm.org.br\/ee2023\/wp-json\/wp\/v2\/pages\/2101","targetHints":{"allow":["GET"]}}],"collection":[{"href":"https:\/\/eventos.abcm.org.br\/ee2023\/wp-json\/wp\/v2\/pages"}],"about":[{"href":"https:\/\/eventos.abcm.org.br\/ee2023\/wp-json\/wp\/v2\/types\/page"}],"author":[{"embeddable":true,"href":"https:\/\/eventos.abcm.org.br\/ee2023\/wp-json\/wp\/v2\/users\/1"}],"replies":[{"embeddable":true,"href":"https:\/\/eventos.abcm.org.br\/ee2023\/wp-json\/wp\/v2\/comments?post=2101"}],"version-history":[{"count":3,"href":"https:\/\/eventos.abcm.org.br\/ee2023\/wp-json\/wp\/v2\/pages\/2101\/revisions"}],"predecessor-version":[{"id":2107,"href":"https:\/\/eventos.abcm.org.br\/ee2023\/wp-json\/wp\/v2\/pages\/2101\/revisions\/2107"}],"wp:attachment":[{"href":"https:\/\/eventos.abcm.org.br\/ee2023\/wp-json\/wp\/v2\/media?parent=2101"}],"curies":[{"name":"wp","href":"https:\/\/api.w.org\/{rel}","templated":true}]}}