{"id":2079,"date":"2023-11-23T12:58:49","date_gmt":"2023-11-23T15:58:49","guid":{"rendered":"https:\/\/eventos.abcm.org.br\/eptt2024\/?page_id=2079"},"modified":"2024-09-11T11:56:51","modified_gmt":"2024-09-11T14:56:51","slug":"templates","status":"publish","type":"page","link":"https:\/\/eventos.abcm.org.br\/eptt2024\/templates\/","title":{"rendered":"Templates"},"content":{"rendered":"<p>Os templates abaixo devem ser utilizados tanto para o draft paper quanto para o final paper.<\/p>\n<p>&nbsp;<\/p>\n<h3><a href=\"http:\/\/eventos.abcm.org.br\/eptt2024\/content\/uploads\/2023\/12\/Template_EPTT2024_Latex.zip\">Template Latex<\/a><\/h3>\n<h3><\/h3>\n<h3><a href=\"http:\/\/eventos.abcm.org.br\/eptt2024\/content\/uploads\/2023\/12\/Template-EPTT-2024.docx\">Template Word<\/a><\/h3>\n<p>&nbsp;<\/p>\n<h3>Template para o p\u00f4ster<\/h3>\n<p>&nbsp;<\/p>\n<h3><a href=\"http:\/\/eventos.abcm.org.br\/eptt2024\/content\/uploads\/2024\/09\/POSTER_TEMPLATE-EPTT2024-1.pptx\">Template P\u00f4ster &#8211; EPTT2024<\/a><\/h3>\n<p>Todos os p\u00f4steres estar\u00e3o dispon\u00edveis para serem apresentados em todas as sess\u00f5es de Coffee Break. Para fazer jus ao certificado de apresenta\u00e7\u00e3o, o autor-apresentador dever\u00e1 estar dispon\u00edvel para apresenta\u00e7\u00e3o do p\u00f4ster nas sess\u00f5es de Coffee Break de pelo menos um dos dias do evento.<\/p>\n<p>N\u00e3o haver\u00e1 template para as apresenta\u00e7\u00f5es orais.<\/p>\n<p>A apresenta\u00e7\u00e3o de cada trabalho nas sess\u00f5es t\u00e9cnicas ter\u00e1 dura\u00e7\u00e3o de vinte minutos contando o tempo para perguntas e respostas. Recomendamos que, destes vinte minutos, pelo menos cinco minutos fiquem para perguntas e respostas.<\/p>\n","protected":false},"excerpt":{"rendered":"<p>Os templates abaixo devem ser utilizados tanto para o draft paper quanto para o final paper. &nbsp; Template Latex Template Word &nbsp; Template para o p\u00f4ster &nbsp; Template P\u00f4ster &#8211; EPTT2024 Todos os p\u00f4steres estar\u00e3o dispon\u00edveis para serem apresentados em todas as sess\u00f5es de Coffee Break. Para fazer jus ao certificado de apresenta\u00e7\u00e3o, o autor-apresentador [&hellip;]<\/p>\n","protected":false},"author":1,"featured_media":0,"parent":0,"menu_order":0,"comment_status":"closed","ping_status":"closed","template":"","meta":{"footnotes":""},"class_list":["post-2079","page","type-page","status-publish","hentry"],"_links":{"self":[{"href":"https:\/\/eventos.abcm.org.br\/eptt2024\/wp-json\/wp\/v2\/pages\/2079","targetHints":{"allow":["GET"]}}],"collection":[{"href":"https:\/\/eventos.abcm.org.br\/eptt2024\/wp-json\/wp\/v2\/pages"}],"about":[{"href":"https:\/\/eventos.abcm.org.br\/eptt2024\/wp-json\/wp\/v2\/types\/page"}],"author":[{"embeddable":true,"href":"https:\/\/eventos.abcm.org.br\/eptt2024\/wp-json\/wp\/v2\/users\/1"}],"replies":[{"embeddable":true,"href":"https:\/\/eventos.abcm.org.br\/eptt2024\/wp-json\/wp\/v2\/comments?post=2079"}],"version-history":[{"count":12,"href":"https:\/\/eventos.abcm.org.br\/eptt2024\/wp-json\/wp\/v2\/pages\/2079\/revisions"}],"predecessor-version":[{"id":2337,"href":"https:\/\/eventos.abcm.org.br\/eptt2024\/wp-json\/wp\/v2\/pages\/2079\/revisions\/2337"}],"wp:attachment":[{"href":"https:\/\/eventos.abcm.org.br\/eptt2024\/wp-json\/wp\/v2\/media?parent=2079"}],"curies":[{"name":"wp","href":"https:\/\/api.w.org\/{rel}","templated":true}]}}