{"id":1551,"date":"2026-03-03T08:48:41","date_gmt":"2026-03-03T11:48:41","guid":{"rendered":"https:\/\/eventos.abcm.org.br\/eptt2026\/?page_id=1551"},"modified":"2026-03-13T18:51:37","modified_gmt":"2026-03-13T21:51:37","slug":"instrucoes-para-autores","status":"publish","type":"page","link":"https:\/\/eventos.abcm.org.br\/eptt2026\/instrucoes-para-autores\/","title":{"rendered":"Instru\u00e7\u00f5es para autores"},"content":{"rendered":"\n    \n        <section class=\"banner-int \" style=\"background-image: url('https:\/\/eventos.abcm.org.br\/eptt2026\/wp-content\/uploads\/2026\/02\/eptt2026.jpg');\">\n            <div class=\"container-content\">\n                <h2>Instru\u00e7\u00f5es para autores<\/h2>\n                <h3>XV Escola de Primavera de Transi\u00e7\u00e3o e Turbul\u00eancia<\/h3>\n            <\/div>\n        <\/section>\n\n    \n\n\n\n    <section class=\"\">\n        <div class=\"container-content\">\n            <div class=\"block-text-title \">\n                <h2 class=\"title\"><\/h2>\n                <p>Todos os participantes devem submeter um resumo estendido descrevendo sua pesquisa.<br \/>\r\nO formato de apresenta\u00e7\u00e3o adotado na EPTT 2026 \u00e9: <strong>Apresenta\u00e7\u00e3o de P\u00f4ster + Sess\u00e3o Pitch de P\u00f4ster<\/strong><br \/>\r\n<br \/>\r\n<strong>Cada trabalho aceito inclui:<\/strong><br \/>\r\n<ul><br \/>\r\n \t<li>Uma apresenta\u00e7\u00e3o de p\u00f4ster;<\/li><br \/>\r\n \t<li>Uma breve apresenta\u00e7\u00e3o oral de 3 minutos (1\u20133 slides), realizada antes da sess\u00e3o de p\u00f4steres.<\/li><br \/>\r\n<\/ul><br \/>\r\n<strong>A sess\u00e3o de pitch permite que cada participante apresente brevemente:<\/strong><br \/>\r\n<ul><br \/>\r\n \t<li>O problema de pesquisa;<\/li><br \/>\r\n \t<li>A abordagem metodol\u00f3gica;<\/li><br \/>\r\n \t<li>Os principais resultados ou o est\u00e1gio atual do trabalho.<\/li><br \/>\r\n<\/ul><br \/>\r\nAp\u00f3s a sess\u00e3o de pitch, os participantes seguem para a sess\u00e3o interativa de p\u00f4steres, onde ocorre a discuss\u00e3o t\u00e9cnica aprofundada.<\/p>\n            <\/div>\n        <\/div>\n    <\/section>\n\n\n\n\n<div style=\"height:100px\" aria-hidden=\"true\" class=\"wp-block-spacer\"><\/div>\n","protected":false},"excerpt":{"rendered":"","protected":false},"author":1,"featured_media":0,"parent":0,"menu_order":0,"comment_status":"closed","ping_status":"closed","template":"","meta":{"footnotes":""},"class_list":["post-1551","page","type-page","status-publish","hentry"],"_links":{"self":[{"href":"https:\/\/eventos.abcm.org.br\/eptt2026\/wp-json\/wp\/v2\/pages\/1551","targetHints":{"allow":["GET"]}}],"collection":[{"href":"https:\/\/eventos.abcm.org.br\/eptt2026\/wp-json\/wp\/v2\/pages"}],"about":[{"href":"https:\/\/eventos.abcm.org.br\/eptt2026\/wp-json\/wp\/v2\/types\/page"}],"author":[{"embeddable":true,"href":"https:\/\/eventos.abcm.org.br\/eptt2026\/wp-json\/wp\/v2\/users\/1"}],"replies":[{"embeddable":true,"href":"https:\/\/eventos.abcm.org.br\/eptt2026\/wp-json\/wp\/v2\/comments?post=1551"}],"version-history":[{"count":5,"href":"https:\/\/eventos.abcm.org.br\/eptt2026\/wp-json\/wp\/v2\/pages\/1551\/revisions"}],"predecessor-version":[{"id":1664,"href":"https:\/\/eventos.abcm.org.br\/eptt2026\/wp-json\/wp\/v2\/pages\/1551\/revisions\/1664"}],"wp:attachment":[{"href":"https:\/\/eventos.abcm.org.br\/eptt2026\/wp-json\/wp\/v2\/media?parent=1551"}],"curies":[{"name":"wp","href":"https:\/\/api.w.org\/{rel}","templated":true}]}}