{"id":1559,"date":"2026-03-03T08:52:49","date_gmt":"2026-03-03T11:52:49","guid":{"rendered":"https:\/\/eventos.abcm.org.br\/eptt2026\/?page_id=1559"},"modified":"2026-03-13T18:51:29","modified_gmt":"2026-03-13T21:51:29","slug":"1559-2","status":"publish","type":"page","link":"https:\/\/eventos.abcm.org.br\/eptt2026\/1559-2\/","title":{"rendered":"Submiss\u00f5es"},"content":{"rendered":"\n    \n        <section class=\"banner-int \" style=\"background-image: url('https:\/\/eventos.abcm.org.br\/eptt2026\/wp-content\/uploads\/2026\/02\/eptt2026.jpg');\">\n            <div class=\"container-content\">\n                <h2>Submiss\u00f5es<\/h2>\n                <h3>XV Escola de Primavera de Transi\u00e7\u00e3o e Turbul\u00eancia<\/h3>\n            <\/div>\n        <\/section>\n\n    \n\n\n\n    <section class=\"\">\n        <div class=\"container-content\">\n            <div class=\"block-text-title \">\n                <h2 class=\"title\"><\/h2>\n                <p>Todos os trabalhos devem ser submetidos na forma de <strong>resumo estendido<\/strong>.<br \/>\r\n<br \/>\r\nOs resumos devem ser preparados utilizando o modelo oficial em <a href=\"https:\/\/eventos.abcm.org.br\/eptt2026\/wp-content\/uploads\/2026\/03\/Template-EPTT2026.zip\">Latex<\/a>. Os autores devem seguir rigorosamente as instru\u00e7\u00f5es de formata\u00e7\u00e3o contidas no modelo.<br \/>\r\n<br \/>\r\nO resumo estendido deve ter no m\u00e1ximo <strong>duas p\u00e1ginas<\/strong>, incluindo figuras e refer\u00eancias.<br \/>\r\n<br \/>\r\nEm breve, mais informa\u00e7\u00f5es!<\/p>\n            <\/div>\n        <\/div>\n    <\/section>\n\n\n\n\n<div style=\"height:100px\" aria-hidden=\"true\" class=\"wp-block-spacer\"><\/div>\n","protected":false},"excerpt":{"rendered":"","protected":false},"author":1,"featured_media":0,"parent":0,"menu_order":0,"comment_status":"closed","ping_status":"closed","template":"","meta":{"footnotes":""},"class_list":["post-1559","page","type-page","status-publish","hentry"],"_links":{"self":[{"href":"https:\/\/eventos.abcm.org.br\/eptt2026\/wp-json\/wp\/v2\/pages\/1559","targetHints":{"allow":["GET"]}}],"collection":[{"href":"https:\/\/eventos.abcm.org.br\/eptt2026\/wp-json\/wp\/v2\/pages"}],"about":[{"href":"https:\/\/eventos.abcm.org.br\/eptt2026\/wp-json\/wp\/v2\/types\/page"}],"author":[{"embeddable":true,"href":"https:\/\/eventos.abcm.org.br\/eptt2026\/wp-json\/wp\/v2\/users\/1"}],"replies":[{"embeddable":true,"href":"https:\/\/eventos.abcm.org.br\/eptt2026\/wp-json\/wp\/v2\/comments?post=1559"}],"version-history":[{"count":10,"href":"https:\/\/eventos.abcm.org.br\/eptt2026\/wp-json\/wp\/v2\/pages\/1559\/revisions"}],"predecessor-version":[{"id":1662,"href":"https:\/\/eventos.abcm.org.br\/eptt2026\/wp-json\/wp\/v2\/pages\/1559\/revisions\/1662"}],"wp:attachment":[{"href":"https:\/\/eventos.abcm.org.br\/eptt2026\/wp-json\/wp\/v2\/media?parent=1559"}],"curies":[{"name":"wp","href":"https:\/\/api.w.org\/{rel}","templated":true}]}}