{"id":1565,"date":"2026-03-03T08:54:15","date_gmt":"2026-03-03T11:54:15","guid":{"rendered":"https:\/\/eventos.abcm.org.br\/eptt2026\/?page_id=1565"},"modified":"2026-03-13T18:51:21","modified_gmt":"2026-03-13T21:51:21","slug":"programa","status":"publish","type":"page","link":"https:\/\/eventos.abcm.org.br\/eptt2026\/programa\/","title":{"rendered":"Programa"},"content":{"rendered":"\n    \n        <section class=\"banner-int \" style=\"background-image: url('https:\/\/eventos.abcm.org.br\/eptt2026\/wp-content\/uploads\/2026\/02\/eptt2026.jpg');\">\n            <div class=\"container-content\">\n                <h2>Programa<\/h2>\n                <h3>XV Escola de Primavera de Transi\u00e7\u00e3o e Turbul\u00eancia<\/h3>\n            <\/div>\n        <\/section>\n\n    \n\n\n\n    <section class=\"\">\n        <div class=\"container-content\">\n            <div class=\"block-text-title \">\n                <h2 class=\"title\">Em breve<\/h2>\n                <p><\/p>\n            <\/div>\n        <\/div>\n    <\/section>\n\n","protected":false},"excerpt":{"rendered":"","protected":false},"author":1,"featured_media":0,"parent":0,"menu_order":0,"comment_status":"closed","ping_status":"closed","template":"","meta":{"footnotes":""},"class_list":["post-1565","page","type-page","status-publish","hentry"],"_links":{"self":[{"href":"https:\/\/eventos.abcm.org.br\/eptt2026\/wp-json\/wp\/v2\/pages\/1565","targetHints":{"allow":["GET"]}}],"collection":[{"href":"https:\/\/eventos.abcm.org.br\/eptt2026\/wp-json\/wp\/v2\/pages"}],"about":[{"href":"https:\/\/eventos.abcm.org.br\/eptt2026\/wp-json\/wp\/v2\/types\/page"}],"author":[{"embeddable":true,"href":"https:\/\/eventos.abcm.org.br\/eptt2026\/wp-json\/wp\/v2\/users\/1"}],"replies":[{"embeddable":true,"href":"https:\/\/eventos.abcm.org.br\/eptt2026\/wp-json\/wp\/v2\/comments?post=1565"}],"version-history":[{"count":4,"href":"https:\/\/eventos.abcm.org.br\/eptt2026\/wp-json\/wp\/v2\/pages\/1565\/revisions"}],"predecessor-version":[{"id":1658,"href":"https:\/\/eventos.abcm.org.br\/eptt2026\/wp-json\/wp\/v2\/pages\/1565\/revisions\/1658"}],"wp:attachment":[{"href":"https:\/\/eventos.abcm.org.br\/eptt2026\/wp-json\/wp\/v2\/media?parent=1565"}],"curies":[{"name":"wp","href":"https:\/\/api.w.org\/{rel}","templated":true}]}}