{"id":1641,"date":"2026-03-10T15:38:24","date_gmt":"2026-03-10T18:38:24","guid":{"rendered":"https:\/\/eventos.abcm.org.br\/eptt2026\/?page_id=1641"},"modified":"2026-03-13T18:51:17","modified_gmt":"2026-03-13T21:51:17","slug":"localizacao","status":"publish","type":"page","link":"https:\/\/eventos.abcm.org.br\/eptt2026\/localizacao\/","title":{"rendered":"Localiza\u00e7\u00e3o"},"content":{"rendered":"\n    \n        <section class=\"banner-int \" style=\"background-image: url('https:\/\/eventos.abcm.org.br\/eptt2026\/wp-content\/uploads\/2026\/02\/eptt2026.jpg');\">\n            <div class=\"container-content\">\n                <h2>Localiza\u00e7\u00e3o<\/h2>\n                <h3>XV Escola de Primavera de Transi\u00e7\u00e3o e Turbul\u00eancia<\/h3>\n            <\/div>\n        <\/section>\n\n    \n\n\n\n    <section class=\"\">\n        <div class=\"container-content\">\n            <div class=\"block-text-title \">\n                <h2 class=\"title\"><\/h2>\n                <p><strong><a href=\"https:\/\/www.google.com\/maps\/place\/UFF+-+N%C3%BAcleo+de+Estudos+em+Biomassa+e+Gerenciamento+de+%C3%81guas\/@-22.906929,-43.1328185,17z\/data=!3m1!4b1!4m6!3m5!1s0x99817ecda45a11:0xd356fe0d82ed0f32!8m2!3d-22.906929!4d-43.1328185!16s%2Fg%2F11cn5nfvq9?entry=ttu&amp;g_ep=EgoyMDI2MDMwOS4wIKXMDSoASAFQAw%3D%3D\">Endere\u00e7o: Rua Edmundo March S\/n Campus da Praia Vermelha, Niter\u00f3i &#8211; RJ, 24210-310<\/a><\/strong><br \/>\r\n<br \/>\r\n<img loading=\"lazy\" decoding=\"async\" class=\"aligncenter wp-image-1642 size-full\" src=\"https:\/\/eventos.abcm.org.br\/eptt2026\/wp-content\/uploads\/2026\/03\/image.png\" alt=\"\" width=\"680\" height=\"477\" srcset=\"https:\/\/eventos.abcm.org.br\/eptt2026\/wp-content\/uploads\/2026\/03\/image.png 680w, https:\/\/eventos.abcm.org.br\/eptt2026\/wp-content\/uploads\/2026\/03\/image-300x210.png 300w\" sizes=\"auto, (max-width: 680px) 100vw, 680px\" \/><\/p>\n            <\/div>\n        <\/div>\n    <\/section>\n\n\n\n\n<div style=\"height:100px\" aria-hidden=\"true\" class=\"wp-block-spacer\"><\/div>\n","protected":false},"excerpt":{"rendered":"","protected":false},"author":1,"featured_media":0,"parent":0,"menu_order":0,"comment_status":"closed","ping_status":"closed","template":"","meta":{"footnotes":""},"class_list":["post-1641","page","type-page","status-publish","hentry"],"_links":{"self":[{"href":"https:\/\/eventos.abcm.org.br\/eptt2026\/wp-json\/wp\/v2\/pages\/1641","targetHints":{"allow":["GET"]}}],"collection":[{"href":"https:\/\/eventos.abcm.org.br\/eptt2026\/wp-json\/wp\/v2\/pages"}],"about":[{"href":"https:\/\/eventos.abcm.org.br\/eptt2026\/wp-json\/wp\/v2\/types\/page"}],"author":[{"embeddable":true,"href":"https:\/\/eventos.abcm.org.br\/eptt2026\/wp-json\/wp\/v2\/users\/1"}],"replies":[{"embeddable":true,"href":"https:\/\/eventos.abcm.org.br\/eptt2026\/wp-json\/wp\/v2\/comments?post=1641"}],"version-history":[{"count":8,"href":"https:\/\/eventos.abcm.org.br\/eptt2026\/wp-json\/wp\/v2\/pages\/1641\/revisions"}],"predecessor-version":[{"id":1656,"href":"https:\/\/eventos.abcm.org.br\/eptt2026\/wp-json\/wp\/v2\/pages\/1641\/revisions\/1656"}],"wp:attachment":[{"href":"https:\/\/eventos.abcm.org.br\/eptt2026\/wp-json\/wp\/v2\/media?parent=1641"}],"curies":[{"name":"wp","href":"https:\/\/api.w.org\/{rel}","templated":true}]}}