{"id":176,"date":"2024-02-23T14:42:30","date_gmt":"2024-02-23T17:42:30","guid":{"rendered":"http:\/\/localhost\/abcm-wp-event\/?page_id=176"},"modified":"2026-03-13T18:51:53","modified_gmt":"2026-03-13T21:51:53","slug":"bem-vindos","status":"publish","type":"page","link":"https:\/\/eventos.abcm.org.br\/eptt2026\/bem-vindos\/","title":{"rendered":"Bem Vindos"},"content":{"rendered":"\n    \n        <section class=\"banner-int \" style=\"background-image: url('https:\/\/eventos.abcm.org.br\/eptt2026\/wp-content\/uploads\/2026\/02\/eptt2026.jpg');\">\n            <div class=\"container-content\">\n                <h2>Bem Vindos<\/h2>\n                <h3>XV Escola de Primavera de Transi\u00e7\u00e3o e Turbul\u00eancia<\/h3>\n            <\/div>\n        <\/section>\n\n    \n\n\n\n    <section class=\"\">\n        <div class=\"container-content\">\n            <div class=\"block-text-title \">\n                <h2 class=\"title\"><\/h2>\n                <p>A <strong>Escola de Primavera de Transi\u00e7\u00e3o e Turbul\u00eancia (EPTT<\/strong>) \u00e9 um encontro tradicional organizado pela Associa\u00e7\u00e3o Brasileira de Engenharia e Ci\u00eancias Mec\u00e2nicas (ABCM) que re\u00fane pesquisadores, estudantes e profissionais interessados nos fen\u00f4menos de <strong>transi\u00e7\u00e3o e turbul\u00eancia em escoamentos<\/strong>.<br \/>\r\n<br \/>\r\nA escola tem como objetivo promover a <strong>troca de conhecimentos, a forma\u00e7\u00e3o de estudantes e o fortalecimento de colabora\u00e7\u00f5es cient\u00edficas<\/strong> na \u00e1rea de mec\u00e2nica dos fluidos. A EPTT busca preencher lacunas na forma\u00e7\u00e3o em t\u00f3picos avan\u00e7ados, oferecendo um ambiente prop\u00edcio para a discuss\u00e3o de problemas fundamentais e aplica\u00e7\u00f5es modernas relacionadas \u00e0 transi\u00e7\u00e3o laminar-turbulenta e \u00e0 turbul\u00eancia.<br \/>\r\n<br \/>\r\nO evento combina <strong>palestras convidadas nacionais e internacionais, apresenta\u00e7\u00f5es de trabalhos e sess\u00f5es interativas<\/strong>, criando um espa\u00e7o de aprendizado e intera\u00e7\u00e3o entre pesquisadores experientes e jovens cientistas. As sess\u00f5es de apresenta\u00e7\u00e3o incluem <strong>pitch sessions e sess\u00f5es interativas de p\u00f4steres<\/strong>, estimulando discuss\u00f5es cient\u00edficas e o interc\u00e2mbio de ideias.<br \/>\r\n<br \/>\r\nConvidamos estudantes, pesquisadores e profissionais da \u00e1rea a participarem da EPTT, submetendo seus trabalhos e integrando este ambiente de colabora\u00e7\u00e3o e desenvolvimento cient\u00edfico.<\/p>\n            <\/div>\n        <\/div>\n    <\/section>\n\n\n\n\n<div style=\"height:150px\" aria-hidden=\"true\" class=\"wp-block-spacer\"><\/div>\n","protected":false},"excerpt":{"rendered":"","protected":false},"author":1,"featured_media":0,"parent":0,"menu_order":0,"comment_status":"closed","ping_status":"closed","template":"","meta":{"footnotes":""},"class_list":["post-176","page","type-page","status-publish","hentry"],"_links":{"self":[{"href":"https:\/\/eventos.abcm.org.br\/eptt2026\/wp-json\/wp\/v2\/pages\/176","targetHints":{"allow":["GET"]}}],"collection":[{"href":"https:\/\/eventos.abcm.org.br\/eptt2026\/wp-json\/wp\/v2\/pages"}],"about":[{"href":"https:\/\/eventos.abcm.org.br\/eptt2026\/wp-json\/wp\/v2\/types\/page"}],"author":[{"embeddable":true,"href":"https:\/\/eventos.abcm.org.br\/eptt2026\/wp-json\/wp\/v2\/users\/1"}],"replies":[{"embeddable":true,"href":"https:\/\/eventos.abcm.org.br\/eptt2026\/wp-json\/wp\/v2\/comments?post=176"}],"version-history":[{"count":111,"href":"https:\/\/eventos.abcm.org.br\/eptt2026\/wp-json\/wp\/v2\/pages\/176\/revisions"}],"predecessor-version":[{"id":1668,"href":"https:\/\/eventos.abcm.org.br\/eptt2026\/wp-json\/wp\/v2\/pages\/176\/revisions\/1668"}],"wp:attachment":[{"href":"https:\/\/eventos.abcm.org.br\/eptt2026\/wp-json\/wp\/v2\/media?parent=176"}],"curies":[{"name":"wp","href":"https:\/\/api.w.org\/{rel}","templated":true}]}}