{"id":1126,"date":"2024-09-06T14:16:45","date_gmt":"2024-09-06T17:16:45","guid":{"rendered":"https:\/\/eventos.abcm.org.br\/cobef2025\/?page_id=1126"},"modified":"2025-10-27T09:14:11","modified_gmt":"2025-10-27T12:14:11","slug":"comite-cientifico","status":"publish","type":"page","link":"https:\/\/eventos.abcm.org.br\/evr2026\/comite-cientifico\/","title":{"rendered":"Comit\u00ea Cient\u00edfico"},"content":{"rendered":"\n    \n        <section class=\"banner-int \" style=\"background-image: url('https:\/\/eventos.abcm.org.br\/evr2026\/wp-content\/uploads\/2025\/06\/banner.jpg');\">\n            <div class=\"container-content\">\n                <h2>Comit\u00ea Cient\u00edfico<\/h2>\n                <h3>8\u00aa Escola de Ver\u00e3o de Refrigera\u00e7\u00e3o<\/h3>\n            <\/div>\n        <\/section>\n\n    \n\n\n\n    \n        <section class=\"bg-sc-bt \">\n            <div class=\"container-content\">\n                <h2 class=\"title\"><\/h2>\n                <div class=\"block-list-committee\">\n                    <ul>\n\n                                                    <li>\n                                <div class=\"text\">\n                                    <h4 class=\"name\">Diogo Londero \u2013 UFSC<\/h4>\n                                    <span><\/span>\n                                <\/div>\n                            <\/li>\n                                                    <li>\n                                <div class=\"text\">\n                                    <h4 class=\"name\">Jo\u00e3o Pimenta &#8211; UNB<\/h4>\n                                    <span><\/span>\n                                <\/div>\n                            <\/li>\n                                                    <li>\n                                <div class=\"text\">\n                                    <h4 class=\"name\">F\u00e1bio Kanizawa \u2013 UNICAMP<\/h4>\n                                    <span><\/span>\n                                <\/div>\n                            <\/li>\n                                                    <li>\n                                <div class=\"text\">\n                                    <h4 class=\"name\">Jos\u00e9 Ricardo Ferreira Oliveira &#8211; UFVJM<\/h4>\n                                    <span><\/span>\n                                <\/div>\n                            <\/li>\n                                                \n                    <\/ul>\n                <\/div>\n            <\/div>\n        <\/section>\n\n    \n\n\n\n<div style=\"height:100px\" aria-hidden=\"true\" class=\"wp-block-spacer\"><\/div>\n","protected":false},"excerpt":{"rendered":"","protected":false},"author":1,"featured_media":0,"parent":0,"menu_order":0,"comment_status":"closed","ping_status":"closed","template":"","meta":{"footnotes":""},"class_list":["post-1126","page","type-page","status-publish","hentry"],"_links":{"self":[{"href":"https:\/\/eventos.abcm.org.br\/evr2026\/wp-json\/wp\/v2\/pages\/1126","targetHints":{"allow":["GET"]}}],"collection":[{"href":"https:\/\/eventos.abcm.org.br\/evr2026\/wp-json\/wp\/v2\/pages"}],"about":[{"href":"https:\/\/eventos.abcm.org.br\/evr2026\/wp-json\/wp\/v2\/types\/page"}],"author":[{"embeddable":true,"href":"https:\/\/eventos.abcm.org.br\/evr2026\/wp-json\/wp\/v2\/users\/1"}],"replies":[{"embeddable":true,"href":"https:\/\/eventos.abcm.org.br\/evr2026\/wp-json\/wp\/v2\/comments?post=1126"}],"version-history":[{"count":28,"href":"https:\/\/eventos.abcm.org.br\/evr2026\/wp-json\/wp\/v2\/pages\/1126\/revisions"}],"predecessor-version":[{"id":1431,"href":"https:\/\/eventos.abcm.org.br\/evr2026\/wp-json\/wp\/v2\/pages\/1126\/revisions\/1431"}],"wp:attachment":[{"href":"https:\/\/eventos.abcm.org.br\/evr2026\/wp-json\/wp\/v2\/media?parent=1126"}],"curies":[{"name":"wp","href":"https:\/\/api.w.org\/{rel}","templated":true}]}}